{"id":8228,"date":"2022-07-11T22:26:53","date_gmt":"2022-07-12T03:26:53","guid":{"rendered":"https:\/\/gracepointestcloud.com\/?page_id=8228"},"modified":"2022-07-29T14:30:18","modified_gmt":"2022-07-29T19:30:18","slug":"supplemental-statements","status":"publish","type":"page","link":"https:\/\/gracepointestcloud.com\/es\/declaraciones-complementarias","title":{"rendered":"Declaraciones complementarias"},"content":{"rendered":"<style type=\"text\/css\">\n.wp-block-quote {font-size: 15px; line-height: 22px; margin-bottom: 10px;}\nh2 {margin-bottom: 5px;}\n<\/style>\n<p>Las siguientes declaraciones no sustituyen a las de Grace Pointe Church <a href=\"\/es\/declaracion-de-fe\/\">Declaraci\u00f3n de fe<\/a>Pero sirven para profundizar en cuestiones importantes para nuestro contexto cultural y ministerial. <\/p>\n\n\n\n<p> <\/p>\n\n\n\n<h2 class=\"wp-block-heading\" id=\"the-word-of-god\">Declaraci\u00f3n sobre la inerrancia y la interpretaci\u00f3n b\u00edblicas<\/h2>\n\n\n\n<p>Objetivo de esta declaraci\u00f3n:<br><em>La autoridad de las Escrituras es una cuesti\u00f3n clave para la Iglesia cristiana en \u00e9sta y en todas las \u00e9pocas. Los que profesan la fe en Jesucristo como Se\u00f1or y Salvador est\u00e1n llamados a mostrar la realidad de su discipulado obedeciendo humilde y fielmente la Palabra escrita de Dios. Apartarse de las Escrituras en la fe o en la conducta es deslealtad a nuestro Maestro. El reconocimiento de la verdad total y de la fiabilidad de la Sagrada Escritura es esencial para una comprensi\u00f3n plena y una confesi\u00f3n adecuada de su autoridad.<\/em><\/p>\n\n\n\n<div class=\"wp-block-buttons is-content-justification-left is-layout-flex wp-container-core-buttons-is-layout-fdcfc74e wp-block-buttons-is-layout-flex\">\n<div class=\"wp-block-button\"><a class=\"wp-block-button__link has-color-3-background-color has-background\" href=\"https:\/\/bit.ly\/GPCStatementonBiblicalInerrancy\">Descargar esta declaraci\u00f3n<\/a><\/div>\n<\/div>\n\n\n\n<p><\/p>\n\n\n\n<h2 class=\"wp-block-heading\" id=\"the-trinity\"><br><br>Declaraci\u00f3n sobre sexualidad y matrimonio<\/h2>\n\n\n\n<p>Objetivo de esta declaraci\u00f3n:<br><em>A medida que la cultura que nos rodea se aleja de las ideas m\u00e1s b\u00edblicas sobre la sexualidad y el matrimonio, es importante que la iglesia no se mueva en la misma direcci\u00f3n. Esta declaraci\u00f3n est\u00e1 dedicada a ayudar a la iglesia a mantener una visi\u00f3n b\u00edblica de estos asuntos, para que podamos comunicar la verdad a la cultura que nos rodea.<\/em><\/p>\n\n\n\n<div class=\"wp-block-buttons is-content-justification-left is-layout-flex wp-container-core-buttons-is-layout-fdcfc74e wp-block-buttons-is-layout-flex\">\n<div class=\"wp-block-button\"><a class=\"wp-block-button__link has-color-3-background-color has-background\" href=\"https:\/\/bit.ly\/GPCStatementonSexualityandMarriage\">Descargar esta declaraci\u00f3n<\/a><\/div>\n<\/div>\n\n\n\n<h2 class=\"wp-block-heading\" id=\"the-father\"><br><br>Declaraci\u00f3n sobre la armon\u00eda \u00e9tnica<\/h2>\n\n\n\n<p>Objetivo de esta declaraci\u00f3n:<br><em>Las cuestiones relativas a la etnicidad son particularmente importantes para la cultura estadounidense y es importante que la Iglesia tenga un firme conocimiento de las ense\u00f1anzas antropol\u00f3gicas de la Biblia, para que podamos comunicar la verdad a nuestra comunidad y al mundo.<\/em><\/p>\n\n\n\n<div class=\"wp-block-buttons is-content-justification-left is-layout-flex wp-container-core-buttons-is-layout-fdcfc74e wp-block-buttons-is-layout-flex\">\n<div class=\"wp-block-button\"><a class=\"wp-block-button__link has-color-3-background-color has-background\" href=\"https:\/\/bit.ly\/GPCStatementonEthnicHarmony\">Descargar esta declaraci\u00f3n<\/a><\/div>\n<\/div>\n\n\n\n<br><br>","protected":false},"excerpt":{"rendered":"<p>Las siguientes declaraciones no sustituyen la Declaraci\u00f3n de Fe de Grace Pointe Church, sino que sirven para profundizar en asuntos importantes para nuestro contexto cultural y ministerial. Declaraci\u00f3n sobre Inerrancia e Interpretaci\u00f3n B\u00edblica Prop\u00f3sito de esta declaraci\u00f3n:La autoridad de las Escrituras es un asunto clave para la Iglesia Cristiana en esta y en todas las \u00e9pocas. Quienes profesan la fe...<\/p>","protected":false},"author":1,"featured_media":6267,"parent":0,"menu_order":0,"comment_status":"closed","ping_status":"closed","template":"","meta":{"footnotes":""},"class_list":["post-8228","page","type-page","status-publish","has-post-thumbnail","hentry"],"yoast_head":"<!-- This site is optimized with the Yoast SEO plugin v23.6 - https:\/\/yoast.com\/wordpress\/plugins\/seo\/ -->\n<title>Supplemental Statements | Grace Pointe Church, Saint Cloud, Fl<\/title>\n<meta name=\"robots\" content=\"index, follow, max-snippet:-1, max-image-preview:large, max-video-preview:-1\" \/>\n<link rel=\"canonical\" href=\"https:\/\/gracepointestcloud.com\/es\/declaraciones-complementarias\" \/>\n<meta property=\"og:locale\" content=\"es_ES\" \/>\n<meta property=\"og:type\" content=\"article\" \/>\n<meta property=\"og:title\" content=\"Supplemental Statements | Grace Pointe Church, Saint Cloud, Fl\" \/>\n<meta property=\"og:description\" content=\"The following statements do not supersede Grace Pointe Church&#8217;s Statement of Faith, but serve to elaborate on matters important to our cultural and ministry context. Statement on Biblical Inerrancy and Interpretation Purpose of this statement:The authority of Scripture is a key issue for the Christian Church in this and every age. Those who profess faith...\" \/>\n<meta property=\"og:url\" content=\"https:\/\/gracepointestcloud.com\/es\/declaraciones-complementarias\" \/>\n<meta property=\"og:site_name\" content=\"Grace Pointe Church, Saint Cloud, Fl\" \/>\n<meta property=\"article:publisher\" content=\"https:\/\/www.facebook.com\/gracepointechurchstcloud\" \/>\n<meta property=\"article:modified_time\" content=\"2022-07-29T19:30:18+00:00\" \/>\n<meta property=\"og:image\" content=\"https:\/\/gracepointestcloud.com\/wp-content\/uploads\/2022\/02\/Yoast_StatementofFaith.png\" \/>\n\t<meta property=\"og:image:width\" content=\"1995\" \/>\n\t<meta property=\"og:image:height\" content=\"1163\" \/>\n\t<meta property=\"og:image:type\" content=\"image\/png\" \/>\n<meta name=\"twitter:card\" content=\"summary_large_image\" \/>\n<meta name=\"twitter:label1\" content=\"Tiempo de lectura\" \/>\n\t<meta name=\"twitter:data1\" content=\"2 minutos\" \/>\n<script type=\"application\/ld+json\" class=\"yoast-schema-graph\">{\"@context\":\"https:\/\/schema.org\",\"@graph\":[{\"@type\":\"WebPage\",\"@id\":\"https:\/\/gracepointestcloud.com\/supplemental-statements\",\"url\":\"https:\/\/gracepointestcloud.com\/supplemental-statements\",\"name\":\"Supplemental Statements | Grace Pointe Church, Saint Cloud, Fl\",\"isPartOf\":{\"@id\":\"https:\/\/gracepointestcloud.com\/#website\"},\"primaryImageOfPage\":{\"@id\":\"https:\/\/gracepointestcloud.com\/supplemental-statements#primaryimage\"},\"image\":{\"@id\":\"https:\/\/gracepointestcloud.com\/supplemental-statements#primaryimage\"},\"thumbnailUrl\":\"https:\/\/gracepointestcloud.com\/wp-content\/uploads\/2022\/02\/Yoast_StatementofFaith.png\",\"datePublished\":\"2022-07-12T03:26:53+00:00\",\"dateModified\":\"2022-07-29T19:30:18+00:00\",\"breadcrumb\":{\"@id\":\"https:\/\/gracepointestcloud.com\/supplemental-statements#breadcrumb\"},\"inLanguage\":\"es\",\"potentialAction\":[{\"@type\":\"ReadAction\",\"target\":[\"https:\/\/gracepointestcloud.com\/supplemental-statements\"]}]},{\"@type\":\"ImageObject\",\"inLanguage\":\"es\",\"@id\":\"https:\/\/gracepointestcloud.com\/supplemental-statements#primaryimage\",\"url\":\"https:\/\/gracepointestcloud.com\/wp-content\/uploads\/2022\/02\/Yoast_StatementofFaith.png\",\"contentUrl\":\"https:\/\/gracepointestcloud.com\/wp-content\/uploads\/2022\/02\/Yoast_StatementofFaith.png\",\"width\":1995,\"height\":1163},{\"@type\":\"BreadcrumbList\",\"@id\":\"https:\/\/gracepointestcloud.com\/supplemental-statements#breadcrumb\",\"itemListElement\":[{\"@type\":\"ListItem\",\"position\":1,\"name\":\"Home\",\"item\":\"https:\/\/gracepointestcloud.com\/\"},{\"@type\":\"ListItem\",\"position\":2,\"name\":\"Supplemental Statements\"}]},{\"@type\":\"WebSite\",\"@id\":\"https:\/\/gracepointestcloud.com\/#website\",\"url\":\"https:\/\/gracepointestcloud.com\/\",\"name\":\"Grace Pointe Church, Saint Cloud, Fl\",\"description\":\"Making more and better disciples of Jesus Christ, together.\",\"publisher\":{\"@id\":\"https:\/\/gracepointestcloud.com\/#organization\"},\"potentialAction\":[{\"@type\":\"SearchAction\",\"target\":{\"@type\":\"EntryPoint\",\"urlTemplate\":\"https:\/\/gracepointestcloud.com\/?s={search_term_string}\"},\"query-input\":{\"@type\":\"PropertyValueSpecification\",\"valueRequired\":true,\"valueName\":\"search_term_string\"}}],\"inLanguage\":\"es\"},{\"@type\":\"Organization\",\"@id\":\"https:\/\/gracepointestcloud.com\/#organization\",\"name\":\"Grace Pointe Church\",\"url\":\"https:\/\/gracepointestcloud.com\/\",\"logo\":{\"@type\":\"ImageObject\",\"inLanguage\":\"es\",\"@id\":\"https:\/\/gracepointestcloud.com\/#\/schema\/logo\/image\/\",\"url\":\"https:\/\/gracepointestcloud.com\/wp-content\/uploads\/2022\/02\/Logo_GracePointe_Square_WhiteOverBlue-e1643949139219.jpg\",\"contentUrl\":\"https:\/\/gracepointestcloud.com\/wp-content\/uploads\/2022\/02\/Logo_GracePointe_Square_WhiteOverBlue-e1643949139219.jpg\",\"width\":400,\"height\":400,\"caption\":\"Grace Pointe Church\"},\"image\":{\"@id\":\"https:\/\/gracepointestcloud.com\/#\/schema\/logo\/image\/\"},\"sameAs\":[\"https:\/\/www.facebook.com\/gracepointechurchstcloud\",\"https:\/\/www.linkedin.com\/company\/gracepointechurchstcloud\",\"https:\/\/www.youtube.com\/gracepointechurchstcloud\"]}]}<\/script>\n<!-- \/ Yoast SEO plugin. -->","yoast_head_json":{"title":"Supplemental Statements | Grace Pointe Church, Saint Cloud, Fl","robots":{"index":"index","follow":"follow","max-snippet":"max-snippet:-1","max-image-preview":"max-image-preview:large","max-video-preview":"max-video-preview:-1"},"canonical":"https:\/\/gracepointestcloud.com\/es\/declaraciones-complementarias","og_locale":"es_ES","og_type":"article","og_title":"Supplemental Statements | Grace Pointe Church, Saint Cloud, Fl","og_description":"The following statements do not supersede Grace Pointe Church&#8217;s Statement of Faith, but serve to elaborate on matters important to our cultural and ministry context. Statement on Biblical Inerrancy and Interpretation Purpose of this statement:The authority of Scripture is a key issue for the Christian Church in this and every age. Those who profess faith...","og_url":"https:\/\/gracepointestcloud.com\/es\/declaraciones-complementarias","og_site_name":"Grace Pointe Church, Saint Cloud, Fl","article_publisher":"https:\/\/www.facebook.com\/gracepointechurchstcloud","article_modified_time":"2022-07-29T19:30:18+00:00","og_image":[{"width":1995,"height":1163,"url":"https:\/\/gracepointestcloud.com\/wp-content\/uploads\/2022\/02\/Yoast_StatementofFaith.png","type":"image\/png"}],"twitter_card":"summary_large_image","twitter_misc":{"Tiempo de lectura":"2 minutos"},"schema":{"@context":"https:\/\/schema.org","@graph":[{"@type":"WebPage","@id":"https:\/\/gracepointestcloud.com\/supplemental-statements","url":"https:\/\/gracepointestcloud.com\/supplemental-statements","name":"Supplemental Statements | Grace Pointe Church, Saint Cloud, Fl","isPartOf":{"@id":"https:\/\/gracepointestcloud.com\/#website"},"primaryImageOfPage":{"@id":"https:\/\/gracepointestcloud.com\/supplemental-statements#primaryimage"},"image":{"@id":"https:\/\/gracepointestcloud.com\/supplemental-statements#primaryimage"},"thumbnailUrl":"https:\/\/gracepointestcloud.com\/wp-content\/uploads\/2022\/02\/Yoast_StatementofFaith.png","datePublished":"2022-07-12T03:26:53+00:00","dateModified":"2022-07-29T19:30:18+00:00","breadcrumb":{"@id":"https:\/\/gracepointestcloud.com\/supplemental-statements#breadcrumb"},"inLanguage":"es","potentialAction":[{"@type":"ReadAction","target":["https:\/\/gracepointestcloud.com\/supplemental-statements"]}]},{"@type":"ImageObject","inLanguage":"es","@id":"https:\/\/gracepointestcloud.com\/supplemental-statements#primaryimage","url":"https:\/\/gracepointestcloud.com\/wp-content\/uploads\/2022\/02\/Yoast_StatementofFaith.png","contentUrl":"https:\/\/gracepointestcloud.com\/wp-content\/uploads\/2022\/02\/Yoast_StatementofFaith.png","width":1995,"height":1163},{"@type":"BreadcrumbList","@id":"https:\/\/gracepointestcloud.com\/supplemental-statements#breadcrumb","itemListElement":[{"@type":"ListItem","position":1,"name":"Home","item":"https:\/\/gracepointestcloud.com\/"},{"@type":"ListItem","position":2,"name":"Supplemental Statements"}]},{"@type":"WebSite","@id":"https:\/\/gracepointestcloud.com\/#website","url":"https:\/\/gracepointestcloud.com\/","name":"Grace Pointe Church, Saint Cloud, Fl","description":"Making more and better disciples of Jesus Christ, together.","publisher":{"@id":"https:\/\/gracepointestcloud.com\/#organization"},"potentialAction":[{"@type":"SearchAction","target":{"@type":"EntryPoint","urlTemplate":"https:\/\/gracepointestcloud.com\/?s={search_term_string}"},"query-input":{"@type":"PropertyValueSpecification","valueRequired":true,"valueName":"search_term_string"}}],"inLanguage":"es"},{"@type":"Organization","@id":"https:\/\/gracepointestcloud.com\/#organization","name":"Grace Pointe Church","url":"https:\/\/gracepointestcloud.com\/","logo":{"@type":"ImageObject","inLanguage":"es","@id":"https:\/\/gracepointestcloud.com\/#\/schema\/logo\/image\/","url":"https:\/\/gracepointestcloud.com\/wp-content\/uploads\/2022\/02\/Logo_GracePointe_Square_WhiteOverBlue-e1643949139219.jpg","contentUrl":"https:\/\/gracepointestcloud.com\/wp-content\/uploads\/2022\/02\/Logo_GracePointe_Square_WhiteOverBlue-e1643949139219.jpg","width":400,"height":400,"caption":"Grace Pointe Church"},"image":{"@id":"https:\/\/gracepointestcloud.com\/#\/schema\/logo\/image\/"},"sameAs":["https:\/\/www.facebook.com\/gracepointechurchstcloud","https:\/\/www.linkedin.com\/company\/gracepointechurchstcloud","https:\/\/www.youtube.com\/gracepointechurchstcloud"]}]}},"_links":{"self":[{"href":"https:\/\/gracepointestcloud.com\/es\/wp-json\/wp\/v2\/pages\/8228","targetHints":{"allow":["GET"]}}],"collection":[{"href":"https:\/\/gracepointestcloud.com\/es\/wp-json\/wp\/v2\/pages"}],"about":[{"href":"https:\/\/gracepointestcloud.com\/es\/wp-json\/wp\/v2\/types\/page"}],"author":[{"embeddable":true,"href":"https:\/\/gracepointestcloud.com\/es\/wp-json\/wp\/v2\/users\/1"}],"replies":[{"embeddable":true,"href":"https:\/\/gracepointestcloud.com\/es\/wp-json\/wp\/v2\/comments?post=8228"}],"version-history":[{"count":37,"href":"https:\/\/gracepointestcloud.com\/es\/wp-json\/wp\/v2\/pages\/8228\/revisions"}],"predecessor-version":[{"id":8278,"href":"https:\/\/gracepointestcloud.com\/es\/wp-json\/wp\/v2\/pages\/8228\/revisions\/8278"}],"wp:featuredmedia":[{"embeddable":true,"href":"https:\/\/gracepointestcloud.com\/es\/wp-json\/wp\/v2\/media\/6267"}],"wp:attachment":[{"href":"https:\/\/gracepointestcloud.com\/es\/wp-json\/wp\/v2\/media?parent=8228"}],"curies":[{"name":"wp","href":"https:\/\/api.w.org\/{rel}","templated":true}]}}