{"id":7236,"date":"2022-04-21T17:12:31","date_gmt":"2022-04-21T22:12:31","guid":{"rendered":"https:\/\/gracepointestcloud.com\/?page_id=7236"},"modified":"2023-03-17T15:58:08","modified_gmt":"2023-03-17T20:58:08","slug":"prayer-team","status":"publish","type":"page","link":"https:\/\/gracepointestcloud.com\/es\/equipo-de-oracion","title":{"rendered":"Equipo de oraci\u00f3n"},"content":{"rendered":"<style type=\"text\/css\"> \n#cmsmasters_row_69e09d9b1c2b30_50294998 { \n\tbackground-image: url(https:\/\/gracepointestcloud.com\/wp-content\/uploads\/2022\/04\/Webheader_Prayerteam-e1650582290587.jpg); \n\tbackground-position: top center; \n\tbackground-repeat: no-repeat; \n\tbackground-attachment: scroll; \n\tbackground-size: cover; \n} \n\n#cmsmasters_row_69e09d9b1c2b30_50294998 .cmsmasters_row_outer_parent { \n\tpadding-top: 200px; \n} \n\n#cmsmasters_row_69e09d9b1c2b30_50294998 .cmsmasters_row_outer_parent { \n\tpadding-bottom: 90px; \n} \n\n \n#cmsmasters_heading_69e09d9b1c88a2_19416138 { \n\ttext-align:center; \n\tmargin-top:0px; \n\tmargin-bottom:10px; \n} \n\n#cmsmasters_heading_69e09d9b1c88a2_19416138 .cmsmasters_heading { \n\ttext-align:center; \n} \n\n#cmsmasters_heading_69e09d9b1c88a2_19416138 .cmsmasters_heading, #cmsmasters_heading_69e09d9b1c88a2_19416138 .cmsmasters_heading a { \n\tfont-family:'Montserrat'; \n\tfont-weight:bold; \n\tfont-style:normal; \n\tcolor:#ffffff;\n} \n\n#cmsmasters_heading_69e09d9b1c88a2_19416138 .cmsmasters_heading_divider { \n} \n\n \n#cmsmasters_heading_69e09d9b1c8f92_59990268 { \n\ttext-align:center; \n\tmargin-top:0px; \n\tmargin-bottom:0px; \n} \n\n#cmsmasters_heading_69e09d9b1c8f92_59990268 .cmsmasters_heading { \n\ttext-align:center; \n} \n\n#cmsmasters_heading_69e09d9b1c8f92_59990268 .cmsmasters_heading, #cmsmasters_heading_69e09d9b1c8f92_59990268 .cmsmasters_heading a { \n\tfont-size:22px; \n\tfont-weight:normal; \n\tfont-style:italic; \n\tcolor:#ffffff;\n} \n\n#cmsmasters_heading_69e09d9b1c8f92_59990268 .cmsmasters_heading_divider { \n} \n\n \n#cmsmasters_row_69e09d9b1cb7a6_34368718 .cmsmasters_row_outer_parent { \n\tpadding-top: 160px; \n} \n\n#cmsmasters_row_69e09d9b1cb7a6_34368718 .cmsmasters_row_outer_parent { \n\tpadding-bottom: 110px; \n} \n\n \n#cmsmasters_heading_69e09d9b1cdb01_42447855 { \n\ttext-align:center; \n\tmargin-top:0px; \n\tmargin-bottom:10px; \n} \n\n#cmsmasters_heading_69e09d9b1cdb01_42447855 .cmsmasters_heading { \n\ttext-align:center; \n} \n\n#cmsmasters_heading_69e09d9b1cdb01_42447855 .cmsmasters_heading, #cmsmasters_heading_69e09d9b1cdb01_42447855 .cmsmasters_heading a { \n\tfont-size:38px; \n\tfont-weight:bold; \n\tfont-style:normal; \n} \n\n#cmsmasters_heading_69e09d9b1cdb01_42447855 .cmsmasters_heading_divider { \n} \n\n \n#cmsmasters_heading_69e09d9b1ce253_07824678 { \n\ttext-align:center; \n\tmargin-top:10px; \n\tmargin-bottom:40px; \n} \n\n#cmsmasters_heading_69e09d9b1ce253_07824678 .cmsmasters_heading { \n\ttext-align:center; \n} \n\n#cmsmasters_heading_69e09d9b1ce253_07824678 .cmsmasters_heading, #cmsmasters_heading_69e09d9b1ce253_07824678 .cmsmasters_heading a { \n\tfont-family:'Crimson Text'; \n\tfont-size:22px; \n\tfont-weight:400; \n\tfont-style:italic; \n\tcolor:#c1c1c1;\n} \n\n#cmsmasters_heading_69e09d9b1ce253_07824678 .cmsmasters_heading_divider { \n} \n\n\n#very-special-field {\n background-color: #f3f3f3;\n border: #62b8f1 1px solid;\n color: #000;\n padding: 0;\n margin: 0;\n}\n.wpcf7 p {\n padding: 0;\n margin: 0;\n}\nh4 {\n padding: 0;\n margin: 0;\n}\ninput[type=\"submit\"]\n{\n margin-top: 30px;\n background-color: #4298d1;\n}\n \n#cmsmasters_heading_69e09d9b20d8a5_04613303 { \n\ttext-align:left; \n\tmargin-top:0px; \n\tmargin-bottom:0px; \n} \n\n#cmsmasters_heading_69e09d9b20d8a5_04613303 .cmsmasters_heading { \n\ttext-align:left; \n} \n\n#cmsmasters_heading_69e09d9b20d8a5_04613303 .cmsmasters_heading, #cmsmasters_heading_69e09d9b20d8a5_04613303 .cmsmasters_heading a { \n\tfont-weight:400; \n\tfont-style:normal; \n} \n\n#cmsmasters_heading_69e09d9b20d8a5_04613303 .cmsmasters_heading_divider { \n} \n\n<\/style><div id=\"cmsmasters_row_69e09d9b1c2b30_50294998\" class=\"cmsmasters_row cmsmasters_color_scheme_default cmsmasters_row_top_default cmsmasters_row_bot_default cmsmasters_row_boxed\">\n<div class=\"cmsmasters_row_outer_parent\">\n<div class=\"cmsmasters_row_outer\">\n<div class=\"cmsmasters_row_inner\">\n<div class=\"cmsmasters_row_margin\">\n<div class=\"cmsmasters_column one_first\">\n\n<div id=\"cmsmasters_heading_69e09d9b1c88a2_19416138\" class=\"cmsmasters_heading_wrap cmsmasters_heading_align_center\">\n\t<h2 class=\"cmsmasters_heading leadership-scriptures\">Alegraos siempre, orad sin cesar, dad gracias en toda circunstancia; porque esta es la voluntad de Dios para con vosotros en Cristo Jes\u00fas.<\/h2>\n<\/div>\n<div id=\"cmsmasters_heading_69e09d9b1c8f92_59990268\" class=\"cmsmasters_heading_wrap cmsmasters_heading_align_center\">\n\t<h1 class=\"cmsmasters_heading leadership-scriptures\">1 Tesalonicenses 5:16-18<\/h1>\n<\/div>\n<\/div>\n<\/div>\n<\/div>\n<\/div>\n<\/div>\n<\/div>\n<div id=\"cmsmasters_row_69e09d9b1cb7a6_34368718\" class=\"cmsmasters_row cmsmasters_color_scheme_default element_nudgeupward cmsmasters_row_top_default cmsmasters_row_bot_default cmsmasters_row_boxed\">\n<div class=\"cmsmasters_row_outer_parent\">\n<div class=\"cmsmasters_row_outer\">\n<div class=\"cmsmasters_row_inner\">\n<div class=\"cmsmasters_row_margin\">\n<div class=\"cmsmasters_column three_fourth\">\n\n<div id=\"cmsmasters_heading_69e09d9b1cdb01_42447855\" class=\"cmsmasters_heading_wrap cmsmasters_heading_align_center\">\n\t<h1 class=\"cmsmasters_heading\">Enviar una petici\u00f3n al equipo de oraci\u00f3n <\/h1>\n<\/div>\n<div id=\"cmsmasters_heading_69e09d9b1ce253_07824678\" class=\"cmsmasters_heading_wrap cmsmasters_heading_align_center\">\n\t<h6 class=\"cmsmasters_heading\">\u00a1y rezaremos por ti!<\/h6>\n<\/div><div class=\"aligncenter\">\n<div class=\"cmsmasters_img  cmsmasters_image_c\">\n<img decoding=\"async\" src=\"https:\/\/gracepointestcloud.com\/wp-content\/uploads\/2016\/05\/ICON.png\" \/>\n<\/div>\n<\/div>\n<div class=\"cmsmasters_contact_form\" data-animation=\"fadeInUp\" data-delay=\"0\">\n<div class=\"wpcf7 no-js\" id=\"wpcf7-f7239-o1\" lang=\"en-US\" dir=\"ltr\">\n<div class=\"screen-reader-response\"><p role=\"status\" aria-live=\"polite\" aria-atomic=\"true\"><\/p> <ul><\/ul><\/div>\n<form action=\"\/es\/wp-json\/wp\/v2\/pages\/7236#wpcf7-f7239-o1\" method=\"post\" class=\"wpcf7-form init\" aria-label=\"Formulario de contacto\" novalidate=\"novalidate\" data-status=\"init\" data-trp-original-action=\"\/es\/wp-json\/wp\/v2\/pages\/7236#wpcf7-f7239-o1\">\n<div style=\"display: none;\">\n<input type=\"hidden\" name=\"_wpcf7\" value=\"7239\" \/>\n<input type=\"hidden\" name=\"_wpcf7_version\" value=\"5.9.8\" \/>\n<input type=\"hidden\" name=\"_wpcf7_locale\" value=\"en_US\" \/>\n<input type=\"hidden\" name=\"_wpcf7_unit_tag\" value=\"wpcf7-f7239-o1\" \/>\n<input type=\"hidden\" name=\"_wpcf7_container_post\" value=\"0\" \/>\n<input type=\"hidden\" name=\"_wpcf7_posted_data_hash\" value=\"\" \/>\n<input type=\"hidden\" name=\"_wpcf7_recaptcha_response\" value=\"\" \/>\n<\/div>\n\n<p><label> <\/label>\n<\/p>\n<h4>Tu nombre:\n<\/h4>\n<p><span class=\"wpcf7-form-control-wrap\" data-name=\"your-name\"><input size=\"40\" maxlength=\"400\" class=\"wpcf7-form-control wpcf7-text wpcf7-validates-as-required\" id=\"very-special-field\" aria-required=\"true\" aria-invalid=\"false\" value=\"\" type=\"text\" name=\"your-name\" \/><\/span><br \/>\n<label> <\/label>\n<\/p>\n<h4>Tu direcci\u00f3n de correo electr\u00f3nico:\n<\/h4>\n<p><span class=\"wpcf7-form-control-wrap\" data-name=\"your-email\"><input size=\"40\" maxlength=\"400\" class=\"wpcf7-form-control wpcf7-email wpcf7-validates-as-required wpcf7-text wpcf7-validates-as-email\" aria-required=\"true\" aria-invalid=\"false\" value=\"\" type=\"email\" name=\"your-email\" \/><\/span><br \/>\n<label> <\/label>\n<\/p>\n<h4>Tu n\u00famero de tel\u00e9fono:\n<\/h4>\n<p><span class=\"wpcf7-form-control-wrap\" data-name=\"your-phone\"><input size=\"40\" maxlength=\"400\" class=\"wpcf7-form-control wpcf7-tel wpcf7-text wpcf7-validates-as-tel\" aria-invalid=\"false\" value=\"\" type=\"tel\" name=\"your-phone\" \/><\/span><br \/>\n<label> <\/label>\n<\/p>\n<h4>Su petici\u00f3n de oraci\u00f3n:\n<\/h4>\n<p><span class=\"wpcf7-form-control-wrap\" data-name=\"your-message\"><textarea cols=\"40\" rows=\"10\" maxlength=\"2000\" class=\"wpcf7-form-control wpcf7-textarea wpcf7-validates-as-required\" aria-required=\"true\" aria-invalid=\"false\" name=\"your-message\"><\/textarea><\/span>\n<\/p>\n<p><input class=\"wpcf7-form-control wpcf7-submit has-spinner\" type=\"submit\" value=\"Enviar\" \/>\n<\/p>\n<div class=\"wpcf7-response-output\" aria-hidden=\"true\"><\/div>\n<input type=\"hidden\" name=\"trp-form-language\" value=\"es\"\/><\/form>\n<\/div>\n<\/div>\n<div class=\"custom_html\">\n<p>&nbsp;<\/p>\n<p>&nbsp;<\/p>\n<\/div>\n<\/div>\n<div class=\"cmsmasters_column one_fourth\">\n\n<div id=\"cmsmasters_heading_69e09d9b20d8a5_04613303\" class=\"cmsmasters_heading_wrap cmsmasters_heading_align_left\">\n\t<h1 class=\"cmsmasters_heading\">\n<div class=\"wp-block-button\"><a class=\"wp-block-button__link\" href=\"https:\/\/gracepointestcloud.churchcenter.com\/groups\/ministry-teams\/prayer-team\" style=\"background-color: #D43C18; font-size: 18px; line-height: 24px; padding: 8px 28px 8px 28px !important;\">\u00danete al<br \/>Equipo de oraci\u00f3n<\/a><\/div>\n<p><\/h1>\n<\/div><div class=\"custom_html\">\n<h4 style=\"color: #31333b;\"><strong>\u00bfQu\u00e9 es el Equipo de Oraci\u00f3n? <\/strong><\/h4>\n<p>El equipo de oraci\u00f3n ora regularmente por las necesidades de oraci\u00f3n de todos los relacionados con Grace Pointe Church, incluyendo orar por: <\/p>\n<ol style=\"font-weight: bold; margin-left: 15px; \">\n<li><span style=\"font-weight: normal;\">solicitudes enviadas directamente al equipo<\/span><\/li>\n<li><span style=\"font-weight: normal;\">peticiones enviadas por los grupos de vida al equipo de oraci\u00f3n<\/span><\/li>\n<li><span style=\"font-weight: normal;\">solicitudes recogidas de <a href=\"https:\/\/gracepointestcloud.churchcenter.com\/people\/forms\/335159?open-in-church-center-modal=true\"><span style=\"font-weight: normal;\">tarjetas de conexi\u00f3n<\/span><\/a><\/span><\/li>\n<\/ol>\n<h4 style=\"color: #31333b; padding-top:20px;\"><strong>\u00bfPuedo presentar un <b>privado<\/b> petici\u00f3n de oraci\u00f3n directamente a los ancianos?<\/strong><\/h4>\n<p>Por supuesto. Puede enviar un correo electr\u00f3nico a los ancianos a <a href=\"mailto:elders@gracepointestcloud.com?Subject=Private Prayer Request\">elders@gracepointestcloud.com<\/a><\/p>\n<h4 style=\"color: #31333b; padding-top:20px;\"><strong>\u00bfQui\u00e9n puede unirse al equipo de oraci\u00f3n?<\/strong><\/h4>\n<p>\u00a1Cualquiera puede unirse! Para unirse, env\u00ede un correo electr\u00f3nico al equipo de oraci\u00f3n a <a href=\"mailto:prayer@gracepointestcloud.com?Subject=I would like to join the prayer team!\">prayer@gracepointestcloud.com<\/a><\/p>\n<\/div>\n<\/div>\n<\/div>\n<\/div>\n<\/div>\n<\/div>\n<\/div>","protected":false},"excerpt":{"rendered":"","protected":false},"author":1,"featured_media":7254,"parent":0,"menu_order":0,"comment_status":"closed","ping_status":"closed","template":"","meta":{"footnotes":""},"class_list":["post-7236","page","type-page","status-publish","has-post-thumbnail","hentry"],"yoast_head":"<!-- This site is optimized with the Yoast SEO plugin v23.6 - https:\/\/yoast.com\/wordpress\/plugins\/seo\/ -->\n<title>Prayer Team | Grace Pointe Church, Saint Cloud, Fl<\/title>\n<meta name=\"robots\" content=\"index, follow, max-snippet:-1, max-image-preview:large, max-video-preview:-1\" \/>\n<link rel=\"canonical\" href=\"https:\/\/gracepointestcloud.com\/es\/equipo-de-oracion\" \/>\n<meta property=\"og:locale\" content=\"es_ES\" \/>\n<meta property=\"og:type\" content=\"article\" \/>\n<meta property=\"og:title\" content=\"Prayer Team | Grace Pointe Church, Saint Cloud, Fl\" \/>\n<meta property=\"og:url\" content=\"https:\/\/gracepointestcloud.com\/es\/equipo-de-oracion\" \/>\n<meta property=\"og:site_name\" content=\"Grace Pointe Church, Saint Cloud, Fl\" \/>\n<meta property=\"article:publisher\" content=\"https:\/\/www.facebook.com\/gracepointechurchstcloud\" \/>\n<meta property=\"article:modified_time\" content=\"2023-03-17T20:58:08+00:00\" \/>\n<meta property=\"og:image\" content=\"https:\/\/gracepointestcloud.com\/wp-content\/uploads\/2022\/04\/Webheader_Prayerteam-e1650582290587.jpg\" \/>\n\t<meta property=\"og:image:width\" content=\"1920\" \/>\n\t<meta property=\"og:image:height\" content=\"916\" \/>\n\t<meta property=\"og:image:type\" content=\"image\/jpeg\" \/>\n<meta name=\"twitter:card\" content=\"summary_large_image\" \/>\n<meta name=\"twitter:label1\" content=\"Tiempo de lectura\" \/>\n\t<meta name=\"twitter:data1\" content=\"1 minuto\" \/>\n<script type=\"application\/ld+json\" class=\"yoast-schema-graph\">{\"@context\":\"https:\/\/schema.org\",\"@graph\":[{\"@type\":\"WebPage\",\"@id\":\"https:\/\/gracepointestcloud.com\/prayer-team\",\"url\":\"https:\/\/gracepointestcloud.com\/prayer-team\",\"name\":\"Prayer Team | Grace Pointe Church, Saint Cloud, Fl\",\"isPartOf\":{\"@id\":\"https:\/\/gracepointestcloud.com\/#website\"},\"primaryImageOfPage\":{\"@id\":\"https:\/\/gracepointestcloud.com\/prayer-team#primaryimage\"},\"image\":{\"@id\":\"https:\/\/gracepointestcloud.com\/prayer-team#primaryimage\"},\"thumbnailUrl\":\"https:\/\/gracepointestcloud.com\/wp-content\/uploads\/2022\/04\/Webheader_Prayerteam-e1650582290587.jpg\",\"datePublished\":\"2022-04-21T22:12:31+00:00\",\"dateModified\":\"2023-03-17T20:58:08+00:00\",\"breadcrumb\":{\"@id\":\"https:\/\/gracepointestcloud.com\/prayer-team#breadcrumb\"},\"inLanguage\":\"es\",\"potentialAction\":[{\"@type\":\"ReadAction\",\"target\":[\"https:\/\/gracepointestcloud.com\/prayer-team\"]}]},{\"@type\":\"ImageObject\",\"inLanguage\":\"es\",\"@id\":\"https:\/\/gracepointestcloud.com\/prayer-team#primaryimage\",\"url\":\"https:\/\/gracepointestcloud.com\/wp-content\/uploads\/2022\/04\/Webheader_Prayerteam-e1650582290587.jpg\",\"contentUrl\":\"https:\/\/gracepointestcloud.com\/wp-content\/uploads\/2022\/04\/Webheader_Prayerteam-e1650582290587.jpg\",\"width\":1920,\"height\":916},{\"@type\":\"BreadcrumbList\",\"@id\":\"https:\/\/gracepointestcloud.com\/prayer-team#breadcrumb\",\"itemListElement\":[{\"@type\":\"ListItem\",\"position\":1,\"name\":\"Home\",\"item\":\"https:\/\/gracepointestcloud.com\/\"},{\"@type\":\"ListItem\",\"position\":2,\"name\":\"Prayer Team\"}]},{\"@type\":\"WebSite\",\"@id\":\"https:\/\/gracepointestcloud.com\/#website\",\"url\":\"https:\/\/gracepointestcloud.com\/\",\"name\":\"Grace Pointe Church, Saint Cloud, Fl\",\"description\":\"Making more and better disciples of Jesus Christ, together.\",\"publisher\":{\"@id\":\"https:\/\/gracepointestcloud.com\/#organization\"},\"potentialAction\":[{\"@type\":\"SearchAction\",\"target\":{\"@type\":\"EntryPoint\",\"urlTemplate\":\"https:\/\/gracepointestcloud.com\/?s={search_term_string}\"},\"query-input\":{\"@type\":\"PropertyValueSpecification\",\"valueRequired\":true,\"valueName\":\"search_term_string\"}}],\"inLanguage\":\"es\"},{\"@type\":\"Organization\",\"@id\":\"https:\/\/gracepointestcloud.com\/#organization\",\"name\":\"Grace Pointe Church\",\"url\":\"https:\/\/gracepointestcloud.com\/\",\"logo\":{\"@type\":\"ImageObject\",\"inLanguage\":\"es\",\"@id\":\"https:\/\/gracepointestcloud.com\/#\/schema\/logo\/image\/\",\"url\":\"https:\/\/gracepointestcloud.com\/wp-content\/uploads\/2022\/02\/Logo_GracePointe_Square_WhiteOverBlue-e1643949139219.jpg\",\"contentUrl\":\"https:\/\/gracepointestcloud.com\/wp-content\/uploads\/2022\/02\/Logo_GracePointe_Square_WhiteOverBlue-e1643949139219.jpg\",\"width\":400,\"height\":400,\"caption\":\"Grace Pointe Church\"},\"image\":{\"@id\":\"https:\/\/gracepointestcloud.com\/#\/schema\/logo\/image\/\"},\"sameAs\":[\"https:\/\/www.facebook.com\/gracepointechurchstcloud\",\"https:\/\/www.linkedin.com\/company\/gracepointechurchstcloud\",\"https:\/\/www.youtube.com\/gracepointechurchstcloud\"]}]}<\/script>\n<!-- \/ Yoast SEO plugin. -->","yoast_head_json":{"title":"Prayer Team | Grace Pointe Church, Saint Cloud, Fl","robots":{"index":"index","follow":"follow","max-snippet":"max-snippet:-1","max-image-preview":"max-image-preview:large","max-video-preview":"max-video-preview:-1"},"canonical":"https:\/\/gracepointestcloud.com\/es\/equipo-de-oracion","og_locale":"es_ES","og_type":"article","og_title":"Prayer Team | Grace Pointe Church, Saint Cloud, Fl","og_url":"https:\/\/gracepointestcloud.com\/es\/equipo-de-oracion","og_site_name":"Grace Pointe Church, Saint Cloud, Fl","article_publisher":"https:\/\/www.facebook.com\/gracepointechurchstcloud","article_modified_time":"2023-03-17T20:58:08+00:00","og_image":[{"width":1920,"height":916,"url":"https:\/\/gracepointestcloud.com\/wp-content\/uploads\/2022\/04\/Webheader_Prayerteam-e1650582290587.jpg","type":"image\/jpeg"}],"twitter_card":"summary_large_image","twitter_misc":{"Tiempo de lectura":"1 minuto"},"schema":{"@context":"https:\/\/schema.org","@graph":[{"@type":"WebPage","@id":"https:\/\/gracepointestcloud.com\/prayer-team","url":"https:\/\/gracepointestcloud.com\/prayer-team","name":"Prayer Team | Grace Pointe Church, Saint Cloud, Fl","isPartOf":{"@id":"https:\/\/gracepointestcloud.com\/#website"},"primaryImageOfPage":{"@id":"https:\/\/gracepointestcloud.com\/prayer-team#primaryimage"},"image":{"@id":"https:\/\/gracepointestcloud.com\/prayer-team#primaryimage"},"thumbnailUrl":"https:\/\/gracepointestcloud.com\/wp-content\/uploads\/2022\/04\/Webheader_Prayerteam-e1650582290587.jpg","datePublished":"2022-04-21T22:12:31+00:00","dateModified":"2023-03-17T20:58:08+00:00","breadcrumb":{"@id":"https:\/\/gracepointestcloud.com\/prayer-team#breadcrumb"},"inLanguage":"es","potentialAction":[{"@type":"ReadAction","target":["https:\/\/gracepointestcloud.com\/prayer-team"]}]},{"@type":"ImageObject","inLanguage":"es","@id":"https:\/\/gracepointestcloud.com\/prayer-team#primaryimage","url":"https:\/\/gracepointestcloud.com\/wp-content\/uploads\/2022\/04\/Webheader_Prayerteam-e1650582290587.jpg","contentUrl":"https:\/\/gracepointestcloud.com\/wp-content\/uploads\/2022\/04\/Webheader_Prayerteam-e1650582290587.jpg","width":1920,"height":916},{"@type":"BreadcrumbList","@id":"https:\/\/gracepointestcloud.com\/prayer-team#breadcrumb","itemListElement":[{"@type":"ListItem","position":1,"name":"Home","item":"https:\/\/gracepointestcloud.com\/"},{"@type":"ListItem","position":2,"name":"Prayer Team"}]},{"@type":"WebSite","@id":"https:\/\/gracepointestcloud.com\/#website","url":"https:\/\/gracepointestcloud.com\/","name":"Grace Pointe Church, Saint Cloud, Fl","description":"Making more and better disciples of Jesus Christ, together.","publisher":{"@id":"https:\/\/gracepointestcloud.com\/#organization"},"potentialAction":[{"@type":"SearchAction","target":{"@type":"EntryPoint","urlTemplate":"https:\/\/gracepointestcloud.com\/?s={search_term_string}"},"query-input":{"@type":"PropertyValueSpecification","valueRequired":true,"valueName":"search_term_string"}}],"inLanguage":"es"},{"@type":"Organization","@id":"https:\/\/gracepointestcloud.com\/#organization","name":"Grace Pointe Church","url":"https:\/\/gracepointestcloud.com\/","logo":{"@type":"ImageObject","inLanguage":"es","@id":"https:\/\/gracepointestcloud.com\/#\/schema\/logo\/image\/","url":"https:\/\/gracepointestcloud.com\/wp-content\/uploads\/2022\/02\/Logo_GracePointe_Square_WhiteOverBlue-e1643949139219.jpg","contentUrl":"https:\/\/gracepointestcloud.com\/wp-content\/uploads\/2022\/02\/Logo_GracePointe_Square_WhiteOverBlue-e1643949139219.jpg","width":400,"height":400,"caption":"Grace Pointe Church"},"image":{"@id":"https:\/\/gracepointestcloud.com\/#\/schema\/logo\/image\/"},"sameAs":["https:\/\/www.facebook.com\/gracepointechurchstcloud","https:\/\/www.linkedin.com\/company\/gracepointechurchstcloud","https:\/\/www.youtube.com\/gracepointechurchstcloud"]}]}},"_links":{"self":[{"href":"https:\/\/gracepointestcloud.com\/es\/wp-json\/wp\/v2\/pages\/7236","targetHints":{"allow":["GET"]}}],"collection":[{"href":"https:\/\/gracepointestcloud.com\/es\/wp-json\/wp\/v2\/pages"}],"about":[{"href":"https:\/\/gracepointestcloud.com\/es\/wp-json\/wp\/v2\/types\/page"}],"author":[{"embeddable":true,"href":"https:\/\/gracepointestcloud.com\/es\/wp-json\/wp\/v2\/users\/1"}],"replies":[{"embeddable":true,"href":"https:\/\/gracepointestcloud.com\/es\/wp-json\/wp\/v2\/comments?post=7236"}],"version-history":[{"count":53,"href":"https:\/\/gracepointestcloud.com\/es\/wp-json\/wp\/v2\/pages\/7236\/revisions"}],"predecessor-version":[{"id":9225,"href":"https:\/\/gracepointestcloud.com\/es\/wp-json\/wp\/v2\/pages\/7236\/revisions\/9225"}],"wp:featuredmedia":[{"embeddable":true,"href":"https:\/\/gracepointestcloud.com\/es\/wp-json\/wp\/v2\/media\/7254"}],"wp:attachment":[{"href":"https:\/\/gracepointestcloud.com\/es\/wp-json\/wp\/v2\/media?parent=7236"}],"curies":[{"name":"wp","href":"https:\/\/api.w.org\/{rel}","templated":true}]}}