{"id":6892,"date":"2022-03-03T15:51:20","date_gmt":"2022-03-03T20:51:20","guid":{"rendered":"https:\/\/gracepointestcloud.com\/?page_id=6892"},"modified":"2022-03-07T23:44:02","modified_gmt":"2022-03-08T04:44:02","slug":"interacting-with-pco","status":"publish","type":"page","link":"https:\/\/gracepointestcloud.com\/es\/interactuar-con-pco","title":{"rendered":"Interacci\u00f3n con el Centro de planificaci\u00f3n"},"content":{"rendered":"<style type=\"text\/css\">\n@media (max-width: 1000px) {\n#pco_screenshot1 {margin-left: 0px !important; width: 100% !important;}\n}\n.entry-title {visibility: hidden;}\n.headline_outer {background-position: center;}\n<\/style>\n<h1>Interacci\u00f3n con el Centro de planificaci\u00f3n<\/h1>\n<p>Gracias por ser voluntario para servir en Grace Pointe Church. Organizamos nuestro horario de voluntarios a trav\u00e9s de la <span style=\"color: #69a939;\"><b>Servicios<\/b><\/span> solicitud. Por lo general, le enviaremos un correo electr\u00f3nico una vez al mes, mostr\u00e1ndole todas las fechas en las que est\u00e1 previsto que preste servicio voluntario el mes siguiente (por ejemplo, un correo electr\u00f3nico en mayo mostrando todas las fechas en las que est\u00e1 previsto que preste servicio en junio).<br><br>Por favor, responda a los correos electr\u00f3nicos r\u00e1pidamente para que tengamos tiempo de encontrarle un sustituto si no puede servir. Si ya ha formado a alguien para que preste servicio en su lugar, puede hac\u00e9rnoslo saber cuando rechace la asignaci\u00f3n. Cuando haga clic en \"declinar\", ver\u00e1 un formulario como \u00e9ste:<br><br><img decoding=\"async\" src=\"https:\/\/gracepointestcloud.com\/wp-content\/uploads\/2022\/03\/PCO_Training4.jpeg\" style=\"margin-left: 20px; max-width: 75%; border: solid #666666 1px;\" id=\"pco_screenshot1\"><br><br>Vea a continuaci\u00f3n una muestra del correo electr\u00f3nico que debe esperar cada mes y c\u00f3mo puede responder a \u00e9l. \u00a1Estamos muy agradecidos por su servicio a la iglesia! Si alguna vez tiene preguntas para nosotros acerca de una asignaci\u00f3n de voluntarios, puede enviarnos un correo electr\u00f3nico a <a href=\"mailto:info@44lifesaintcloud.com\">info@gracepointestcloud.com<\/a>.<\/p>\n<h2 style=\"margin-top: 50px;\">Descargar la aplicaci\u00f3n es m\u00e1s f\u00e1cil<\/h2>\n<p>La forma m\u00e1s sencilla de recibir asignaciones de funciones, responder a ellas, consultar tu horario y ver qui\u00e9n forma parte de tu equipo es a trav\u00e9s de la aplicaci\u00f3n <span style=\"color: #69a939;\"><b>Servicios<\/b><\/span> para tu iPhone o Android. Elige tu sistema operativo<\/p>\n<div style=\"margin: -10px 20px; text-align: left;\"><a href=\"https:\/\/apps.apple.com\/us\/app\/planning-center-services\/id327370808\"><img loading=\"lazy\" decoding=\"async\" src=\"https:\/\/gracepointestcloud.com\/wp-content\/uploads\/2022\/03\/download_apple.png\" alt=\"\" width=\"190\" height=\"60\" style=\"padding: 4px;\"><\/a><a href=\"https:\/\/play.google.com\/store\/apps\/details?id=com.ministrycentered.PlanningCenter\"><img loading=\"lazy\" decoding=\"async\" src=\"https:\/\/gracepointestcloud.com\/wp-content\/uploads\/2022\/03\/download_googleplay.png\" alt=\"\" width=\"190\" height=\"60\" style=\"padding: 4px;\"><\/a><\/div>\n<h2 style=\"margin-top: 50px;\">Ejemplo de correo electr\u00f3nico que deber\u00eda recibir<\/h2>\n<p><img decoding=\"async\" src=\"https:\/\/gracepointestcloud.com\/wp-content\/uploads\/2022\/03\/PCO_Training1.jpeg\" style=\"border: solid #666666 1px;\"><\/p>","protected":false},"excerpt":{"rendered":"<p>Interacting with Planning Center Thank you for volunteering to serve at Grace Pointe Church. We organize our volunteer schedule through the Services application. Usually, we will send you an email once a month, showing you all the dates you are scheduled to volunteer the following month (for instance, an email in May showing all dates&#8230;<\/p>","protected":false},"author":1,"featured_media":0,"parent":0,"menu_order":0,"comment_status":"closed","ping_status":"closed","template":"","meta":{"footnotes":""},"class_list":["post-6892","page","type-page","status-publish","hentry"],"yoast_head":"<!-- This site is optimized with the Yoast SEO plugin v23.6 - https:\/\/yoast.com\/wordpress\/plugins\/seo\/ -->\n<title>Interacting with Planning Center | Grace Pointe Church, Saint Cloud, Fl<\/title>\n<meta name=\"robots\" content=\"index, follow, max-snippet:-1, max-image-preview:large, max-video-preview:-1\" \/>\n<link rel=\"canonical\" href=\"https:\/\/gracepointestcloud.com\/es\/interactuar-con-pco\" \/>\n<meta property=\"og:locale\" content=\"es_ES\" \/>\n<meta property=\"og:type\" content=\"article\" \/>\n<meta property=\"og:title\" content=\"Interacting with Planning Center | Grace Pointe Church, Saint Cloud, Fl\" \/>\n<meta property=\"og:description\" content=\"Interacting with Planning Center Thank you for volunteering to serve at Grace Pointe Church. We organize our volunteer schedule through the Services application. Usually, we will send you an email once a month, showing you all the dates you are scheduled to volunteer the following month (for instance, an email in May showing all dates...\" \/>\n<meta property=\"og:url\" content=\"https:\/\/gracepointestcloud.com\/es\/interactuar-con-pco\" \/>\n<meta property=\"og:site_name\" content=\"Grace Pointe Church, Saint Cloud, Fl\" \/>\n<meta property=\"article:publisher\" content=\"https:\/\/www.facebook.com\/gracepointechurchstcloud\" \/>\n<meta property=\"article:modified_time\" content=\"2022-03-08T04:44:02+00:00\" \/>\n<meta property=\"og:image\" content=\"https:\/\/gracepointestcloud.com\/wp-content\/uploads\/2022\/03\/PCO_Training4.jpeg\" \/>\n<meta name=\"twitter:card\" content=\"summary_large_image\" \/>\n<meta name=\"twitter:label1\" content=\"Tiempo de lectura\" \/>\n\t<meta name=\"twitter:data1\" content=\"2 minutos\" \/>\n<script type=\"application\/ld+json\" class=\"yoast-schema-graph\">{\"@context\":\"https:\/\/schema.org\",\"@graph\":[{\"@type\":\"WebPage\",\"@id\":\"https:\/\/gracepointestcloud.com\/interacting-with-pco\",\"url\":\"https:\/\/gracepointestcloud.com\/interacting-with-pco\",\"name\":\"Interacting with Planning Center | Grace Pointe Church, Saint Cloud, Fl\",\"isPartOf\":{\"@id\":\"https:\/\/gracepointestcloud.com\/#website\"},\"primaryImageOfPage\":{\"@id\":\"https:\/\/gracepointestcloud.com\/interacting-with-pco#primaryimage\"},\"image\":{\"@id\":\"https:\/\/gracepointestcloud.com\/interacting-with-pco#primaryimage\"},\"thumbnailUrl\":\"https:\/\/gracepointestcloud.com\/wp-content\/uploads\/2022\/03\/PCO_Training4.jpeg\",\"datePublished\":\"2022-03-03T20:51:20+00:00\",\"dateModified\":\"2022-03-08T04:44:02+00:00\",\"breadcrumb\":{\"@id\":\"https:\/\/gracepointestcloud.com\/interacting-with-pco#breadcrumb\"},\"inLanguage\":\"es\",\"potentialAction\":[{\"@type\":\"ReadAction\",\"target\":[\"https:\/\/gracepointestcloud.com\/interacting-with-pco\"]}]},{\"@type\":\"ImageObject\",\"inLanguage\":\"es\",\"@id\":\"https:\/\/gracepointestcloud.com\/interacting-with-pco#primaryimage\",\"url\":\"https:\/\/gracepointestcloud.com\/wp-content\/uploads\/2022\/03\/PCO_Training4.jpeg\",\"contentUrl\":\"https:\/\/gracepointestcloud.com\/wp-content\/uploads\/2022\/03\/PCO_Training4.jpeg\"},{\"@type\":\"BreadcrumbList\",\"@id\":\"https:\/\/gracepointestcloud.com\/interacting-with-pco#breadcrumb\",\"itemListElement\":[{\"@type\":\"ListItem\",\"position\":1,\"name\":\"Home\",\"item\":\"https:\/\/gracepointestcloud.com\/\"},{\"@type\":\"ListItem\",\"position\":2,\"name\":\"Interacting with Planning Center\"}]},{\"@type\":\"WebSite\",\"@id\":\"https:\/\/gracepointestcloud.com\/#website\",\"url\":\"https:\/\/gracepointestcloud.com\/\",\"name\":\"Grace Pointe Church, Saint Cloud, Fl\",\"description\":\"Making more and better disciples of Jesus Christ, together.\",\"publisher\":{\"@id\":\"https:\/\/gracepointestcloud.com\/#organization\"},\"potentialAction\":[{\"@type\":\"SearchAction\",\"target\":{\"@type\":\"EntryPoint\",\"urlTemplate\":\"https:\/\/gracepointestcloud.com\/?s={search_term_string}\"},\"query-input\":{\"@type\":\"PropertyValueSpecification\",\"valueRequired\":true,\"valueName\":\"search_term_string\"}}],\"inLanguage\":\"es\"},{\"@type\":\"Organization\",\"@id\":\"https:\/\/gracepointestcloud.com\/#organization\",\"name\":\"Grace Pointe Church\",\"url\":\"https:\/\/gracepointestcloud.com\/\",\"logo\":{\"@type\":\"ImageObject\",\"inLanguage\":\"es\",\"@id\":\"https:\/\/gracepointestcloud.com\/#\/schema\/logo\/image\/\",\"url\":\"https:\/\/gracepointestcloud.com\/wp-content\/uploads\/2022\/02\/Logo_GracePointe_Square_WhiteOverBlue-e1643949139219.jpg\",\"contentUrl\":\"https:\/\/gracepointestcloud.com\/wp-content\/uploads\/2022\/02\/Logo_GracePointe_Square_WhiteOverBlue-e1643949139219.jpg\",\"width\":400,\"height\":400,\"caption\":\"Grace Pointe Church\"},\"image\":{\"@id\":\"https:\/\/gracepointestcloud.com\/#\/schema\/logo\/image\/\"},\"sameAs\":[\"https:\/\/www.facebook.com\/gracepointechurchstcloud\",\"https:\/\/www.linkedin.com\/company\/gracepointechurchstcloud\",\"https:\/\/www.youtube.com\/gracepointechurchstcloud\"]}]}<\/script>\n<!-- \/ Yoast SEO plugin. -->","yoast_head_json":{"title":"Interacting with Planning Center | Grace Pointe Church, Saint Cloud, Fl","robots":{"index":"index","follow":"follow","max-snippet":"max-snippet:-1","max-image-preview":"max-image-preview:large","max-video-preview":"max-video-preview:-1"},"canonical":"https:\/\/gracepointestcloud.com\/es\/interactuar-con-pco","og_locale":"es_ES","og_type":"article","og_title":"Interacting with Planning Center | Grace Pointe Church, Saint Cloud, Fl","og_description":"Interacting with Planning Center Thank you for volunteering to serve at Grace Pointe Church. We organize our volunteer schedule through the Services application. Usually, we will send you an email once a month, showing you all the dates you are scheduled to volunteer the following month (for instance, an email in May showing all dates...","og_url":"https:\/\/gracepointestcloud.com\/es\/interactuar-con-pco","og_site_name":"Grace Pointe Church, Saint Cloud, Fl","article_publisher":"https:\/\/www.facebook.com\/gracepointechurchstcloud","article_modified_time":"2022-03-08T04:44:02+00:00","og_image":[{"url":"https:\/\/gracepointestcloud.com\/wp-content\/uploads\/2022\/03\/PCO_Training4.jpeg"}],"twitter_card":"summary_large_image","twitter_misc":{"Tiempo de lectura":"2 minutos"},"schema":{"@context":"https:\/\/schema.org","@graph":[{"@type":"WebPage","@id":"https:\/\/gracepointestcloud.com\/interacting-with-pco","url":"https:\/\/gracepointestcloud.com\/interacting-with-pco","name":"Interacting with Planning Center | Grace Pointe Church, Saint Cloud, Fl","isPartOf":{"@id":"https:\/\/gracepointestcloud.com\/#website"},"primaryImageOfPage":{"@id":"https:\/\/gracepointestcloud.com\/interacting-with-pco#primaryimage"},"image":{"@id":"https:\/\/gracepointestcloud.com\/interacting-with-pco#primaryimage"},"thumbnailUrl":"https:\/\/gracepointestcloud.com\/wp-content\/uploads\/2022\/03\/PCO_Training4.jpeg","datePublished":"2022-03-03T20:51:20+00:00","dateModified":"2022-03-08T04:44:02+00:00","breadcrumb":{"@id":"https:\/\/gracepointestcloud.com\/interacting-with-pco#breadcrumb"},"inLanguage":"es","potentialAction":[{"@type":"ReadAction","target":["https:\/\/gracepointestcloud.com\/interacting-with-pco"]}]},{"@type":"ImageObject","inLanguage":"es","@id":"https:\/\/gracepointestcloud.com\/interacting-with-pco#primaryimage","url":"https:\/\/gracepointestcloud.com\/wp-content\/uploads\/2022\/03\/PCO_Training4.jpeg","contentUrl":"https:\/\/gracepointestcloud.com\/wp-content\/uploads\/2022\/03\/PCO_Training4.jpeg"},{"@type":"BreadcrumbList","@id":"https:\/\/gracepointestcloud.com\/interacting-with-pco#breadcrumb","itemListElement":[{"@type":"ListItem","position":1,"name":"Home","item":"https:\/\/gracepointestcloud.com\/"},{"@type":"ListItem","position":2,"name":"Interacting with Planning Center"}]},{"@type":"WebSite","@id":"https:\/\/gracepointestcloud.com\/#website","url":"https:\/\/gracepointestcloud.com\/","name":"Grace Pointe Church, Saint Cloud, Fl","description":"Making more and better disciples of Jesus Christ, together.","publisher":{"@id":"https:\/\/gracepointestcloud.com\/#organization"},"potentialAction":[{"@type":"SearchAction","target":{"@type":"EntryPoint","urlTemplate":"https:\/\/gracepointestcloud.com\/?s={search_term_string}"},"query-input":{"@type":"PropertyValueSpecification","valueRequired":true,"valueName":"search_term_string"}}],"inLanguage":"es"},{"@type":"Organization","@id":"https:\/\/gracepointestcloud.com\/#organization","name":"Grace Pointe Church","url":"https:\/\/gracepointestcloud.com\/","logo":{"@type":"ImageObject","inLanguage":"es","@id":"https:\/\/gracepointestcloud.com\/#\/schema\/logo\/image\/","url":"https:\/\/gracepointestcloud.com\/wp-content\/uploads\/2022\/02\/Logo_GracePointe_Square_WhiteOverBlue-e1643949139219.jpg","contentUrl":"https:\/\/gracepointestcloud.com\/wp-content\/uploads\/2022\/02\/Logo_GracePointe_Square_WhiteOverBlue-e1643949139219.jpg","width":400,"height":400,"caption":"Grace Pointe Church"},"image":{"@id":"https:\/\/gracepointestcloud.com\/#\/schema\/logo\/image\/"},"sameAs":["https:\/\/www.facebook.com\/gracepointechurchstcloud","https:\/\/www.linkedin.com\/company\/gracepointechurchstcloud","https:\/\/www.youtube.com\/gracepointechurchstcloud"]}]}},"_links":{"self":[{"href":"https:\/\/gracepointestcloud.com\/es\/wp-json\/wp\/v2\/pages\/6892","targetHints":{"allow":["GET"]}}],"collection":[{"href":"https:\/\/gracepointestcloud.com\/es\/wp-json\/wp\/v2\/pages"}],"about":[{"href":"https:\/\/gracepointestcloud.com\/es\/wp-json\/wp\/v2\/types\/page"}],"author":[{"embeddable":true,"href":"https:\/\/gracepointestcloud.com\/es\/wp-json\/wp\/v2\/users\/1"}],"replies":[{"embeddable":true,"href":"https:\/\/gracepointestcloud.com\/es\/wp-json\/wp\/v2\/comments?post=6892"}],"version-history":[{"count":15,"href":"https:\/\/gracepointestcloud.com\/es\/wp-json\/wp\/v2\/pages\/6892\/revisions"}],"predecessor-version":[{"id":7009,"href":"https:\/\/gracepointestcloud.com\/es\/wp-json\/wp\/v2\/pages\/6892\/revisions\/7009"}],"wp:attachment":[{"href":"https:\/\/gracepointestcloud.com\/es\/wp-json\/wp\/v2\/media?parent=6892"}],"curies":[{"name":"wp","href":"https:\/\/api.w.org\/{rel}","templated":true}]}}