{"id":6290,"date":"2022-02-16T14:22:45","date_gmt":"2022-02-16T19:22:45","guid":{"rendered":"https:\/\/gracepointestcloud.com\/?page_id=6290"},"modified":"2026-02-16T15:26:56","modified_gmt":"2026-02-16T20:26:56","slug":"converge-affiliation","status":"publish","type":"page","link":"https:\/\/gracepointestcloud.com\/es\/afiliacion-convergente","title":{"rendered":"Afiliaci\u00f3n a Converge"},"content":{"rendered":"<style type=\"text\/css\">.headline_text h1 {visibility:hidden;} .headline_outer {background-position: center;} @media only screen and (max-width: 550px) { .converge_smallrightvideo {width:190px; height:106px;} } .converge_fullsizevideo div {margin: 0; padding: 0;}<\/style><div id=\"cmsmasters_row_69ed11ba84d3d8_98533115\" class=\"cmsmasters_row cmsmasters_color_scheme_default cmsmasters_row_top_default cmsmasters_row_bot_default cmsmasters_row_boxed\">\n<div class=\"cmsmasters_row_outer_parent\">\n<div class=\"cmsmasters_row_outer\">\n<div class=\"cmsmasters_row_inner\">\n<div class=\"cmsmasters_row_margin\">\n<div class=\"cmsmasters_column one_first\">\n<div class=\"cmsmasters_text\">\n<p>Grace Pointe Church est\u00e1 afiliada a Converge, una red de plantaci\u00f3n de iglesias. A continuaci\u00f3n se presentan las preguntas m\u00e1s frecuentes relacionadas con Converge y nuestra afiliaci\u00f3n. Si usted tiene alguna pregunta por favor no dude en <a href=\"https:\/\/gracepointestcloud.churchcenter.com\/people\/forms\/335159?open-in-church-center-modal=true\">Contactarse<\/a>.<\/p>\n<p><!-- \/wp:post-content --><\/p>\n<p><!-- wp:heading {\"level\":3} --><\/p>\n<div style=\"float: right; margin-left: 20px; margin-bottom: 20px;\"><iframe loading=\"lazy\" class=\"converge_smallrightvideo\" style=\"margin: 0; padding: 0;\" src=\"https:\/\/player.vimeo.com\/video\/171631313?title=0&amp;byline=0\" width=\"320\" height=\"180\" frameborder=\"0\" allowfullscreen=\"allowfullscreen\" data-mce-fragment=\"1\"><\/iframe><b>M\u00e1s informaci\u00f3n sobre Converge.<\/b><\/div>\n<h3 id=\"why-affiliate-with-a-network\">\u00bfPor qu\u00e9 afiliarse a una red?<\/h3>\n<p><!-- \/wp:heading --><\/p>\n<p>Creemos que las iglesias son m\u00e1s fuertes juntas y que la Gran Comisi\u00f3n debe ser cumplida por todo el pueblo de Dios, en todas partes. La Gran Comisi\u00f3n es un \"deporte de equipo\" y deseamos unir nuestros brazos con otras iglesias en obediencia a nuestro Rey.<\/p>\n<p><!-- \/wp:paragraph --><\/p>\n<p><!-- wp:heading {\"level\":3} --><\/p>\n<h3 id=\"who-is-converge\">\u00bfQui\u00e9n es Converge?<\/h3>\n<p><!-- \/wp:heading --><\/p>\n<p>Converge es un movimiento de iglesias que trabajan para ayudar a las personas a encontrar, conocer y seguir a Jes\u00fas. Hacemos esto iniciando y fortaleciendo iglesias juntas en todo el mundo. Durante m\u00e1s de 165 a\u00f1os hemos ayudado a las iglesias a traer un cambio de vida a las comunidades en los EE.UU. y en todo el mundo a trav\u00e9s de la plantaci\u00f3n y multiplicaci\u00f3n de iglesias, capacitaci\u00f3n de l\u00edderes y misiones globales.<\/p>\n<p>Converge se compromete a iniciar iglesias con mentalidad misionera hasta que cada grupo de personas y comunidad haya escuchado el evangelio. Iniciamos iglesias que inician iglesias para ver vidas cambiadas con el amor y la verdad de Cristo. Converge Church Planting proporciona un camino claro para que los sembradores de iglesias planten una nueva iglesia, campus o multipliquen su iglesia. Converge cre\u00f3 estrategias probadas de plantaci\u00f3n de iglesias, sistemas y capacitaci\u00f3n, todos dise\u00f1ados para mejorar el \u00e9xito de modo que <em>m\u00e1s personas tendr\u00e1n la oportunidad de aceptar a Jes\u00fas<\/em>.<\/p>\n<p><!-- \/wp:paragraph --><\/p>\n<p><!-- wp:heading {\"level\":3} --><\/p>\n<div style=\"float: right; margin-left: 20px; margin-bottom: 20px;\"><iframe loading=\"lazy\" class=\"converge_smallrightvideo\" style=\"margin: 0; padding: 0;\" src=\"https:\/\/player.vimeo.com\/video\/121899268?title=0&amp;byline=0\" width=\"320\" height=\"180\" frameborder=\"0\" allowfullscreen=\"allowfullscreen\" data-mce-fragment=\"1\"><\/iframe><b>Historia de Converge<\/b><\/div>\n<h3 id=\"who-is-converge\">\u00bfEs Converge una nueva red?<\/h3>\n<p><!-- \/wp:heading --><\/p>\n<p>No, Converge tiene una larga y rica historia que se remonta a m\u00e1s de un siglo y medio. Organizada en 1879, la Conferencia General Bautista Sueca evolucion\u00f3 hasta convertirse en la Conferencia General Bautista en 1945 y en Converge en 2008. Al igual que muchos cristianos a trav\u00e9s de los siglos, los creyentes de Converge combinan la ortodoxia doctrinal con una fe experiencial que cambia la vida. Te animamos a aprender m\u00e1s sobre la historia de Converge viendo el video a la derecha y leyendo este documento, <a href=\"https:\/\/gracepointestcloud.com\/wp-content\/uploads\/2022\/02\/TheStoryofConverge.pdf\" target=\"_blank\" rel=\"noopener\">La historia de Converge<\/a>.<\/p>\n<h3 id=\"who-is-converge\">\u00bfPor qu\u00e9 es tan importante la plantaci\u00f3n de iglesias?<\/h3>\n<p><!-- \/wp:heading --><\/p>\n<p>En pocas palabras, \"las nuevas iglesias llegan a nuevas personas de nuevas maneras\". La plantaci\u00f3n de iglesias est\u00e1 en el coraz\u00f3n de la Gran Comisi\u00f3n, porque dondequiera que nuevas personas est\u00e1n llegando a Cristo en el mundo, se les ordena en el Nuevo Testamento a reunirse en adoraci\u00f3n y vivir sus vidas juntos. Vea este breve v\u00eddeo sobre la visi\u00f3n 312 de Converge.<\/p>\n<iframe loading=\"lazy\" class=\"converge_fullsizevideo\" style=\"margin: 0; padding: 0;\" src=\"https:\/\/player.vimeo.com\/video\/512675574?h=0da9800b9c&amp;title=0&amp;byline=0&amp;portrait=0\" width=\"640\" height=\"360\" frameborder=\"0\" allowfullscreen=\"allowfullscreen\"><\/iframe>\n\n<\/div>\n<\/div>\n<\/div>\n<\/div>\n<\/div>\n<\/div>\n<\/div>","protected":false},"excerpt":{"rendered":"","protected":false},"author":1,"featured_media":6312,"parent":0,"menu_order":0,"comment_status":"closed","ping_status":"closed","template":"","meta":{"footnotes":""},"class_list":["post-6290","page","type-page","status-publish","has-post-thumbnail","hentry"],"yoast_head":"<!-- This site is optimized with the Yoast SEO plugin v23.6 - https:\/\/yoast.com\/wordpress\/plugins\/seo\/ -->\n<title>Converge Affiliation | Grace Pointe Church, Saint Cloud, Fl<\/title>\n<meta name=\"robots\" content=\"index, follow, max-snippet:-1, max-image-preview:large, max-video-preview:-1\" \/>\n<link rel=\"canonical\" href=\"https:\/\/gracepointestcloud.com\/es\/afiliacion-convergente\" \/>\n<meta property=\"og:locale\" content=\"es_ES\" \/>\n<meta property=\"og:type\" content=\"article\" \/>\n<meta property=\"og:title\" content=\"Converge Affiliation | Grace Pointe Church, Saint Cloud, Fl\" \/>\n<meta property=\"og:url\" content=\"https:\/\/gracepointestcloud.com\/es\/afiliacion-convergente\" \/>\n<meta property=\"og:site_name\" content=\"Grace Pointe Church, Saint Cloud, Fl\" \/>\n<meta property=\"article:publisher\" content=\"https:\/\/www.facebook.com\/gracepointechurchstcloud\" \/>\n<meta property=\"article:modified_time\" content=\"2026-02-16T20:26:56+00:00\" \/>\n<meta property=\"og:image\" content=\"https:\/\/gracepointestcloud.com\/wp-content\/uploads\/2022\/02\/Logo_Converge.jpg\" \/>\n\t<meta property=\"og:image:width\" content=\"600\" \/>\n\t<meta property=\"og:image:height\" content=\"600\" \/>\n\t<meta property=\"og:image:type\" content=\"image\/jpeg\" \/>\n<meta name=\"twitter:card\" content=\"summary_large_image\" \/>\n<meta name=\"twitter:label1\" content=\"Tiempo de lectura\" \/>\n\t<meta name=\"twitter:data1\" content=\"3 minutos\" \/>\n<script type=\"application\/ld+json\" class=\"yoast-schema-graph\">{\"@context\":\"https:\/\/schema.org\",\"@graph\":[{\"@type\":\"WebPage\",\"@id\":\"https:\/\/gracepointestcloud.com\/converge-affiliation\",\"url\":\"https:\/\/gracepointestcloud.com\/converge-affiliation\",\"name\":\"Converge Affiliation | Grace Pointe Church, Saint Cloud, Fl\",\"isPartOf\":{\"@id\":\"https:\/\/gracepointestcloud.com\/#website\"},\"primaryImageOfPage\":{\"@id\":\"https:\/\/gracepointestcloud.com\/converge-affiliation#primaryimage\"},\"image\":{\"@id\":\"https:\/\/gracepointestcloud.com\/converge-affiliation#primaryimage\"},\"thumbnailUrl\":\"https:\/\/gracepointestcloud.com\/wp-content\/uploads\/2022\/02\/Logo_Converge.jpg\",\"datePublished\":\"2022-02-16T19:22:45+00:00\",\"dateModified\":\"2026-02-16T20:26:56+00:00\",\"breadcrumb\":{\"@id\":\"https:\/\/gracepointestcloud.com\/converge-affiliation#breadcrumb\"},\"inLanguage\":\"es\",\"potentialAction\":[{\"@type\":\"ReadAction\",\"target\":[\"https:\/\/gracepointestcloud.com\/converge-affiliation\"]}]},{\"@type\":\"ImageObject\",\"inLanguage\":\"es\",\"@id\":\"https:\/\/gracepointestcloud.com\/converge-affiliation#primaryimage\",\"url\":\"https:\/\/gracepointestcloud.com\/wp-content\/uploads\/2022\/02\/Logo_Converge.jpg\",\"contentUrl\":\"https:\/\/gracepointestcloud.com\/wp-content\/uploads\/2022\/02\/Logo_Converge.jpg\",\"width\":600,\"height\":600},{\"@type\":\"BreadcrumbList\",\"@id\":\"https:\/\/gracepointestcloud.com\/converge-affiliation#breadcrumb\",\"itemListElement\":[{\"@type\":\"ListItem\",\"position\":1,\"name\":\"Home\",\"item\":\"https:\/\/gracepointestcloud.com\/\"},{\"@type\":\"ListItem\",\"position\":2,\"name\":\"Converge Affiliation\"}]},{\"@type\":\"WebSite\",\"@id\":\"https:\/\/gracepointestcloud.com\/#website\",\"url\":\"https:\/\/gracepointestcloud.com\/\",\"name\":\"Grace Pointe Church, Saint Cloud, Fl\",\"description\":\"Making more and better disciples of Jesus Christ, together.\",\"publisher\":{\"@id\":\"https:\/\/gracepointestcloud.com\/#organization\"},\"potentialAction\":[{\"@type\":\"SearchAction\",\"target\":{\"@type\":\"EntryPoint\",\"urlTemplate\":\"https:\/\/gracepointestcloud.com\/?s={search_term_string}\"},\"query-input\":{\"@type\":\"PropertyValueSpecification\",\"valueRequired\":true,\"valueName\":\"search_term_string\"}}],\"inLanguage\":\"es\"},{\"@type\":\"Organization\",\"@id\":\"https:\/\/gracepointestcloud.com\/#organization\",\"name\":\"Grace Pointe Church\",\"url\":\"https:\/\/gracepointestcloud.com\/\",\"logo\":{\"@type\":\"ImageObject\",\"inLanguage\":\"es\",\"@id\":\"https:\/\/gracepointestcloud.com\/#\/schema\/logo\/image\/\",\"url\":\"https:\/\/gracepointestcloud.com\/wp-content\/uploads\/2022\/02\/Logo_GracePointe_Square_WhiteOverBlue-e1643949139219.jpg\",\"contentUrl\":\"https:\/\/gracepointestcloud.com\/wp-content\/uploads\/2022\/02\/Logo_GracePointe_Square_WhiteOverBlue-e1643949139219.jpg\",\"width\":400,\"height\":400,\"caption\":\"Grace Pointe Church\"},\"image\":{\"@id\":\"https:\/\/gracepointestcloud.com\/#\/schema\/logo\/image\/\"},\"sameAs\":[\"https:\/\/www.facebook.com\/gracepointechurchstcloud\",\"https:\/\/www.linkedin.com\/company\/gracepointechurchstcloud\",\"https:\/\/www.youtube.com\/gracepointechurchstcloud\"]}]}<\/script>\n<!-- \/ Yoast SEO plugin. -->","yoast_head_json":{"title":"Converge Affiliation | Grace Pointe Church, Saint Cloud, Fl","robots":{"index":"index","follow":"follow","max-snippet":"max-snippet:-1","max-image-preview":"max-image-preview:large","max-video-preview":"max-video-preview:-1"},"canonical":"https:\/\/gracepointestcloud.com\/es\/afiliacion-convergente","og_locale":"es_ES","og_type":"article","og_title":"Converge Affiliation | Grace Pointe Church, Saint Cloud, Fl","og_url":"https:\/\/gracepointestcloud.com\/es\/afiliacion-convergente","og_site_name":"Grace Pointe Church, Saint Cloud, Fl","article_publisher":"https:\/\/www.facebook.com\/gracepointechurchstcloud","article_modified_time":"2026-02-16T20:26:56+00:00","og_image":[{"width":600,"height":600,"url":"https:\/\/gracepointestcloud.com\/wp-content\/uploads\/2022\/02\/Logo_Converge.jpg","type":"image\/jpeg"}],"twitter_card":"summary_large_image","twitter_misc":{"Tiempo de lectura":"3 minutos"},"schema":{"@context":"https:\/\/schema.org","@graph":[{"@type":"WebPage","@id":"https:\/\/gracepointestcloud.com\/converge-affiliation","url":"https:\/\/gracepointestcloud.com\/converge-affiliation","name":"Converge Affiliation | Grace Pointe Church, Saint Cloud, Fl","isPartOf":{"@id":"https:\/\/gracepointestcloud.com\/#website"},"primaryImageOfPage":{"@id":"https:\/\/gracepointestcloud.com\/converge-affiliation#primaryimage"},"image":{"@id":"https:\/\/gracepointestcloud.com\/converge-affiliation#primaryimage"},"thumbnailUrl":"https:\/\/gracepointestcloud.com\/wp-content\/uploads\/2022\/02\/Logo_Converge.jpg","datePublished":"2022-02-16T19:22:45+00:00","dateModified":"2026-02-16T20:26:56+00:00","breadcrumb":{"@id":"https:\/\/gracepointestcloud.com\/converge-affiliation#breadcrumb"},"inLanguage":"es","potentialAction":[{"@type":"ReadAction","target":["https:\/\/gracepointestcloud.com\/converge-affiliation"]}]},{"@type":"ImageObject","inLanguage":"es","@id":"https:\/\/gracepointestcloud.com\/converge-affiliation#primaryimage","url":"https:\/\/gracepointestcloud.com\/wp-content\/uploads\/2022\/02\/Logo_Converge.jpg","contentUrl":"https:\/\/gracepointestcloud.com\/wp-content\/uploads\/2022\/02\/Logo_Converge.jpg","width":600,"height":600},{"@type":"BreadcrumbList","@id":"https:\/\/gracepointestcloud.com\/converge-affiliation#breadcrumb","itemListElement":[{"@type":"ListItem","position":1,"name":"Home","item":"https:\/\/gracepointestcloud.com\/"},{"@type":"ListItem","position":2,"name":"Converge Affiliation"}]},{"@type":"WebSite","@id":"https:\/\/gracepointestcloud.com\/#website","url":"https:\/\/gracepointestcloud.com\/","name":"Grace Pointe Church, Saint Cloud, Fl","description":"Making more and better disciples of Jesus Christ, together.","publisher":{"@id":"https:\/\/gracepointestcloud.com\/#organization"},"potentialAction":[{"@type":"SearchAction","target":{"@type":"EntryPoint","urlTemplate":"https:\/\/gracepointestcloud.com\/?s={search_term_string}"},"query-input":{"@type":"PropertyValueSpecification","valueRequired":true,"valueName":"search_term_string"}}],"inLanguage":"es"},{"@type":"Organization","@id":"https:\/\/gracepointestcloud.com\/#organization","name":"Grace Pointe Church","url":"https:\/\/gracepointestcloud.com\/","logo":{"@type":"ImageObject","inLanguage":"es","@id":"https:\/\/gracepointestcloud.com\/#\/schema\/logo\/image\/","url":"https:\/\/gracepointestcloud.com\/wp-content\/uploads\/2022\/02\/Logo_GracePointe_Square_WhiteOverBlue-e1643949139219.jpg","contentUrl":"https:\/\/gracepointestcloud.com\/wp-content\/uploads\/2022\/02\/Logo_GracePointe_Square_WhiteOverBlue-e1643949139219.jpg","width":400,"height":400,"caption":"Grace Pointe Church"},"image":{"@id":"https:\/\/gracepointestcloud.com\/#\/schema\/logo\/image\/"},"sameAs":["https:\/\/www.facebook.com\/gracepointechurchstcloud","https:\/\/www.linkedin.com\/company\/gracepointechurchstcloud","https:\/\/www.youtube.com\/gracepointechurchstcloud"]}]}},"_links":{"self":[{"href":"https:\/\/gracepointestcloud.com\/es\/wp-json\/wp\/v2\/pages\/6290","targetHints":{"allow":["GET"]}}],"collection":[{"href":"https:\/\/gracepointestcloud.com\/es\/wp-json\/wp\/v2\/pages"}],"about":[{"href":"https:\/\/gracepointestcloud.com\/es\/wp-json\/wp\/v2\/types\/page"}],"author":[{"embeddable":true,"href":"https:\/\/gracepointestcloud.com\/es\/wp-json\/wp\/v2\/users\/1"}],"replies":[{"embeddable":true,"href":"https:\/\/gracepointestcloud.com\/es\/wp-json\/wp\/v2\/comments?post=6290"}],"version-history":[{"count":26,"href":"https:\/\/gracepointestcloud.com\/es\/wp-json\/wp\/v2\/pages\/6290\/revisions"}],"predecessor-version":[{"id":11412,"href":"https:\/\/gracepointestcloud.com\/es\/wp-json\/wp\/v2\/pages\/6290\/revisions\/11412"}],"wp:featuredmedia":[{"embeddable":true,"href":"https:\/\/gracepointestcloud.com\/es\/wp-json\/wp\/v2\/media\/6312"}],"wp:attachment":[{"href":"https:\/\/gracepointestcloud.com\/es\/wp-json\/wp\/v2\/media?parent=6290"}],"curies":[{"name":"wp","href":"https:\/\/api.w.org\/{rel}","templated":true}]}}