{"id":5424,"date":"2021-11-29T03:57:22","date_gmt":"2021-11-29T03:57:22","guid":{"rendered":"https:\/\/www.gracepointestcloud.com\/?page_id=5424"},"modified":"2024-10-21T21:37:35","modified_gmt":"2024-10-22T02:37:35","slug":"becoming-grace-pointe-church","status":"publish","type":"page","link":"https:\/\/gracepointestcloud.com\/es\/convertirse-en-la-iglesia-grace-pointe","title":{"rendered":"Nuestra historia"},"content":{"rendered":"<style type=\"text\/css\">.headline_outer {background-position: center;} <\/style>\r\n<h2 class=\"wp-block-heading\" id=\"why-the-change\" style=\"margin-top:50px;\">Nuestra historia<\/h2>\r\n\r\n\r\n\r\n<p>Grace Pointe Church se lanz\u00f3 el 15 de septiembre de 2019 como la <strong>Campus de Saint Cloud de <a href=\"http:\/\/www.44life.com\" target=\"ccc\" rel=\"noopener\"><strong>Iglesia Celebration Community<\/strong><\/a><\/strong>.<\/p>\r\n\r\n\r\n\r\n<div style=\"text-align: center; margin-bottom:20px;\"><img decoding=\"async\" src=\"https:\/\/gracepointestcloud.com\/wp-content\/uploads\/2024\/10\/PagePhotos_OutHistory_CCCSign-scaled.jpeg\" style=\"width: 40%; margin: 5px; border: #000000 solid 1px;\"><img decoding=\"async\" src=\"https:\/\/gracepointestcloud.com\/wp-content\/uploads\/2024\/10\/PagePhotos_OutHistory_CCCLaunch-scaled.jpeg\" style=\"width: 40%; margin: 5px; border: #000000 solid 1px;\"><\/div>\r\n \r\n\r\n\r\n<p>Cuando COVID-19 comenz\u00f3, fuimos obligados a abandonar nuestro hogar en Saint Cloud Elementary, reagruparse, y orar acerca de c\u00f3mo seguir adelante en el mandato que Dios nos dio.<\/p>\r\n\r\n\r\n\r\n<p>En 2020, relanzamos los servicios a orillas del lago de St. Cloud con el nombre de 'Iglesia a Orillas del Lago.' La asistencia aument\u00f3 de alrededor de 30 a m\u00e1s de 100 r\u00e1pidamente. Conocimos a nuevos visitantes cada semana y Dios bendijo a la iglesia ricamente con nuevos grupos de vida, nuevos socios, e incluso algunos hombres que se convertir\u00edan en futuros ancianos en los pr\u00f3ximos a\u00f1os. Nos reun\u00edamos lloviera o hiciera sol e incluso ofrec\u00edamos servicios desde el coche (a trav\u00e9s de la radio FM) para aquellos a los que les preocupaba reunirse en persona en 2020.<\/p>\r\n\r\n\r\n\r\n<div style=\"text-align: center; margin-bottom:20px;\"><img decoding=\"async\" src=\"https:\/\/gracepointestcloud.com\/wp-content\/uploads\/2024\/10\/PagePhotos_OutHistory_ChurchattheLakefront-scaled.jpg\" style=\"width: 50%; margin: 5px; border: #000000 solid 1px;\"><\/div>\r\n\r\n\r\n\r\n<p>Cuando las temperaturas subieron en la primavera de 2021, nos dimos cuenta de que necesit\u00e1bamos encontrar un espacio interior para reunirnos. Dios nos gui\u00f3 al Centro Comunitario de St. Cloud en la calle 17. Durante este tiempo todos los ministerios experimentaron un crecimiento masivo-especialmente nuestro ministerio de ni\u00f1os, que no se hab\u00eda reunido desde febrero de 2020. \u00a1M\u00e1s de 60 adultos se unieron a los diversos equipos de voluntarios alrededor de la iglesia en menos de 30 d\u00edas!<\/p>\r\n\r\n\r\n\r\n<div style=\"text-align: center; margin-bottom:20px;\"><img decoding=\"async\" src=\"https:\/\/gracepointestcloud.com\/wp-content\/uploads\/2024\/10\/PagePhotos_OutHistory_CommunityCenter-e1729563763719.jpg\" style=\"width: 50%; margin: 5px; border: #000000 solid 1px;\"><\/div>\r\n\r\n\r\n\r\n<p>El calendario del Centro Comunitario comenz\u00f3 a llenarse con otras actividades dominicales en el oto\u00f1o de 2021, lo que nos llev\u00f3 a reunirnos en Saint Cloud Middle School durante un mes. M\u00e1s tarde ese oto\u00f1o, el departamento de Parques y Recreaci\u00f3n de Saint Cloud notific\u00f3 a la iglesia que el Centro Comunitario podr\u00eda no estar disponible los domingos. Decidimos mudarnos a un lugar m\u00e1s confiable y Dios provey\u00f3 Michigan Avenue Elementary, \u00a1donde la iglesia pudo reunirse sin impedimentos por el clima o conflictos de calendario por m\u00e1s de un a\u00f1o! La iglesia creci\u00f3 de nuevo significativamente durante este tiempo. Grace Pointe Kids finalmente tuvo suficiente espacio para abrir todas las aulas separadas de nivel de grado que necesitaba con el fin de ense\u00f1ar a los ni\u00f1os con eficacia.<\/p>\r\n\r\n\r\n\r\n<div style=\"text-align: center; margin-bottom:20px;\"><img decoding=\"async\" src=\"https:\/\/gracepointestcloud.com\/wp-content\/uploads\/2024\/10\/PagePhotos_OutHistory_MichiganAve-scaled.jpeg\" style=\"width: 50%; margin: 5px; border: #000000 solid 1px;\"><\/div>\r\n\r\n\r\n\r\n<p>De 2020 a 2022 nos enfrentamos a numerosos retos, entre ellos el de tener que trasladar peri\u00f3dicamente nuestra sede debido a problemas meteorol\u00f3gicos o a conflictos de programaci\u00f3n con nuestros anfitriones. Pero, \u00a1lo que Dios hizo durante este tiempo fue nada menos que milagroso! Esos a\u00f1os crearon un tiempo inh\u00f3spito para plantar una iglesia, y s\u00f3lo Dios merece el cr\u00e9dito por habernos preservado. \u00c9l lanz\u00f3 y hizo crecer una iglesia saludable en un momento en que nadie esperar\u00eda que una nueva iglesia pudiera sobrevivir. Dios derram\u00f3 una inmensa bondad sobre nosotros y Celebration Community Church tambi\u00e9n tom\u00f3 nota. Los l\u00edderes de ambos campus estuvieron de acuerdo en que nuestro campus se encontraba en una coyuntura importante, con la capacidad de elevarse a mayores alturas. Hab\u00eda tantas se\u00f1ales positivas que juntos decidimos que el campus de St. Cloud pasara a funcionar como una iglesia aut\u00f3noma, con el nombre de Grace Pointe Church.<\/p>\r\n\r\n\r\n\r\n<p>Aqu\u00ed est\u00e1n las grabaciones de este anuncio, compartido tanto en Celebration Community Church (por el Pastor Principal Gregg Heinsch) como en Grace Pointe Church (por el Pastor Principal Mike Chandler) en 2021:<\/p>\r\n\r\n\r\n\r\n<p><iframe loading=\"lazy\" style=\"margin: 0 auto;\" width=\"560\" height=\"315\" src=\"https:\/\/www.youtube.com\/embed\/ir_-1rwpvFo\" title=\"Reproductor de v\u00eddeo YouTube\" frameborder=\"0\" allow=\"accelerometer; autoplay; clipboard-write; encrypted-media; gyroscope; picture-in-picture; web-share\" allowfullscreen><\/iframe><\/p>\r\n\r\n\r\n\r\n<p>Grace Pointe Church se hizo totalmente aut\u00f3noma el Domingo de Resurrecci\u00f3n, 17 de abril de 2022. Se eligieron nuevos ancianos y la iglesia se independiz\u00f3 administrativa y financieramente de Celebration Community Church, formando su propio 501(c)(3). Ese mismo a\u00f1o, Dios provey\u00f3 un hogar m\u00e1s permanente para la congregaci\u00f3n en su ubicaci\u00f3n actual: 29 East 13th Street. Aunque los ancianos estaban preparados para permanecer en Michigan Avenue Elementary (potencialmente) por a\u00f1os, \u00a1Dios ten\u00eda otras bendiciones en mente! El domingo, 2 de diciembre de 2022, el Pastor Mike compartio este anuncio con la iglesia durante el servicio de adoracion:<\/p>\r\n\r\n\r\n\r\n<p><iframe loading=\"lazy\" style=\"margin: 0 auto;\" width=\"560\" height=\"315\" src=\"https:\/\/www.youtube.com\/embed\/biT27dp1Rs8\" title=\"Reproductor de v\u00eddeo YouTube\" frameborder=\"0\" allow=\"accelerometer; autoplay; clipboard-write; encrypted-media; gyroscope; picture-in-picture; web-share\" allowfullscreen><\/iframe><\/p>\r\n\r\n\r\n\r\n<h2 class=\"wp-block-heading\" id=\"will-our-logo-change\"><br \/>\u00bfDe d\u00f3nde procede nuestro logotipo?<\/h2>\r\n\r\n\r\n\r\n<p><img decoding=\"async\" style=\"float: left; width: 200px; height: 200px; margin-right: 30px; margin-bottom: 20px;\" src=\"https:\/\/gracepointestcloud.com\/wp-content\/uploads\/2021\/11\/Logo_GracePoint_NoWords.png\" \/><\/p>\r\n<p>Heredamos nuestro logotipo de nuestra iglesia fundadora, <a href=\"http:\/\/www.44life.com\" target=\"ccc\" rel=\"noopener\">Iglesia Celebration Community<\/a>.<\/p>\r\n<ol style=\"font-weight: bold; margin-left: 15px;\">\r\n<li><span style=\"font-weight: normal;\">El logotipo representa <a href=\"https:\/\/gracepointestcloud.com\/es\/la-vida-44\/\">la Vida 44<\/a>que es una parte importante de la cultura de nuestra iglesia. Representa nuestra visi\u00f3n de la creaci\u00f3n, la historia, la Iglesia y mucho m\u00e1s. Nos recuerda los principios de nuestra fe que debemos perseguir con constancia. Nuestro logotipo es la representaci\u00f3n ideal de las 4 b\u00fasquedas y las 4 realidades.<\/span><\/li>\r\n<li><span style=\"font-weight: normal;\">Tener el mismo logotipo que Celebration Community Church nos ha ayudado a mantener cierta continuidad entre las dos iglesias y otras iglesias que plantamos juntos.<\/span><\/li>\r\n<\/ol>\r\n\r\n\r\n\r\n<h2 class=\"wp-block-heading\" id=\"where-did-the-name-grace-pointe-come-from\"><br \/>\u00bfDe d\u00f3nde procede el nombre \"Grace Pointe\"?<\/h2>\r\n\r\n\r\n\r\n<h5>El nombre Grace Pointe Church fue elegido por nuestro Equipo de Transici\u00f3n con el liderazgo de nuestro Pastor, Mike Chandler. El nombre fue elegido principalmente porque se adapta a nuestro logotipo.<\/h5>\r\n\r\n\r\n\r\n<blockquote class=\"wp-block-quote is-layout-flow wp-block-quote-is-layout-flow\">\r\n<p>El logotipo anterior representa <strong>las 4 realidades como 4 arcos<\/strong> que abarca el mundo y toda la historia. Las 4 realidades representan una forma de resumir el argumento de la Biblia. Se llaman \"realidades\" porque cada una de ellas es cierta, creamos o no en ellas. El hecho de que sean ciertas determina nuestra comprensi\u00f3n de la vida, el pecado, Cristo, el futuro y nosotros mismos. <strong>las 4 b\u00fasquedas como 4 flechas<\/strong> dirigida al <strong>cruz en el centro<\/strong>. Los 4 objetivos representan disciplinas clave en la vida centrada en Cristo. Dan definici\u00f3n a nuestra fe, la acci\u00f3n y la direcci\u00f3n de creer a Jes\u00fas.<\/p>\r\n<\/blockquote>\r\n\r\n\r\n\r\n<h5 class=\"wp-block-heading\" id=\"the-name-grace-pointe-was-chosen-as-a-name-to-describe-the-center-of-our-logo-the-place-where-grace-is-offered-on-the-cross-or-the-pointe-of-grace\">El nombre Grace Pointe se eligi\u00f3 para describir el centro de nuestro logotipo: el lugar donde se ofrece la gracia en la cruz, o el \"Punto de Gracia\".<\/h5>\r\n\r\n\r\n\r\n<blockquote class=\"wp-block-quote is-layout-flow wp-block-quote-is-layout-flow\">\r\n<p><strong>Grace Pointe (adjetivo + sustantivo)<\/strong>el lugar de la gracia.<\/p>\r\n<\/blockquote>\r\n\r\n\r\n\r\n<h5>M\u00e1s que nada, esperamos que este nombre represente el evangelio a nuestra comunidad de St. Cloud. Jes\u00fas ha ofrecido gracia en la cruz, y oramos para que nuestros servicios de adoraci\u00f3n, grupos de vida, reuniones de oraci\u00f3n, y todas las dem\u00e1s actividades de Grace Pointe Church sirvan como oportunidades para que experimenten esa gracia.<\/h5>\r\n\r\n\r\n\r\n<h2 class=\"wp-block-heading\" id=\"what-will-be-the-nature-of-our-new-relationship-to-celebration-community-church\"><br \/>\u00bfAhora cu\u00e1l es la naturaleza de nuestra relaci\u00f3n con Celebration Community Church?<\/h2>\r\n\r\n\r\n\r\n<p style=\"margin-bottom: 50px;\"><a href=\"http:\/\/www.44life.com\">Iglesia Celebration Community<\/a> \u00a1es nuestra iglesia hermana! Mantenemos una asociaci\u00f3n con CCC hasta el d\u00eda de hoy.<\/p>\r\n\r\n<p><\/p>","protected":false},"excerpt":{"rendered":"<p>Nuestra Historia Grace Pointe Church se lanz\u00f3 el 15 de septiembre de 2019 como el Campus de Saint Cloud de Celebration Community Church. Cuando COVID-19 golpe\u00f3, nos vimos obligados a dejar nuestro lugar de reuni\u00f3n en Saint Cloud Elementary, reagruparnos y orar sobre c\u00f3mo avanzar en el llamado que Dios nos dio. En 2020, relanzamos los servicios de adoraci\u00f3n en...<\/p>","protected":false},"author":1,"featured_media":0,"parent":0,"menu_order":0,"comment_status":"closed","ping_status":"closed","template":"","meta":{"footnotes":""},"class_list":["post-5424","page","type-page","status-publish","hentry"],"yoast_head":"<!-- This site is optimized with the Yoast SEO plugin v23.6 - https:\/\/yoast.com\/wordpress\/plugins\/seo\/ -->\n<title>Our History | Grace Pointe Church, Saint Cloud, Fl<\/title>\n<meta name=\"robots\" content=\"index, follow, max-snippet:-1, max-image-preview:large, max-video-preview:-1\" \/>\n<link rel=\"canonical\" href=\"https:\/\/gracepointestcloud.com\/es\/convertirse-en-la-iglesia-grace-pointe\" \/>\n<meta property=\"og:locale\" content=\"es_ES\" \/>\n<meta property=\"og:type\" content=\"article\" \/>\n<meta property=\"og:title\" content=\"Our History | Grace Pointe Church, Saint Cloud, Fl\" \/>\n<meta property=\"og:description\" content=\"Our History Grace Pointe Church launched on September 15, 2019 as the Saint Cloud Campus of Celebration Community Church. When COVID-19 hit, we were forced to leave our meeting location at Saint Cloud Elementary, regroup, and pray about how to move forward in the calling God gave us. In 2020, we relaunched worship services at...\" \/>\n<meta property=\"og:url\" content=\"https:\/\/gracepointestcloud.com\/es\/convertirse-en-la-iglesia-grace-pointe\" \/>\n<meta property=\"og:site_name\" content=\"Grace Pointe Church, Saint Cloud, Fl\" \/>\n<meta property=\"article:publisher\" content=\"https:\/\/www.facebook.com\/gracepointechurchstcloud\" \/>\n<meta property=\"article:modified_time\" content=\"2024-10-22T02:37:35+00:00\" \/>\n<meta property=\"og:image\" content=\"https:\/\/gracepointestcloud.com\/wp-content\/uploads\/2024\/10\/PagePhotos_OutHistory_CCCSign-scaled.jpeg\" \/>\n<meta name=\"twitter:card\" content=\"summary_large_image\" \/>\n<meta name=\"twitter:label1\" content=\"Tiempo de lectura\" \/>\n\t<meta name=\"twitter:data1\" content=\"4 minutos\" \/>\n<script type=\"application\/ld+json\" class=\"yoast-schema-graph\">{\"@context\":\"https:\/\/schema.org\",\"@graph\":[{\"@type\":\"WebPage\",\"@id\":\"https:\/\/gracepointestcloud.com\/becoming-grace-pointe-church\",\"url\":\"https:\/\/gracepointestcloud.com\/becoming-grace-pointe-church\",\"name\":\"Our History | Grace Pointe Church, Saint Cloud, Fl\",\"isPartOf\":{\"@id\":\"https:\/\/gracepointestcloud.com\/#website\"},\"primaryImageOfPage\":{\"@id\":\"https:\/\/gracepointestcloud.com\/becoming-grace-pointe-church#primaryimage\"},\"image\":{\"@id\":\"https:\/\/gracepointestcloud.com\/becoming-grace-pointe-church#primaryimage\"},\"thumbnailUrl\":\"https:\/\/gracepointestcloud.com\/wp-content\/uploads\/2024\/10\/PagePhotos_OutHistory_CCCSign-scaled.jpeg\",\"datePublished\":\"2021-11-29T03:57:22+00:00\",\"dateModified\":\"2024-10-22T02:37:35+00:00\",\"breadcrumb\":{\"@id\":\"https:\/\/gracepointestcloud.com\/becoming-grace-pointe-church#breadcrumb\"},\"inLanguage\":\"es\",\"potentialAction\":[{\"@type\":\"ReadAction\",\"target\":[\"https:\/\/gracepointestcloud.com\/becoming-grace-pointe-church\"]}]},{\"@type\":\"ImageObject\",\"inLanguage\":\"es\",\"@id\":\"https:\/\/gracepointestcloud.com\/becoming-grace-pointe-church#primaryimage\",\"url\":\"https:\/\/gracepointestcloud.com\/wp-content\/uploads\/2024\/10\/PagePhotos_OutHistory_CCCSign-scaled.jpeg\",\"contentUrl\":\"https:\/\/gracepointestcloud.com\/wp-content\/uploads\/2024\/10\/PagePhotos_OutHistory_CCCSign-scaled.jpeg\"},{\"@type\":\"BreadcrumbList\",\"@id\":\"https:\/\/gracepointestcloud.com\/becoming-grace-pointe-church#breadcrumb\",\"itemListElement\":[{\"@type\":\"ListItem\",\"position\":1,\"name\":\"Home\",\"item\":\"https:\/\/gracepointestcloud.com\/\"},{\"@type\":\"ListItem\",\"position\":2,\"name\":\"Our History\"}]},{\"@type\":\"WebSite\",\"@id\":\"https:\/\/gracepointestcloud.com\/#website\",\"url\":\"https:\/\/gracepointestcloud.com\/\",\"name\":\"Grace Pointe Church, Saint Cloud, Fl\",\"description\":\"Making more and better disciples of Jesus Christ, together.\",\"publisher\":{\"@id\":\"https:\/\/gracepointestcloud.com\/#organization\"},\"potentialAction\":[{\"@type\":\"SearchAction\",\"target\":{\"@type\":\"EntryPoint\",\"urlTemplate\":\"https:\/\/gracepointestcloud.com\/?s={search_term_string}\"},\"query-input\":{\"@type\":\"PropertyValueSpecification\",\"valueRequired\":true,\"valueName\":\"search_term_string\"}}],\"inLanguage\":\"es\"},{\"@type\":\"Organization\",\"@id\":\"https:\/\/gracepointestcloud.com\/#organization\",\"name\":\"Grace Pointe Church\",\"url\":\"https:\/\/gracepointestcloud.com\/\",\"logo\":{\"@type\":\"ImageObject\",\"inLanguage\":\"es\",\"@id\":\"https:\/\/gracepointestcloud.com\/#\/schema\/logo\/image\/\",\"url\":\"https:\/\/gracepointestcloud.com\/wp-content\/uploads\/2022\/02\/Logo_GracePointe_Square_WhiteOverBlue-e1643949139219.jpg\",\"contentUrl\":\"https:\/\/gracepointestcloud.com\/wp-content\/uploads\/2022\/02\/Logo_GracePointe_Square_WhiteOverBlue-e1643949139219.jpg\",\"width\":400,\"height\":400,\"caption\":\"Grace Pointe Church\"},\"image\":{\"@id\":\"https:\/\/gracepointestcloud.com\/#\/schema\/logo\/image\/\"},\"sameAs\":[\"https:\/\/www.facebook.com\/gracepointechurchstcloud\",\"https:\/\/www.linkedin.com\/company\/gracepointechurchstcloud\",\"https:\/\/www.youtube.com\/gracepointechurchstcloud\"]}]}<\/script>\n<!-- \/ Yoast SEO plugin. -->","yoast_head_json":{"title":"Our History | Grace Pointe Church, Saint Cloud, Fl","robots":{"index":"index","follow":"follow","max-snippet":"max-snippet:-1","max-image-preview":"max-image-preview:large","max-video-preview":"max-video-preview:-1"},"canonical":"https:\/\/gracepointestcloud.com\/es\/convertirse-en-la-iglesia-grace-pointe","og_locale":"es_ES","og_type":"article","og_title":"Our History | Grace Pointe Church, Saint Cloud, Fl","og_description":"Our History Grace Pointe Church launched on September 15, 2019 as the Saint Cloud Campus of Celebration Community Church. When COVID-19 hit, we were forced to leave our meeting location at Saint Cloud Elementary, regroup, and pray about how to move forward in the calling God gave us. In 2020, we relaunched worship services at...","og_url":"https:\/\/gracepointestcloud.com\/es\/convertirse-en-la-iglesia-grace-pointe","og_site_name":"Grace Pointe Church, Saint Cloud, Fl","article_publisher":"https:\/\/www.facebook.com\/gracepointechurchstcloud","article_modified_time":"2024-10-22T02:37:35+00:00","og_image":[{"url":"https:\/\/gracepointestcloud.com\/wp-content\/uploads\/2024\/10\/PagePhotos_OutHistory_CCCSign-scaled.jpeg"}],"twitter_card":"summary_large_image","twitter_misc":{"Tiempo de lectura":"4 minutos"},"schema":{"@context":"https:\/\/schema.org","@graph":[{"@type":"WebPage","@id":"https:\/\/gracepointestcloud.com\/becoming-grace-pointe-church","url":"https:\/\/gracepointestcloud.com\/becoming-grace-pointe-church","name":"Our History | Grace Pointe Church, Saint Cloud, Fl","isPartOf":{"@id":"https:\/\/gracepointestcloud.com\/#website"},"primaryImageOfPage":{"@id":"https:\/\/gracepointestcloud.com\/becoming-grace-pointe-church#primaryimage"},"image":{"@id":"https:\/\/gracepointestcloud.com\/becoming-grace-pointe-church#primaryimage"},"thumbnailUrl":"https:\/\/gracepointestcloud.com\/wp-content\/uploads\/2024\/10\/PagePhotos_OutHistory_CCCSign-scaled.jpeg","datePublished":"2021-11-29T03:57:22+00:00","dateModified":"2024-10-22T02:37:35+00:00","breadcrumb":{"@id":"https:\/\/gracepointestcloud.com\/becoming-grace-pointe-church#breadcrumb"},"inLanguage":"es","potentialAction":[{"@type":"ReadAction","target":["https:\/\/gracepointestcloud.com\/becoming-grace-pointe-church"]}]},{"@type":"ImageObject","inLanguage":"es","@id":"https:\/\/gracepointestcloud.com\/becoming-grace-pointe-church#primaryimage","url":"https:\/\/gracepointestcloud.com\/wp-content\/uploads\/2024\/10\/PagePhotos_OutHistory_CCCSign-scaled.jpeg","contentUrl":"https:\/\/gracepointestcloud.com\/wp-content\/uploads\/2024\/10\/PagePhotos_OutHistory_CCCSign-scaled.jpeg"},{"@type":"BreadcrumbList","@id":"https:\/\/gracepointestcloud.com\/becoming-grace-pointe-church#breadcrumb","itemListElement":[{"@type":"ListItem","position":1,"name":"Home","item":"https:\/\/gracepointestcloud.com\/"},{"@type":"ListItem","position":2,"name":"Our History"}]},{"@type":"WebSite","@id":"https:\/\/gracepointestcloud.com\/#website","url":"https:\/\/gracepointestcloud.com\/","name":"Grace Pointe Church, Saint Cloud, Fl","description":"Making more and better disciples of Jesus Christ, together.","publisher":{"@id":"https:\/\/gracepointestcloud.com\/#organization"},"potentialAction":[{"@type":"SearchAction","target":{"@type":"EntryPoint","urlTemplate":"https:\/\/gracepointestcloud.com\/?s={search_term_string}"},"query-input":{"@type":"PropertyValueSpecification","valueRequired":true,"valueName":"search_term_string"}}],"inLanguage":"es"},{"@type":"Organization","@id":"https:\/\/gracepointestcloud.com\/#organization","name":"Grace Pointe Church","url":"https:\/\/gracepointestcloud.com\/","logo":{"@type":"ImageObject","inLanguage":"es","@id":"https:\/\/gracepointestcloud.com\/#\/schema\/logo\/image\/","url":"https:\/\/gracepointestcloud.com\/wp-content\/uploads\/2022\/02\/Logo_GracePointe_Square_WhiteOverBlue-e1643949139219.jpg","contentUrl":"https:\/\/gracepointestcloud.com\/wp-content\/uploads\/2022\/02\/Logo_GracePointe_Square_WhiteOverBlue-e1643949139219.jpg","width":400,"height":400,"caption":"Grace Pointe Church"},"image":{"@id":"https:\/\/gracepointestcloud.com\/#\/schema\/logo\/image\/"},"sameAs":["https:\/\/www.facebook.com\/gracepointechurchstcloud","https:\/\/www.linkedin.com\/company\/gracepointechurchstcloud","https:\/\/www.youtube.com\/gracepointechurchstcloud"]}]}},"_links":{"self":[{"href":"https:\/\/gracepointestcloud.com\/es\/wp-json\/wp\/v2\/pages\/5424","targetHints":{"allow":["GET"]}}],"collection":[{"href":"https:\/\/gracepointestcloud.com\/es\/wp-json\/wp\/v2\/pages"}],"about":[{"href":"https:\/\/gracepointestcloud.com\/es\/wp-json\/wp\/v2\/types\/page"}],"author":[{"embeddable":true,"href":"https:\/\/gracepointestcloud.com\/es\/wp-json\/wp\/v2\/users\/1"}],"replies":[{"embeddable":true,"href":"https:\/\/gracepointestcloud.com\/es\/wp-json\/wp\/v2\/comments?post=5424"}],"version-history":[{"count":75,"href":"https:\/\/gracepointestcloud.com\/es\/wp-json\/wp\/v2\/pages\/5424\/revisions"}],"predecessor-version":[{"id":10659,"href":"https:\/\/gracepointestcloud.com\/es\/wp-json\/wp\/v2\/pages\/5424\/revisions\/10659"}],"wp:attachment":[{"href":"https:\/\/gracepointestcloud.com\/es\/wp-json\/wp\/v2\/media?parent=5424"}],"curies":[{"name":"wp","href":"https:\/\/api.w.org\/{rel}","templated":true}]}}