{"id":5216,"date":"2021-11-25T17:42:31","date_gmt":"2021-11-25T17:42:31","guid":{"rendered":"https:\/\/www.gracepointestcloud.com\/?page_id=5216"},"modified":"2023-12-21T18:20:35","modified_gmt":"2023-12-21T23:20:35","slug":"student-ministry","status":"publish","type":"page","link":"https:\/\/gracepointestcloud.com\/es\/ministerio-estudiantil","title":{"rendered":"Pursuit (Grados 6-12)"},"content":{"rendered":"<style type=\"text\/css\"><\/style>\n<h3 class=\"wp-block-heading has-text-align-center\"><strong>Alumnos de grados 6-12:<\/strong><\/h3>\n\n\n\n<h2 class=\"wp-block-heading has-text-align-center pursuit_callout\">\u00danete a Pursuit los jueves de 18:30 a 20:00.<\/h2>\n\n\n\n<h3 class=\"wp-block-heading has-text-align-center pursuit_callout pursuit_location\">...en la Iglesia Grace Pointe<\/h3>\n\n\n\n<h4 class=\"wp-block-heading has-text-align-center pursuit_callout\">29 East 13th Street, Saint Cloud, Fl 34772<\/h4>\n\n\n\n<h3 class=\"wp-block-heading correction_downwardnudge\">Misi\u00f3n de Pursuit \/\/ \u00bfQu\u00e9 hacemos?<\/h3>\n\n\n\n<p>Pursuit existe para ayudar a los estudiantes a entender lo que significa ser un disc\u00edpulo de Cristo b\u00edblicamente y vivirlo en su vida diaria.<\/p>\n\n\n\n<h3 class=\"wp-block-heading\">Visi\u00f3n \/\/ \u00bfC\u00f3mo cumplimos nuestra misi\u00f3n?<\/h3>\n\n\n\n<p>Pursuit sigue la visi\u00f3n m\u00e1s amplia de Grace Pointe. Buscamos ayudar a los estudiantes a entender y vivir el discipulado como Cristo, persiguiendo la Palabra de Dios, el Esp\u00edritu de Dios, el Pueblo de Dios, y la Misi\u00f3n de Dios. Pursuit hace esto a trav\u00e9s de clases interactivas, eventos que fortalecen el compa\u00f1erismo, y la creaci\u00f3n de un ambiente de gracia para sus estudiantes.<\/p>\n\n\n\n<p><\/p>\n\n\n\n<div class=\"wp-block-buttons is-layout-flex wp-block-buttons-is-layout-flex\">\n<div class=\"wp-block-button\"><a class=\"wp-block-button__link wp-element-button\" href=\"https:\/\/gracepointestcloud.churchcenter.com\/groups\/ministry-groups\/pursuit-student-group\">Pr\u00f3ximos eventos...<\/a><\/div>\n<\/div>\n\n\n\n<p><br><\/p>","protected":false},"excerpt":{"rendered":"<p>Estudiantes de 6\u00ba a 12\u00ba curso: \u00a1\u00danete a Pursuit los jueves de 6:30 pm a 8:00 pm! ...en Grace Pointe Church 29 East 13th Street, Saint Cloud, Fl 34772 Misi\u00f3n de Pursuit \/\/ Lo que hacemos Pursuit existe para ayudar a los estudiantes a entender lo que significa ser un disc\u00edpulo de Cristo b\u00edblicamente y vivir eso en su...<\/p>","protected":false},"author":1,"featured_media":0,"parent":0,"menu_order":0,"comment_status":"closed","ping_status":"closed","template":"","meta":{"footnotes":""},"class_list":["post-5216","page","type-page","status-publish","hentry"],"yoast_head":"<!-- This site is optimized with the Yoast SEO plugin v23.6 - https:\/\/yoast.com\/wordpress\/plugins\/seo\/ -->\n<title>Pursuit (Grades 6-12) | Grace Pointe Church, Saint Cloud, Fl<\/title>\n<meta name=\"robots\" content=\"index, follow, max-snippet:-1, max-image-preview:large, max-video-preview:-1\" \/>\n<link rel=\"canonical\" href=\"https:\/\/gracepointestcloud.com\/es\/ministerio-estudiantil\" \/>\n<meta property=\"og:locale\" content=\"es_ES\" \/>\n<meta property=\"og:type\" content=\"article\" \/>\n<meta property=\"og:title\" content=\"Pursuit (Grades 6-12) | Grace Pointe Church, Saint Cloud, Fl\" \/>\n<meta property=\"og:description\" content=\"Students in grades 6-12: Join Pursuit on Thursdays from 6:30 pm to 8:00 pm! &#8230;at Grace Pointe Church 29 East 13th Street, Saint Cloud, Fl 34772 Pursuit&#8217;s Mission \/\/ What We Do Pursuit exists to help students understand what it means to be a disciple of Christ biblically and to live that out in their...\" \/>\n<meta property=\"og:url\" content=\"https:\/\/gracepointestcloud.com\/es\/ministerio-estudiantil\" \/>\n<meta property=\"og:site_name\" content=\"Grace Pointe Church, Saint Cloud, Fl\" \/>\n<meta property=\"article:publisher\" content=\"https:\/\/www.facebook.com\/gracepointechurchstcloud\" \/>\n<meta property=\"article:modified_time\" content=\"2023-12-21T23:20:35+00:00\" \/>\n<meta property=\"og:image\" content=\"https:\/\/gracepointestcloud.com\/wp-content\/uploads\/2022\/02\/Logo_GracePointe_Square_WhiteOverBlue-e1643949139219.jpg\" \/>\n\t<meta property=\"og:image:width\" content=\"400\" \/>\n\t<meta property=\"og:image:height\" content=\"400\" \/>\n\t<meta property=\"og:image:type\" content=\"image\/jpeg\" \/>\n<meta name=\"twitter:card\" content=\"summary_large_image\" \/>\n<meta name=\"twitter:label1\" content=\"Tiempo de lectura\" \/>\n\t<meta name=\"twitter:data1\" content=\"1 minuto\" \/>\n<script type=\"application\/ld+json\" class=\"yoast-schema-graph\">{\"@context\":\"https:\/\/schema.org\",\"@graph\":[{\"@type\":\"WebPage\",\"@id\":\"https:\/\/gracepointestcloud.com\/student-ministry\",\"url\":\"https:\/\/gracepointestcloud.com\/student-ministry\",\"name\":\"Pursuit (Grades 6-12) | Grace Pointe Church, Saint Cloud, Fl\",\"isPartOf\":{\"@id\":\"https:\/\/gracepointestcloud.com\/#website\"},\"datePublished\":\"2021-11-25T17:42:31+00:00\",\"dateModified\":\"2023-12-21T23:20:35+00:00\",\"breadcrumb\":{\"@id\":\"https:\/\/gracepointestcloud.com\/student-ministry#breadcrumb\"},\"inLanguage\":\"es\",\"potentialAction\":[{\"@type\":\"ReadAction\",\"target\":[\"https:\/\/gracepointestcloud.com\/student-ministry\"]}]},{\"@type\":\"BreadcrumbList\",\"@id\":\"https:\/\/gracepointestcloud.com\/student-ministry#breadcrumb\",\"itemListElement\":[{\"@type\":\"ListItem\",\"position\":1,\"name\":\"Home\",\"item\":\"https:\/\/gracepointestcloud.com\/\"},{\"@type\":\"ListItem\",\"position\":2,\"name\":\"Pursuit (Grades 6-12)\"}]},{\"@type\":\"WebSite\",\"@id\":\"https:\/\/gracepointestcloud.com\/#website\",\"url\":\"https:\/\/gracepointestcloud.com\/\",\"name\":\"Grace Pointe Church, Saint Cloud, Fl\",\"description\":\"Making more and better disciples of Jesus Christ, together.\",\"publisher\":{\"@id\":\"https:\/\/gracepointestcloud.com\/#organization\"},\"potentialAction\":[{\"@type\":\"SearchAction\",\"target\":{\"@type\":\"EntryPoint\",\"urlTemplate\":\"https:\/\/gracepointestcloud.com\/?s={search_term_string}\"},\"query-input\":{\"@type\":\"PropertyValueSpecification\",\"valueRequired\":true,\"valueName\":\"search_term_string\"}}],\"inLanguage\":\"es\"},{\"@type\":\"Organization\",\"@id\":\"https:\/\/gracepointestcloud.com\/#organization\",\"name\":\"Grace Pointe Church\",\"url\":\"https:\/\/gracepointestcloud.com\/\",\"logo\":{\"@type\":\"ImageObject\",\"inLanguage\":\"es\",\"@id\":\"https:\/\/gracepointestcloud.com\/#\/schema\/logo\/image\/\",\"url\":\"https:\/\/gracepointestcloud.com\/wp-content\/uploads\/2022\/02\/Logo_GracePointe_Square_WhiteOverBlue-e1643949139219.jpg\",\"contentUrl\":\"https:\/\/gracepointestcloud.com\/wp-content\/uploads\/2022\/02\/Logo_GracePointe_Square_WhiteOverBlue-e1643949139219.jpg\",\"width\":400,\"height\":400,\"caption\":\"Grace Pointe Church\"},\"image\":{\"@id\":\"https:\/\/gracepointestcloud.com\/#\/schema\/logo\/image\/\"},\"sameAs\":[\"https:\/\/www.facebook.com\/gracepointechurchstcloud\",\"https:\/\/www.linkedin.com\/company\/gracepointechurchstcloud\",\"https:\/\/www.youtube.com\/gracepointechurchstcloud\"]}]}<\/script>\n<!-- \/ Yoast SEO plugin. -->","yoast_head_json":{"title":"Pursuit (Grades 6-12) | Grace Pointe Church, Saint Cloud, Fl","robots":{"index":"index","follow":"follow","max-snippet":"max-snippet:-1","max-image-preview":"max-image-preview:large","max-video-preview":"max-video-preview:-1"},"canonical":"https:\/\/gracepointestcloud.com\/es\/ministerio-estudiantil","og_locale":"es_ES","og_type":"article","og_title":"Pursuit (Grades 6-12) | Grace Pointe Church, Saint Cloud, Fl","og_description":"Students in grades 6-12: Join Pursuit on Thursdays from 6:30 pm to 8:00 pm! &#8230;at Grace Pointe Church 29 East 13th Street, Saint Cloud, Fl 34772 Pursuit&#8217;s Mission \/\/ What We Do Pursuit exists to help students understand what it means to be a disciple of Christ biblically and to live that out in their...","og_url":"https:\/\/gracepointestcloud.com\/es\/ministerio-estudiantil","og_site_name":"Grace Pointe Church, Saint Cloud, Fl","article_publisher":"https:\/\/www.facebook.com\/gracepointechurchstcloud","article_modified_time":"2023-12-21T23:20:35+00:00","og_image":[{"width":400,"height":400,"url":"https:\/\/gracepointestcloud.com\/wp-content\/uploads\/2022\/02\/Logo_GracePointe_Square_WhiteOverBlue-e1643949139219.jpg","type":"image\/jpeg"}],"twitter_card":"summary_large_image","twitter_misc":{"Tiempo de lectura":"1 minuto"},"schema":{"@context":"https:\/\/schema.org","@graph":[{"@type":"WebPage","@id":"https:\/\/gracepointestcloud.com\/student-ministry","url":"https:\/\/gracepointestcloud.com\/student-ministry","name":"Pursuit (Grades 6-12) | Grace Pointe Church, Saint Cloud, Fl","isPartOf":{"@id":"https:\/\/gracepointestcloud.com\/#website"},"datePublished":"2021-11-25T17:42:31+00:00","dateModified":"2023-12-21T23:20:35+00:00","breadcrumb":{"@id":"https:\/\/gracepointestcloud.com\/student-ministry#breadcrumb"},"inLanguage":"es","potentialAction":[{"@type":"ReadAction","target":["https:\/\/gracepointestcloud.com\/student-ministry"]}]},{"@type":"BreadcrumbList","@id":"https:\/\/gracepointestcloud.com\/student-ministry#breadcrumb","itemListElement":[{"@type":"ListItem","position":1,"name":"Home","item":"https:\/\/gracepointestcloud.com\/"},{"@type":"ListItem","position":2,"name":"Pursuit (Grades 6-12)"}]},{"@type":"WebSite","@id":"https:\/\/gracepointestcloud.com\/#website","url":"https:\/\/gracepointestcloud.com\/","name":"Grace Pointe Church, Saint Cloud, Fl","description":"Making more and better disciples of Jesus Christ, together.","publisher":{"@id":"https:\/\/gracepointestcloud.com\/#organization"},"potentialAction":[{"@type":"SearchAction","target":{"@type":"EntryPoint","urlTemplate":"https:\/\/gracepointestcloud.com\/?s={search_term_string}"},"query-input":{"@type":"PropertyValueSpecification","valueRequired":true,"valueName":"search_term_string"}}],"inLanguage":"es"},{"@type":"Organization","@id":"https:\/\/gracepointestcloud.com\/#organization","name":"Grace Pointe Church","url":"https:\/\/gracepointestcloud.com\/","logo":{"@type":"ImageObject","inLanguage":"es","@id":"https:\/\/gracepointestcloud.com\/#\/schema\/logo\/image\/","url":"https:\/\/gracepointestcloud.com\/wp-content\/uploads\/2022\/02\/Logo_GracePointe_Square_WhiteOverBlue-e1643949139219.jpg","contentUrl":"https:\/\/gracepointestcloud.com\/wp-content\/uploads\/2022\/02\/Logo_GracePointe_Square_WhiteOverBlue-e1643949139219.jpg","width":400,"height":400,"caption":"Grace Pointe Church"},"image":{"@id":"https:\/\/gracepointestcloud.com\/#\/schema\/logo\/image\/"},"sameAs":["https:\/\/www.facebook.com\/gracepointechurchstcloud","https:\/\/www.linkedin.com\/company\/gracepointechurchstcloud","https:\/\/www.youtube.com\/gracepointechurchstcloud"]}]}},"_links":{"self":[{"href":"https:\/\/gracepointestcloud.com\/es\/wp-json\/wp\/v2\/pages\/5216","targetHints":{"allow":["GET"]}}],"collection":[{"href":"https:\/\/gracepointestcloud.com\/es\/wp-json\/wp\/v2\/pages"}],"about":[{"href":"https:\/\/gracepointestcloud.com\/es\/wp-json\/wp\/v2\/types\/page"}],"author":[{"embeddable":true,"href":"https:\/\/gracepointestcloud.com\/es\/wp-json\/wp\/v2\/users\/1"}],"replies":[{"embeddable":true,"href":"https:\/\/gracepointestcloud.com\/es\/wp-json\/wp\/v2\/comments?post=5216"}],"version-history":[{"count":34,"href":"https:\/\/gracepointestcloud.com\/es\/wp-json\/wp\/v2\/pages\/5216\/revisions"}],"predecessor-version":[{"id":10177,"href":"https:\/\/gracepointestcloud.com\/es\/wp-json\/wp\/v2\/pages\/5216\/revisions\/10177"}],"wp:attachment":[{"href":"https:\/\/gracepointestcloud.com\/es\/wp-json\/wp\/v2\/media?parent=5216"}],"curies":[{"name":"wp","href":"https:\/\/api.w.org\/{rel}","templated":true}]}}