{"id":5215,"date":"2021-11-25T17:42:33","date_gmt":"2021-11-25T17:42:33","guid":{"rendered":"https:\/\/www.gracepointestcloud.com\/?page_id=5215"},"modified":"2022-07-03T19:24:02","modified_gmt":"2022-07-04T00:24:02","slug":"childrens-ministry","status":"publish","type":"page","link":"https:\/\/gracepointestcloud.com\/es\/ministerio-de-la-infancia","title":{"rendered":"Grace Pointe Kids (5\u00ba curso y menores)"},"content":{"rendered":"<style type=\"text\/css\">@media only screen and (max-width: 768px) {.greacepointekids_littlelogo {width:175px !important;} } .headline_text h1 {visibility:hidden;} .headline_outer {background-position: center;} \n#cmsmasters_row_69ed27de1ea047_93627197 .cmsmasters_row_outer_parent { \n\tpadding-top: 0px; \n} \n\n#cmsmasters_row_69ed27de1ea047_93627197 .cmsmasters_row_outer_parent { \n\tpadding-bottom: 50px; \n} \n\n \n#cmsmasters_row_69ed27de1eb184_84490298 .cmsmasters_row_outer_parent { \n\tpadding-top: 0px; \n} \n\n#cmsmasters_row_69ed27de1eb184_84490298 .cmsmasters_row_outer_parent { \n\tpadding-bottom: 50px; \n} \n\n \n#cmsmasters_row_69ed27de1ee3a2_40084211 .cmsmasters_row_outer_parent { \n\tpadding-top: 0px; \n} \n\n#cmsmasters_row_69ed27de1ee3a2_40084211 .cmsmasters_row_outer_parent { \n\tpadding-bottom: 50px; \n} \n\n \n#cmsmasters_row_69ed27de1ef280_70940047 .cmsmasters_row_outer_parent { \n\tpadding-top: 0px; \n} \n\n#cmsmasters_row_69ed27de1ef280_70940047 .cmsmasters_row_outer_parent { \n\tpadding-bottom: 50px; \n} \n\n \n#cmsmasters_row_69ed27de1f1180_16956911 .cmsmasters_row_outer_parent { \n\tpadding-top: 0px; \n} \n\n#cmsmasters_row_69ed27de1f1180_16956911 .cmsmasters_row_outer_parent { \n\tpadding-bottom: 50px; \n} \n\n<\/style><div id=\"cmsmasters_row_69ed27de1e5030_80488671\" class=\"cmsmasters_row cmsmasters_color_scheme_default cmsmasters_row_top_default cmsmasters_row_bot_default cmsmasters_row_boxed\">\n<div class=\"cmsmasters_row_outer_parent\">\n<div class=\"cmsmasters_row_outer\">\n<div class=\"cmsmasters_row_inner\">\n<div class=\"cmsmasters_row_margin\">\n<div class=\"cmsmasters_column one_first\">\n<div class=\"cmsmasters_text\">\n<p><img decoding=\"async\" class=\"greacepointekids_littlelogo\" style=\"float: right; margin-left: 10px; margin-bottom: 10px;\" src=\"\/wp-content\/uploads\/2022\/01\/Logov2.jpg\" width=\"235\" \/>Tomamos nuestra responsabilidad seriamente para apoyarle y co-discipular a sus hijos con usted, como usted comparte la oportunidad con nosotros. Nuestras clases de Grace Pointe Kids proporcionan ense\u00f1anza semanal en un ambiente seguro y protegido con voluntarios totalmente verificados y examinados. Aseguramos cada aula con un sistema de registro de entrada \/ salida que le permite registrar a sus hijos cada semana y recibir un boleto que puede utilizar para recogerlos despu\u00e9s del servicio. Por favor, visite el quiosco de bienvenida de Grace Pointe Kids cada semana para registrar a sus hijos antes de que comience el servicio.<\/p>\n<ul>\n<li>Ni\u00f1os en\u00a0<strong>grados K-5<\/strong>\u00a0alaban con nosotros durante la primera mitad de nuestro servicio y luego pasar a nuestra \u00e1rea de ministerio de los ni\u00f1os a participar en clases de la Biblia dise\u00f1adas para su nivel de edad.<\/li>\n<li>Ni\u00f1os de\u00a0<strong>desde reci\u00e9n nacidos hasta preescolar<\/strong>\u00a0tienen un \u00e1rea separado en la que pasan todo el servicio siendo cuidados y ense\u00f1ados por nuestros l\u00edderes certificados. Puedes registrarlos desde las 9:40 de la ma\u00f1ana cada semana.<\/li>\n<\/ul>\n<p>Recuerde, todos los ni\u00f1os que asisten a nuestro ministerio Grace Pointe Kids deben registrarse para obtener su etiqueta con el nombre antes de que comience el servicio. Los estudiantes de secundaria se unen a nosotros para todo el servicio.<\/p>\n\n<\/div>\n<\/div>\n<\/div>\n<\/div>\n<\/div>\n<\/div>\n<\/div>\n<div id=\"cmsmasters_row_69ed27de1ea047_93627197\" class=\"cmsmasters_row cmsmasters_color_scheme_default cmsmasters_row_top_default cmsmasters_row_bot_default cmsmasters_row_boxed\">\n<div class=\"cmsmasters_row_outer_parent\">\n<div class=\"cmsmasters_row_outer\">\n<div class=\"cmsmasters_row_inner cmsmasters_row_no_margin\">\n<div class=\"cmsmasters_row_margin\">\n<div class=\"cmsmasters_column one_first\">\n<div class=\"cmsmasters_text\">\n<h2><\/h2>\n<h2>C\u00f3mo el hogar y la iglesia se asocian para discipular a los ni\u00f1os...<\/h2>\n<\/div>\n<\/div>\n<\/div>\n<\/div>\n<\/div>\n<\/div>\n<\/div>\n<div id=\"cmsmasters_row_69ed27de1eb184_84490298\" class=\"cmsmasters_row cmsmasters_color_scheme_default cmsmasters_row_top_default cmsmasters_row_bot_default cmsmasters_row_boxed\">\n<div class=\"cmsmasters_row_outer_parent\">\n<div class=\"cmsmasters_row_outer\">\n<div class=\"cmsmasters_row_inner\">\n<div class=\"cmsmasters_row_margin cmsmasters_row_columns_behavior\">\n<div class=\"cmsmasters_column one_half kids44_bluebg kids44_home\" data-animation=\"fadeInUp\" data-delay=\"400\">\n<div class=\"cmsmasters_text\">\n<h3>El papel del hogar<\/h3>\n<p>El papel de los padres o tutores en el desarrollo espiritual de sus hijos es insustituible. La directiva de las Escrituras es:<\/p>\n<blockquote>\n<p>Educad [a los hijos] en la disciplina y la instrucci\u00f3n del Se\u00f1or.<br \/>\n<strong>Efesios 6:4<\/strong><\/p>\n<\/blockquote>\n<p>Por ello, creemos que los padres y tutores tienen unas responsabilidades claras en la educaci\u00f3n de sus hijos:<\/p>\n<ol>\n<li style=\"list-style-type: none;\">\n<ol style=\"font-weight: bold; margin-left: 15px;\">\n<li><span style=\"font-weight: normal;\">Ense\u00f1ar a sus hijos sobre Dios<\/span><\/li>\n<li><span style=\"font-weight: normal;\">Modelar el Evangelio<\/span><\/li>\n<li><span style=\"font-weight: normal;\">Participar en la comunidad b\u00edblica e implicar a los ni\u00f1os a medida que su edad y madurez lo permitan.<\/span><\/li>\n<\/ol>\n<\/li>\n<\/ol>\n<\/div>\n<\/div>\n<div class=\"cmsmasters_column one_half kids44_greenbg kids44_church\" data-animation=\"fadeInUp\" data-delay=\"800\">\n<div class=\"cmsmasters_text\">\n<h3>El papel de la Iglesia<\/h3>\n<p>Nuestra prioridad es ayudar a los padres y tutores a cumplir con estas responsabilidades. Para ello:<\/p>\n<ol>\n<li style=\"list-style-type: none;\">\n<ol style=\"font-weight: bold; margin-left: 15px;\">\n<li><span style=\"font-weight: normal;\">Crear un entorno seguro y enriquecedor durante los servicios del domingo por la ma\u00f1ana en el que su hijo pueda aprender acerca de Dios.<\/span><\/li>\n<li><span style=\"font-weight: normal;\">Utilizar el plan de estudios del Proyecto Evangelio\u2122 para ofrecer a los ni\u00f1os un medio teol\u00f3gicamente rico de aprender sobre Dios.<\/span><\/li>\n<li><span style=\"font-weight: normal;\">Facilitar la participaci\u00f3n de su hijo peque\u00f1o en una comunidad b\u00edblica apropiada para su edad con sus compa\u00f1eros y profesores.<\/span><\/li>\n<li><span style=\"font-weight: normal;\">Rezando por usted y su familia con regularidad<\/span><\/li>\n<li><span style=\"font-weight: normal;\">Apoyarles con herramientas, recursos y m\u00e1s para ayudarles a crecer como padres en el Se\u00f1or.<\/span><\/li>\n<\/ol>\n<\/li>\n<\/ol>\n<\/div>\n<\/div>\n<\/div>\n<\/div>\n<\/div>\n<\/div>\n<\/div>\n<div id=\"cmsmasters_row_69ed27de1ee3a2_40084211\" class=\"cmsmasters_row cmsmasters_color_scheme_default cmsmasters_row_top_default cmsmasters_row_bot_default cmsmasters_row_boxed\">\n<div class=\"cmsmasters_row_outer_parent\">\n<div class=\"cmsmasters_row_outer\">\n<div class=\"cmsmasters_row_inner\">\n<div class=\"cmsmasters_row_margin\">\n<div class=\"cmsmasters_column one_first\">\n<div class=\"cmsmasters_text\">\n<h2><\/h2>\n<h2><\/h2>\n<h2>As\u00ed es el proceso de crecimiento en Grace Pointe...<\/h2>\n<\/div>\n<\/div>\n<\/div>\n<\/div>\n<\/div>\n<\/div>\n<\/div>\n<div id=\"cmsmasters_row_69ed27de1ef280_70940047\" class=\"cmsmasters_row cmsmasters_color_scheme_default cmsmasters_row_top_default cmsmasters_row_bot_default cmsmasters_row_boxed\">\n<div class=\"cmsmasters_row_outer_parent\">\n<div class=\"cmsmasters_row_outer\">\n<div class=\"cmsmasters_row_inner\">\n<div class=\"cmsmasters_row_margin cmsmasters_row_columns_behavior\">\n<div class=\"cmsmasters_column one_half kids44_greenbg kids44_seed\" data-animation=\"fadeInUp\" data-delay=\"400\">\n<div class=\"cmsmasters_text\">\n<h2 style=\"margin: 0; padding: 0;\">The seed pod<\/h2>\n<h3 style=\"margin: 0; padding: 0;\">Beb\u00e9s y ni\u00f1os peque\u00f1os<\/h3>\n<h4 style=\"margin: 0px 0px 20px 0px; padding: 0;\">Plantar las semillas de la fe...<\/h4>\n<p>Un entorno enriquecedor y afectuoso donde plantar las semillas del Evangelio.  Los ni\u00f1os aprender\u00e1n que han sido creados por Dios, que \u00c9l les ama y que Jes\u00fas es la m\u00e1xima expresi\u00f3n de Su amor para el mundo.<\/p>\n<p><b>44 \u00c9nfasis en la vida (<a href=\"\/es\/la-vida-44\/\" style=\"font-weight: bold;\">saber m\u00e1s<\/a>):<\/b><br \/>Creaci\u00f3n, Evangelio y Palabra de Dios<\/p>\n<\/div>\n<\/div>\n<div class=\"cmsmasters_column one_half kids44_bluebg kids44_sprout\" data-animation=\"fadeInUp\" data-delay=\"800\">\n<div class=\"cmsmasters_text\">\n<h2 style=\"margin: 0; padding: 0;\">The Sprout Pod<\/h2>\n<h3 style=\"margin: 0; padding: 0;\">Preescolar<\/h3>\n<h4 style=\"margin: 0px 0px 20px 0px; padding: 0;\">Las ra\u00edces de la fe comienzan a desarrollarse y extenderse...<\/h4>\n<p>Los ni\u00f1os empiezan a aprender el Evangelio: que Dios les ama a pesar de su pecado, que les ha ofrecido el perd\u00f3n a trav\u00e9s de Jes\u00fas y que fueron creados para glorificarle.<\/p>\n<p><b>44 \u00c9nfasis en la vida (<a href=\"\/es\/la-vida-44\/\" style=\"font-weight: bold;\">saber m\u00e1s<\/a>):<\/b><br \/>Creaci\u00f3n, Ca\u00edda, Evangelio<br \/>Palabra y Pueblo de Dios<\/p>\n<\/div>\n<\/div>\n<\/div>\n<\/div>\n<\/div>\n<\/div>\n<\/div>\n<div id=\"cmsmasters_row_69ed27de1f1180_16956911\" class=\"cmsmasters_row cmsmasters_color_scheme_default cmsmasters_row_top_default cmsmasters_row_bot_default cmsmasters_row_boxed\">\n<div class=\"cmsmasters_row_outer_parent\">\n<div class=\"cmsmasters_row_outer\">\n<div class=\"cmsmasters_row_inner\">\n<div class=\"cmsmasters_row_margin cmsmasters_row_columns_behavior\">\n<div class=\"cmsmasters_column one_half kids44_bluebg kids44_shoot\" data-animation=\"fadeInUp\" data-delay=\"400\">\n<div class=\"cmsmasters_text\">\n<h2 style=\"margin: 0; padding: 0;\">The Shoot Pod<\/h2>\n<h3 style=\"margin: 0; padding: 0;\">Elemental inferior<\/h3>\n<h4 style=\"margin: 0px 0px 20px 0px; padding: 0;\">La fe crece y florece...<\/h4>\n<p>Los ni\u00f1os profundizan en su alfabetizaci\u00f3n b\u00edblica para que crezca su fe. Aprenden el panorama general de la Biblia, c\u00f3mo leer y utilizar sus Biblias, y memorizar\u00e1n las Escrituras para que les acompa\u00f1en dondequiera que vayan.<\/p>\n<p><b>44 \u00c9nfasis en la vida (<a href=\"\/es\/la-vida-44\/\" style=\"font-weight: bold;\">saber m\u00e1s<\/a>):<\/b><br \/>Creaci\u00f3n, Ca\u00edda, Evangelio, Restauraci\u00f3n<br \/>Palabra, Esp\u00edritu, Pueblo y Misi\u00f3n de Dios<\/p>\n<\/div>\n<\/div>\n<div class=\"cmsmasters_column one_half kids44_greenbg kids44_fruit\" data-animation=\"fadeInUp\" data-delay=\"800\">\n<div class=\"cmsmasters_text\">\n<h2 style=\"margin: 0; padding: 0;\">The Fruit Pod<\/h2>\n<h3 style=\"margin: 0; padding: 0;\">Primaria superior<\/h3>\n<h4 style=\"margin: 0px 0px 20px 0px; padding: 0;\">A medida que la fe madura, cada vida da frutos...<\/h4>\n<p>La fe de los ni\u00f1os crece a medida que exploran en profundidad conceptos m\u00e1s abstractos como la providencia de Dios, los pactos y promesas de Dios, la Trinidad y el dise\u00f1o de Dios para Su creaci\u00f3n.<\/p>\n<p><b>44 \u00c9nfasis en la vida (<a href=\"\/es\/la-vida-44\/\" style=\"font-weight: bold;\">saber m\u00e1s<\/a>):<\/b><br \/>Creaci\u00f3n, Ca\u00edda, Evangelio, Restauraci\u00f3n<br \/>Palabra, Esp\u00edritu, Pueblo y Misi\u00f3n de Dios<\/p>\n<\/div>\n<\/div>\n<\/div>\n<\/div>\n<\/div>\n<\/div>\n<\/div>","protected":false},"excerpt":{"rendered":"","protected":false},"author":1,"featured_media":6211,"parent":0,"menu_order":0,"comment_status":"closed","ping_status":"closed","template":"","meta":{"footnotes":""},"class_list":["post-5215","page","type-page","status-publish","has-post-thumbnail","hentry"],"yoast_head":"<!-- This site is optimized with the Yoast SEO plugin v23.6 - https:\/\/yoast.com\/wordpress\/plugins\/seo\/ -->\n<title>Grace Pointe Kids (Grades 5 and Under) | Grace Pointe Church, Saint Cloud, Fl<\/title>\n<meta name=\"description\" content=\"We take our responsibility seriously to support you and co-disciple your children with you, as you share the opportunity with us.\" \/>\n<meta name=\"robots\" content=\"index, follow, max-snippet:-1, max-image-preview:large, max-video-preview:-1\" \/>\n<link rel=\"canonical\" href=\"https:\/\/gracepointestcloud.com\/es\/ministerio-de-la-infancia\" \/>\n<meta property=\"og:locale\" content=\"es_ES\" \/>\n<meta property=\"og:type\" content=\"article\" \/>\n<meta property=\"og:title\" content=\"Grace Pointe Kids Childrens&#039; Ministry\" \/>\n<meta property=\"og:description\" content=\"We take our responsibility seriously to support you and co-disciple your children with you, as you share the opportunity with us.\" \/>\n<meta property=\"og:url\" content=\"https:\/\/gracepointestcloud.com\/es\/ministerio-de-la-infancia\" \/>\n<meta property=\"og:site_name\" content=\"Grace Pointe Church, Saint Cloud, Fl\" \/>\n<meta property=\"article:publisher\" content=\"https:\/\/www.facebook.com\/gracepointechurchstcloud\" \/>\n<meta property=\"article:modified_time\" content=\"2022-07-04T00:24:02+00:00\" \/>\n<meta property=\"og:image\" content=\"https:\/\/gracepointestcloud.com\/wp-content\/uploads\/2022\/02\/Logov2_Small.jpg\" \/>\n\t<meta property=\"og:image:width\" content=\"400\" \/>\n\t<meta property=\"og:image:height\" content=\"400\" \/>\n\t<meta property=\"og:image:type\" content=\"image\/jpeg\" \/>\n<meta name=\"twitter:card\" content=\"summary_large_image\" \/>\n<meta name=\"twitter:title\" content=\"Grace Pointe Kids Childrens&#039; Ministry\" \/>\n<meta name=\"twitter:description\" content=\"We take our responsibility seriously to support you and co-disciple your children with you, as you share the opportunity with us.\" \/>\n<meta name=\"twitter:image\" content=\"https:\/\/gracepointestcloud.com\/wp-content\/uploads\/2022\/02\/Logov2_Small.jpg\" \/>\n<meta name=\"twitter:label1\" content=\"Tiempo de lectura\" \/>\n\t<meta name=\"twitter:data1\" content=\"1 minuto\" \/>\n<script type=\"application\/ld+json\" class=\"yoast-schema-graph\">{\"@context\":\"https:\/\/schema.org\",\"@graph\":[{\"@type\":\"WebPage\",\"@id\":\"https:\/\/gracepointestcloud.com\/childrens-ministry\",\"url\":\"https:\/\/gracepointestcloud.com\/childrens-ministry\",\"name\":\"Grace Pointe Kids (Grades 5 and Under) | Grace Pointe Church, Saint Cloud, Fl\",\"isPartOf\":{\"@id\":\"https:\/\/gracepointestcloud.com\/#website\"},\"primaryImageOfPage\":{\"@id\":\"https:\/\/gracepointestcloud.com\/childrens-ministry#primaryimage\"},\"image\":{\"@id\":\"https:\/\/gracepointestcloud.com\/childrens-ministry#primaryimage\"},\"thumbnailUrl\":\"https:\/\/gracepointestcloud.com\/wp-content\/uploads\/2022\/02\/Logov2_Small.jpg\",\"datePublished\":\"2021-11-25T17:42:33+00:00\",\"dateModified\":\"2022-07-04T00:24:02+00:00\",\"description\":\"We take our responsibility seriously to support you and co-disciple your children with you, as you share the opportunity with us.\",\"breadcrumb\":{\"@id\":\"https:\/\/gracepointestcloud.com\/childrens-ministry#breadcrumb\"},\"inLanguage\":\"es\",\"potentialAction\":[{\"@type\":\"ReadAction\",\"target\":[\"https:\/\/gracepointestcloud.com\/childrens-ministry\"]}]},{\"@type\":\"ImageObject\",\"inLanguage\":\"es\",\"@id\":\"https:\/\/gracepointestcloud.com\/childrens-ministry#primaryimage\",\"url\":\"https:\/\/gracepointestcloud.com\/wp-content\/uploads\/2022\/02\/Logov2_Small.jpg\",\"contentUrl\":\"https:\/\/gracepointestcloud.com\/wp-content\/uploads\/2022\/02\/Logov2_Small.jpg\",\"width\":400,\"height\":400},{\"@type\":\"BreadcrumbList\",\"@id\":\"https:\/\/gracepointestcloud.com\/childrens-ministry#breadcrumb\",\"itemListElement\":[{\"@type\":\"ListItem\",\"position\":1,\"name\":\"Home\",\"item\":\"https:\/\/gracepointestcloud.com\/\"},{\"@type\":\"ListItem\",\"position\":2,\"name\":\"Grace Pointe Kids (Grades 5 and Under)\"}]},{\"@type\":\"WebSite\",\"@id\":\"https:\/\/gracepointestcloud.com\/#website\",\"url\":\"https:\/\/gracepointestcloud.com\/\",\"name\":\"Grace Pointe Church, Saint Cloud, Fl\",\"description\":\"Making more and better disciples of Jesus Christ, together.\",\"publisher\":{\"@id\":\"https:\/\/gracepointestcloud.com\/#organization\"},\"potentialAction\":[{\"@type\":\"SearchAction\",\"target\":{\"@type\":\"EntryPoint\",\"urlTemplate\":\"https:\/\/gracepointestcloud.com\/?s={search_term_string}\"},\"query-input\":{\"@type\":\"PropertyValueSpecification\",\"valueRequired\":true,\"valueName\":\"search_term_string\"}}],\"inLanguage\":\"es\"},{\"@type\":\"Organization\",\"@id\":\"https:\/\/gracepointestcloud.com\/#organization\",\"name\":\"Grace Pointe Church\",\"url\":\"https:\/\/gracepointestcloud.com\/\",\"logo\":{\"@type\":\"ImageObject\",\"inLanguage\":\"es\",\"@id\":\"https:\/\/gracepointestcloud.com\/#\/schema\/logo\/image\/\",\"url\":\"https:\/\/gracepointestcloud.com\/wp-content\/uploads\/2022\/02\/Logo_GracePointe_Square_WhiteOverBlue-e1643949139219.jpg\",\"contentUrl\":\"https:\/\/gracepointestcloud.com\/wp-content\/uploads\/2022\/02\/Logo_GracePointe_Square_WhiteOverBlue-e1643949139219.jpg\",\"width\":400,\"height\":400,\"caption\":\"Grace Pointe Church\"},\"image\":{\"@id\":\"https:\/\/gracepointestcloud.com\/#\/schema\/logo\/image\/\"},\"sameAs\":[\"https:\/\/www.facebook.com\/gracepointechurchstcloud\",\"https:\/\/www.linkedin.com\/company\/gracepointechurchstcloud\",\"https:\/\/www.youtube.com\/gracepointechurchstcloud\"]}]}<\/script>\n<!-- \/ Yoast SEO plugin. -->","yoast_head_json":{"title":"Grace Pointe Kids (Grades 5 and Under) | Grace Pointe Church, Saint Cloud, Fl","description":"We take our responsibility seriously to support you and co-disciple your children with you, as you share the opportunity with us.","robots":{"index":"index","follow":"follow","max-snippet":"max-snippet:-1","max-image-preview":"max-image-preview:large","max-video-preview":"max-video-preview:-1"},"canonical":"https:\/\/gracepointestcloud.com\/es\/ministerio-de-la-infancia","og_locale":"es_ES","og_type":"article","og_title":"Grace Pointe Kids Childrens' Ministry","og_description":"We take our responsibility seriously to support you and co-disciple your children with you, as you share the opportunity with us.","og_url":"https:\/\/gracepointestcloud.com\/es\/ministerio-de-la-infancia","og_site_name":"Grace Pointe Church, Saint Cloud, Fl","article_publisher":"https:\/\/www.facebook.com\/gracepointechurchstcloud","article_modified_time":"2022-07-04T00:24:02+00:00","og_image":[{"width":400,"height":400,"url":"https:\/\/gracepointestcloud.com\/wp-content\/uploads\/2022\/02\/Logov2_Small.jpg","type":"image\/jpeg"}],"twitter_card":"summary_large_image","twitter_title":"Grace Pointe Kids Childrens' Ministry","twitter_description":"We take our responsibility seriously to support you and co-disciple your children with you, as you share the opportunity with us.","twitter_image":"https:\/\/gracepointestcloud.com\/wp-content\/uploads\/2022\/02\/Logov2_Small.jpg","twitter_misc":{"Tiempo de lectura":"1 minuto"},"schema":{"@context":"https:\/\/schema.org","@graph":[{"@type":"WebPage","@id":"https:\/\/gracepointestcloud.com\/childrens-ministry","url":"https:\/\/gracepointestcloud.com\/childrens-ministry","name":"Grace Pointe Kids (Grades 5 and Under) | Grace Pointe Church, Saint Cloud, Fl","isPartOf":{"@id":"https:\/\/gracepointestcloud.com\/#website"},"primaryImageOfPage":{"@id":"https:\/\/gracepointestcloud.com\/childrens-ministry#primaryimage"},"image":{"@id":"https:\/\/gracepointestcloud.com\/childrens-ministry#primaryimage"},"thumbnailUrl":"https:\/\/gracepointestcloud.com\/wp-content\/uploads\/2022\/02\/Logov2_Small.jpg","datePublished":"2021-11-25T17:42:33+00:00","dateModified":"2022-07-04T00:24:02+00:00","description":"We take our responsibility seriously to support you and co-disciple your children with you, as you share the opportunity with us.","breadcrumb":{"@id":"https:\/\/gracepointestcloud.com\/childrens-ministry#breadcrumb"},"inLanguage":"es","potentialAction":[{"@type":"ReadAction","target":["https:\/\/gracepointestcloud.com\/childrens-ministry"]}]},{"@type":"ImageObject","inLanguage":"es","@id":"https:\/\/gracepointestcloud.com\/childrens-ministry#primaryimage","url":"https:\/\/gracepointestcloud.com\/wp-content\/uploads\/2022\/02\/Logov2_Small.jpg","contentUrl":"https:\/\/gracepointestcloud.com\/wp-content\/uploads\/2022\/02\/Logov2_Small.jpg","width":400,"height":400},{"@type":"BreadcrumbList","@id":"https:\/\/gracepointestcloud.com\/childrens-ministry#breadcrumb","itemListElement":[{"@type":"ListItem","position":1,"name":"Home","item":"https:\/\/gracepointestcloud.com\/"},{"@type":"ListItem","position":2,"name":"Grace Pointe Kids (Grades 5 and Under)"}]},{"@type":"WebSite","@id":"https:\/\/gracepointestcloud.com\/#website","url":"https:\/\/gracepointestcloud.com\/","name":"Grace Pointe Church, Saint Cloud, Fl","description":"Making more and better disciples of Jesus Christ, together.","publisher":{"@id":"https:\/\/gracepointestcloud.com\/#organization"},"potentialAction":[{"@type":"SearchAction","target":{"@type":"EntryPoint","urlTemplate":"https:\/\/gracepointestcloud.com\/?s={search_term_string}"},"query-input":{"@type":"PropertyValueSpecification","valueRequired":true,"valueName":"search_term_string"}}],"inLanguage":"es"},{"@type":"Organization","@id":"https:\/\/gracepointestcloud.com\/#organization","name":"Grace Pointe Church","url":"https:\/\/gracepointestcloud.com\/","logo":{"@type":"ImageObject","inLanguage":"es","@id":"https:\/\/gracepointestcloud.com\/#\/schema\/logo\/image\/","url":"https:\/\/gracepointestcloud.com\/wp-content\/uploads\/2022\/02\/Logo_GracePointe_Square_WhiteOverBlue-e1643949139219.jpg","contentUrl":"https:\/\/gracepointestcloud.com\/wp-content\/uploads\/2022\/02\/Logo_GracePointe_Square_WhiteOverBlue-e1643949139219.jpg","width":400,"height":400,"caption":"Grace Pointe Church"},"image":{"@id":"https:\/\/gracepointestcloud.com\/#\/schema\/logo\/image\/"},"sameAs":["https:\/\/www.facebook.com\/gracepointechurchstcloud","https:\/\/www.linkedin.com\/company\/gracepointechurchstcloud","https:\/\/www.youtube.com\/gracepointechurchstcloud"]}]}},"_links":{"self":[{"href":"https:\/\/gracepointestcloud.com\/es\/wp-json\/wp\/v2\/pages\/5215","targetHints":{"allow":["GET"]}}],"collection":[{"href":"https:\/\/gracepointestcloud.com\/es\/wp-json\/wp\/v2\/pages"}],"about":[{"href":"https:\/\/gracepointestcloud.com\/es\/wp-json\/wp\/v2\/types\/page"}],"author":[{"embeddable":true,"href":"https:\/\/gracepointestcloud.com\/es\/wp-json\/wp\/v2\/users\/1"}],"replies":[{"embeddable":true,"href":"https:\/\/gracepointestcloud.com\/es\/wp-json\/wp\/v2\/comments?post=5215"}],"version-history":[{"count":77,"href":"https:\/\/gracepointestcloud.com\/es\/wp-json\/wp\/v2\/pages\/5215\/revisions"}],"predecessor-version":[{"id":8208,"href":"https:\/\/gracepointestcloud.com\/es\/wp-json\/wp\/v2\/pages\/5215\/revisions\/8208"}],"wp:featuredmedia":[{"embeddable":true,"href":"https:\/\/gracepointestcloud.com\/es\/wp-json\/wp\/v2\/media\/6211"}],"wp:attachment":[{"href":"https:\/\/gracepointestcloud.com\/es\/wp-json\/wp\/v2\/media?parent=5215"}],"curies":[{"name":"wp","href":"https:\/\/api.w.org\/{rel}","templated":true}]}}