{"id":5048,"date":"2021-11-23T04:03:07","date_gmt":"2021-11-23T04:03:07","guid":{"rendered":"https:\/\/www.gracepointestcloud.com\/?page_id=5048"},"modified":"2023-01-15T19:59:05","modified_gmt":"2023-01-16T00:59:05","slug":"location-times","status":"publish","type":"page","link":"https:\/\/gracepointestcloud.com\/es\/ubicacion-horarios","title":{"rendered":"Lugar y horario"},"content":{"rendered":"<style type=\"text\/css\">@media only screen and (min-width: 960px) {.locationandtimes_youareinvited{width:400px; display: block;}} @media only screen and (max-width: 959px) {.locationandtimes_youareinvited{width:260px; display: block;}} @media only screen and (max-width: 795px) {.locationandtimes_youareinvited{width:0px; display: none;}} .headline_outer {background: linear-gradient( rgba(0, 0, 0, 0.5), rgba(0, 0, 0, 0.5) ), url('https:\/\/gracepointestcloud.com\/wp-content\/uploads\/2021\/11\/SaintCloudSplash-1-e1638157191480.jpeg');}<\/style>\n<p><br><br><\/p>\n\n\n\n<img decoding=\"async\" src=\"https:\/\/gracepointestcloud.com\/wp-content\/uploads\/2022\/01\/YouAreInvited.png\" style=\"float: right;\" class=\"locationandtimes_youareinvited\"><h1>Domingos a las 10:00 de la ma\u00f1ana<\/h1><h2><b>29 13th St<\/b><br>Saint Cloud, FL 34769<\/h2><h2>(407) 426-4946<\/h2><p>Averig\u00fce qu\u00e9 le espera el domingo <a href=\"\/es\/que-esperar\/\">aqu\u00ed<\/a>&#8230;<\/p>\n\n\n\t\t<div id=\"wpmapblock_de159bcc\" data-settings='{&quot;map_marker&quot;:[{&quot;lat&quot;:&quot;28.2454851&quot;,&quot;lng&quot;:&quot;-81.2674284&quot;,&quot;title&quot;:&quot;Grace Pointe Church&quot;,&quot;content&quot;:&quot;29 East 13th Street&amp;lt;br&amp;gt;\\nSaint Cloud, Fl 34769&quot;,&quot;iconType&quot;:&quot;custom&quot;,&quot;customIconUrl&quot;:&quot;https:\\\/\\\/gracepointestcloud.com\\\/wp-content\\\/uploads\\\/2021\\\/11\\\/Logo_MapPinPoint3.png&quot;,&quot;customIconWidth&quot;:&quot;25&quot;,&quot;customIconHeight&quot;:&quot;40&quot;}],&quot;map_zoom&quot;:&quot;14&quot;,&quot;scroll_wheel_zoom&quot;:&quot;1&quot;,&quot;map_type&quot;:&quot;OSM&quot;,&quot;center_index&quot;:0}' class=\"wpmapblockrender\" style=\"\t\t\twidth: 100%;\t\t\theight: 400px;\t\t\"><\/div>\n        \n\n\n<p><br><\/p>","protected":false},"excerpt":{"rendered":"<p>Domingos a las 10:00 am 29 East 13th StreetSaint Cloud, FL 34769 (407) 426-4946 Averig\u00fce qu\u00e9 esperar el domingo aqu\u00ed...<\/p>","protected":false},"author":1,"featured_media":0,"parent":0,"menu_order":0,"comment_status":"closed","ping_status":"closed","template":"","meta":{"footnotes":""},"class_list":["post-5048","page","type-page","status-publish","hentry"],"yoast_head":"<!-- This site is optimized with the Yoast SEO plugin v23.6 - https:\/\/yoast.com\/wordpress\/plugins\/seo\/ -->\n<title>Location &amp; Times | Grace Pointe Church, Saint Cloud, Fl<\/title>\n<meta name=\"robots\" content=\"index, follow, max-snippet:-1, max-image-preview:large, max-video-preview:-1\" \/>\n<link rel=\"canonical\" href=\"https:\/\/gracepointestcloud.com\/es\/ubicacion-horarios\" \/>\n<meta property=\"og:locale\" content=\"es_ES\" \/>\n<meta property=\"og:type\" content=\"article\" \/>\n<meta property=\"og:title\" content=\"Location &amp; Times | Grace Pointe Church, Saint Cloud, Fl\" \/>\n<meta property=\"og:description\" content=\"Sundays at 10:00 am 29 East 13th StreetSaint Cloud, FL 34769 (407) 426-4946 Fint out what to expect on Sunday here&#8230;\" \/>\n<meta property=\"og:url\" content=\"https:\/\/gracepointestcloud.com\/es\/ubicacion-horarios\" \/>\n<meta property=\"og:site_name\" content=\"Grace Pointe Church, Saint Cloud, Fl\" \/>\n<meta property=\"article:publisher\" content=\"https:\/\/www.facebook.com\/gracepointechurchstcloud\" \/>\n<meta property=\"article:modified_time\" content=\"2023-01-16T00:59:05+00:00\" \/>\n<meta property=\"og:image\" content=\"https:\/\/gracepointestcloud.com\/wp-content\/uploads\/2022\/01\/YouAreInvited.png\" \/>\n<meta name=\"twitter:card\" content=\"summary_large_image\" \/>\n<meta name=\"twitter:label1\" content=\"Tiempo de lectura\" \/>\n\t<meta name=\"twitter:data1\" content=\"1 minuto\" \/>\n<script type=\"application\/ld+json\" class=\"yoast-schema-graph\">{\"@context\":\"https:\/\/schema.org\",\"@graph\":[{\"@type\":\"WebPage\",\"@id\":\"https:\/\/gracepointestcloud.com\/location-times\",\"url\":\"https:\/\/gracepointestcloud.com\/location-times\",\"name\":\"Location & Times | Grace Pointe Church, Saint Cloud, Fl\",\"isPartOf\":{\"@id\":\"https:\/\/gracepointestcloud.com\/#website\"},\"primaryImageOfPage\":{\"@id\":\"https:\/\/gracepointestcloud.com\/location-times#primaryimage\"},\"image\":{\"@id\":\"https:\/\/gracepointestcloud.com\/location-times#primaryimage\"},\"thumbnailUrl\":\"https:\/\/gracepointestcloud.com\/wp-content\/uploads\/2022\/01\/YouAreInvited.png\",\"datePublished\":\"2021-11-23T04:03:07+00:00\",\"dateModified\":\"2023-01-16T00:59:05+00:00\",\"breadcrumb\":{\"@id\":\"https:\/\/gracepointestcloud.com\/location-times#breadcrumb\"},\"inLanguage\":\"es\",\"potentialAction\":[{\"@type\":\"ReadAction\",\"target\":[\"https:\/\/gracepointestcloud.com\/location-times\"]}]},{\"@type\":\"ImageObject\",\"inLanguage\":\"es\",\"@id\":\"https:\/\/gracepointestcloud.com\/location-times#primaryimage\",\"url\":\"https:\/\/gracepointestcloud.com\/wp-content\/uploads\/2022\/01\/YouAreInvited.png\",\"contentUrl\":\"https:\/\/gracepointestcloud.com\/wp-content\/uploads\/2022\/01\/YouAreInvited.png\"},{\"@type\":\"BreadcrumbList\",\"@id\":\"https:\/\/gracepointestcloud.com\/location-times#breadcrumb\",\"itemListElement\":[{\"@type\":\"ListItem\",\"position\":1,\"name\":\"Home\",\"item\":\"https:\/\/gracepointestcloud.com\/\"},{\"@type\":\"ListItem\",\"position\":2,\"name\":\"Location &#038; Times\"}]},{\"@type\":\"WebSite\",\"@id\":\"https:\/\/gracepointestcloud.com\/#website\",\"url\":\"https:\/\/gracepointestcloud.com\/\",\"name\":\"Grace Pointe Church, Saint Cloud, Fl\",\"description\":\"Making more and better disciples of Jesus Christ, together.\",\"publisher\":{\"@id\":\"https:\/\/gracepointestcloud.com\/#organization\"},\"potentialAction\":[{\"@type\":\"SearchAction\",\"target\":{\"@type\":\"EntryPoint\",\"urlTemplate\":\"https:\/\/gracepointestcloud.com\/?s={search_term_string}\"},\"query-input\":{\"@type\":\"PropertyValueSpecification\",\"valueRequired\":true,\"valueName\":\"search_term_string\"}}],\"inLanguage\":\"es\"},{\"@type\":\"Organization\",\"@id\":\"https:\/\/gracepointestcloud.com\/#organization\",\"name\":\"Grace Pointe Church\",\"url\":\"https:\/\/gracepointestcloud.com\/\",\"logo\":{\"@type\":\"ImageObject\",\"inLanguage\":\"es\",\"@id\":\"https:\/\/gracepointestcloud.com\/#\/schema\/logo\/image\/\",\"url\":\"https:\/\/gracepointestcloud.com\/wp-content\/uploads\/2022\/02\/Logo_GracePointe_Square_WhiteOverBlue-e1643949139219.jpg\",\"contentUrl\":\"https:\/\/gracepointestcloud.com\/wp-content\/uploads\/2022\/02\/Logo_GracePointe_Square_WhiteOverBlue-e1643949139219.jpg\",\"width\":400,\"height\":400,\"caption\":\"Grace Pointe Church\"},\"image\":{\"@id\":\"https:\/\/gracepointestcloud.com\/#\/schema\/logo\/image\/\"},\"sameAs\":[\"https:\/\/www.facebook.com\/gracepointechurchstcloud\",\"https:\/\/www.linkedin.com\/company\/gracepointechurchstcloud\",\"https:\/\/www.youtube.com\/gracepointechurchstcloud\"]}]}<\/script>\n<!-- \/ Yoast SEO plugin. -->","yoast_head_json":{"title":"Location & Times | Grace Pointe Church, Saint Cloud, Fl","robots":{"index":"index","follow":"follow","max-snippet":"max-snippet:-1","max-image-preview":"max-image-preview:large","max-video-preview":"max-video-preview:-1"},"canonical":"https:\/\/gracepointestcloud.com\/es\/ubicacion-horarios","og_locale":"es_ES","og_type":"article","og_title":"Location & Times | Grace Pointe Church, Saint Cloud, Fl","og_description":"Sundays at 10:00 am 29 East 13th StreetSaint Cloud, FL 34769 (407) 426-4946 Fint out what to expect on Sunday here&#8230;","og_url":"https:\/\/gracepointestcloud.com\/es\/ubicacion-horarios","og_site_name":"Grace Pointe Church, Saint Cloud, Fl","article_publisher":"https:\/\/www.facebook.com\/gracepointechurchstcloud","article_modified_time":"2023-01-16T00:59:05+00:00","og_image":[{"url":"https:\/\/gracepointestcloud.com\/wp-content\/uploads\/2022\/01\/YouAreInvited.png"}],"twitter_card":"summary_large_image","twitter_misc":{"Tiempo de lectura":"1 minuto"},"schema":{"@context":"https:\/\/schema.org","@graph":[{"@type":"WebPage","@id":"https:\/\/gracepointestcloud.com\/location-times","url":"https:\/\/gracepointestcloud.com\/location-times","name":"Location & Times | Grace Pointe Church, Saint Cloud, Fl","isPartOf":{"@id":"https:\/\/gracepointestcloud.com\/#website"},"primaryImageOfPage":{"@id":"https:\/\/gracepointestcloud.com\/location-times#primaryimage"},"image":{"@id":"https:\/\/gracepointestcloud.com\/location-times#primaryimage"},"thumbnailUrl":"https:\/\/gracepointestcloud.com\/wp-content\/uploads\/2022\/01\/YouAreInvited.png","datePublished":"2021-11-23T04:03:07+00:00","dateModified":"2023-01-16T00:59:05+00:00","breadcrumb":{"@id":"https:\/\/gracepointestcloud.com\/location-times#breadcrumb"},"inLanguage":"es","potentialAction":[{"@type":"ReadAction","target":["https:\/\/gracepointestcloud.com\/location-times"]}]},{"@type":"ImageObject","inLanguage":"es","@id":"https:\/\/gracepointestcloud.com\/location-times#primaryimage","url":"https:\/\/gracepointestcloud.com\/wp-content\/uploads\/2022\/01\/YouAreInvited.png","contentUrl":"https:\/\/gracepointestcloud.com\/wp-content\/uploads\/2022\/01\/YouAreInvited.png"},{"@type":"BreadcrumbList","@id":"https:\/\/gracepointestcloud.com\/location-times#breadcrumb","itemListElement":[{"@type":"ListItem","position":1,"name":"Home","item":"https:\/\/gracepointestcloud.com\/"},{"@type":"ListItem","position":2,"name":"Location &#038; Times"}]},{"@type":"WebSite","@id":"https:\/\/gracepointestcloud.com\/#website","url":"https:\/\/gracepointestcloud.com\/","name":"Grace Pointe Church, Saint Cloud, Fl","description":"Making more and better disciples of Jesus Christ, together.","publisher":{"@id":"https:\/\/gracepointestcloud.com\/#organization"},"potentialAction":[{"@type":"SearchAction","target":{"@type":"EntryPoint","urlTemplate":"https:\/\/gracepointestcloud.com\/?s={search_term_string}"},"query-input":{"@type":"PropertyValueSpecification","valueRequired":true,"valueName":"search_term_string"}}],"inLanguage":"es"},{"@type":"Organization","@id":"https:\/\/gracepointestcloud.com\/#organization","name":"Grace Pointe Church","url":"https:\/\/gracepointestcloud.com\/","logo":{"@type":"ImageObject","inLanguage":"es","@id":"https:\/\/gracepointestcloud.com\/#\/schema\/logo\/image\/","url":"https:\/\/gracepointestcloud.com\/wp-content\/uploads\/2022\/02\/Logo_GracePointe_Square_WhiteOverBlue-e1643949139219.jpg","contentUrl":"https:\/\/gracepointestcloud.com\/wp-content\/uploads\/2022\/02\/Logo_GracePointe_Square_WhiteOverBlue-e1643949139219.jpg","width":400,"height":400,"caption":"Grace Pointe Church"},"image":{"@id":"https:\/\/gracepointestcloud.com\/#\/schema\/logo\/image\/"},"sameAs":["https:\/\/www.facebook.com\/gracepointechurchstcloud","https:\/\/www.linkedin.com\/company\/gracepointechurchstcloud","https:\/\/www.youtube.com\/gracepointechurchstcloud"]}]}},"_links":{"self":[{"href":"https:\/\/gracepointestcloud.com\/es\/wp-json\/wp\/v2\/pages\/5048","targetHints":{"allow":["GET"]}}],"collection":[{"href":"https:\/\/gracepointestcloud.com\/es\/wp-json\/wp\/v2\/pages"}],"about":[{"href":"https:\/\/gracepointestcloud.com\/es\/wp-json\/wp\/v2\/types\/page"}],"author":[{"embeddable":true,"href":"https:\/\/gracepointestcloud.com\/es\/wp-json\/wp\/v2\/users\/1"}],"replies":[{"embeddable":true,"href":"https:\/\/gracepointestcloud.com\/es\/wp-json\/wp\/v2\/comments?post=5048"}],"version-history":[{"count":27,"href":"https:\/\/gracepointestcloud.com\/es\/wp-json\/wp\/v2\/pages\/5048\/revisions"}],"predecessor-version":[{"id":9107,"href":"https:\/\/gracepointestcloud.com\/es\/wp-json\/wp\/v2\/pages\/5048\/revisions\/9107"}],"wp:attachment":[{"href":"https:\/\/gracepointestcloud.com\/es\/wp-json\/wp\/v2\/media?parent=5048"}],"curies":[{"name":"wp","href":"https:\/\/api.w.org\/{rel}","templated":true}]}}