{"id":3390,"date":"2000-01-13T08:15:23","date_gmt":"2000-01-13T08:15:23","guid":{"rendered":"http:\/\/my-religion.cmsmasters.net\/?page_id=3390"},"modified":"2026-01-21T10:13:02","modified_gmt":"2026-01-21T15:13:02","slug":"what-to-expect","status":"publish","type":"page","link":"https:\/\/gracepointestcloud.com\/es\/que-esperar","title":{"rendered":"Qu\u00e9 esperar"},"content":{"rendered":"<style type=\"text\/css\"><\/style>\r\n<h2 class=\"wp-block-heading\" id=\"our-convictions-regarding-corporate-worship\">Nuestras convicciones sobre el culto corporativo...<\/h2>\r\n\r\n\r\n\r\n<p>El amor de Dios por la Iglesia es din\u00e1mico y personal, y nos transforma de personas preocupadas naturalmente por nosotros mismos en una comunidad de creyentes cristianos comprometidos a amar a los dem\u00e1s con el mismo amor que hemos recibido de Dios. Nos reunimos semanalmente para rendir a Dios un culto sincero. Juntos elevamos (<a href=\"https:\/\/www.biblegateway.com\/passage\/?search=Psalm+34:3&amp;version=ESV\"><em><strong>exalte<\/strong><\/em><\/a>) el nombre de Jes\u00fas y juntos disfrutar (<a href=\"https:\/\/www.biblegateway.com\/passage\/?search=Psalm+9:2&amp;version=ESV\"><em><strong>exultar<\/strong><\/em><\/a>) \u00c9l y Su presencia. Nuestro culto incluye cantos, m\u00fasica, oraci\u00f3n, comuni\u00f3n y predicaci\u00f3n expositiva basada expl\u00edcitamente en pasajes de la Biblia. Celebramos y articulamos la Buena Nueva de lo que Dios ha hecho a trav\u00e9s de Jesucristo-en la historia y en nuestras vidas.<\/p>\r\n\r\n\r\n\r\n<div class=\"wp-block-buttons is-horizontal is-content-justification-center is-layout-flex wp-container-core-buttons-is-layout-499968f5 wp-block-buttons-is-layout-flex\">\r\n<div class=\"wp-block-button\"><a class=\"wp-block-button__link has-color-2-color has-color-3-background-color has-text-color has-background wp-element-button\" href=\"\/es\/other-resources\/prepararse-para-el-culto\/\" rel=\"\"><span style=\"color:#ffffff\" class=\"tadv-color\">Aprenda a prepararse para el culto este DOMINGO<\/span><\/a><\/div>\r\n<\/div>\r\n\r\n\r\n\r\n<p><\/p>\r\n\r\n\r\n\r\n<h2 class=\"wp-block-heading\" id=\"our-convictions-regarding-preaching\"><br>Nuestro <meta charset=\"utf-8\">convicciones sobre la predicaci\u00f3n expositiva...<\/h2>\r\n\r\n\r\n\r\n<p><meta charset=\"utf-8\"><meta charset=\"utf-8\">Creemos que la pieza central del culto es la predicaci\u00f3n de la Palabra de Dios. Debido a que la Biblia es inerrante, podemos confiar en lo que dice y conocer la voluntad de Dios para nuestras vidas. Por lo tanto, cuando nos reunimos en el culto corporativo estamos sentados juntos bajo la autoridad de Dios mismo mientras nos habla de Su Palabra. Nuestras creencias sobre la Biblia nos llevan a aceptar <strong><a href=\"https:\/\/gracepointestcloud.com\/es\/predicacion-expositiva\/\">predicaci\u00f3n expositiva<\/a><\/strong> como el m\u00e9todo de predicaci\u00f3n m\u00e1s adecuado para permitir que Dios hable a trav\u00e9s del texto. Esto es lo que entendemos por \"predicaci\u00f3n expositiva\": <\/p>\r\n\r\n\r\n\r\n<blockquote class=\"wp-block-quote is-layout-flow wp-block-quote-is-layout-flow\">\r\n<p>La predicaci\u00f3n expositiva es el proceso de exponer un texto b\u00edblico de tal manera que el significado y el poder del Esp\u00edritu Santo se manifiesten en la vida de los oyentes contempor\u00e1neos. - Jim Shaddix<\/p>\r\n<\/blockquote>\r\n\r\n\r\n\r\n<p>Puede escuchar un serm\u00f3n de Grace Pointe a trav\u00e9s de nuestro podcast:<\/p>\r\n\r\n\r\n\r\n<iframe title=\"Sermones de Grace Pointe\" allowtransparency=\"true\" height=\"240\" width=\"95%\" style=\"border: 1px solid #000000; min-width: min(95%, 430px);height:240px; margin-left: 30px;\" scrolling=\"no\" data-name=\"pb-iframe-player\" src=\"https:\/\/www.podbean.com\/player-v2\/?i=i7iqz-106ac1e-pbblog-playlist&#038;share=1&#038;download=0&#038;rtl=0&#038;fonts=Arial&#038;skin=f6f6f6&#038;font-color=000000&#038;logo_link=episode_page&#038;order=episodic&#038;limit=10&#038;filter=all&#038;ss=a713390a017602015775e868a2cf26b0&#038;btn-skin=8bbb4e&#038;size=240\" loading=\"lazy\" allowfullscreen=\"\"><\/iframe>\r\n\r\n\r\n\r\n<p>Para saber m\u00e1s sobre la exposici\u00f3n y aprender a exponer las Escrituras por s\u00ed mismo, haga clic a continuaci\u00f3n.<\/p>\r\n\r\n\r\n\r\n<div class=\"wp-block-buttons is-horizontal is-content-justification-center is-layout-flex wp-container-core-buttons-is-layout-499968f5 wp-block-buttons-is-layout-flex\">\r\n<div class=\"wp-block-button\"><a class=\"wp-block-button__link has-color-2-color has-color-3-background-color has-text-color has-background wp-element-button\" href=\"https:\/\/gracepointestcloud.com\/es\/predicacion-expositiva\/\"><span style=\"color:#ffffff\" class=\"tadv-color\">Predicaci\u00f3n expositiva<\/span><\/a><\/div>\r\n<\/div>\r\n\r\n\r\n\r\n<h2 class=\"wp-block-heading\" id=\"our-convictions-regarding-the-importance-of-teaching-children\"><br>Nuestro <meta charset=\"utf-8\">convicciones sobre discipular a los ni\u00f1os...<\/h2>\r\n\r\n\r\n\r\n<p><a href=\"\/es\/ministerio-de-la-infancia\/\"><img decoding=\"async\" src=\"\/wp-content\/uploads\/2022\/01\/Logov2.jpg\" width=\"235\" style=\"float: right; margin-left: 10px; margin-bottom: 10px;\" border=\"0\"><\/a>Tomamos nuestra responsabilidad seriamente para apoyarle y co-discipular a sus hijos con usted, como usted comparte la oportunidad con nosotros. Nuestras clases de Grace Pointe Kids proporcionan ense\u00f1anza semanal en un ambiente seguro y protegido con voluntarios totalmente verificados y examinados. Aseguramos cada aula con un sistema de registro de entrada \/ salida que le permite registrar a sus hijos cada semana y recibir un boleto que puede utilizar para recogerlos despu\u00e9s del servicio. Por favor, visite el quiosco de bienvenida de Grace Pointe Kids cada semana para registrar a sus hijos antes de que comience el servicio.<\/p>\r\n\r\n\r\n\r\n<ul class=\"wp-block-list\">\r\n<li>Ni\u00f1os en&nbsp;<strong>grados K-5<\/strong>&nbsp;adoran con nosotros durante la primera mitad de nuestro servicio y luego pasar a nuestra \u00e1rea de ministerio de los ni\u00f1os a participar en clases de la Biblia dise\u00f1ado para su nivel de edad.<\/li>\r\n\r\n\r\n\r\n<li>Ni\u00f1os de&nbsp;<strong>desde reci\u00e9n nacidos hasta preescolar<\/strong>&nbsp;tienen un \u00e1rea separado en la que pasan todo el servicio siendo cuidados y ense\u00f1ados por nuestros l\u00edderes certificados. Puedes registrarlos desde las 9:40 de la ma\u00f1ana cada semana.<\/li>\r\n<\/ul>\r\n\r\n\r\n\r\n<p>Recuerde, todos los ni\u00f1os que asisten a nuestro ministerio Grace Pointe Kids deben registrarse para obtener su etiqueta con el nombre antes de que comience el servicio. Los estudiantes de secundaria se unen a nosotros para todo el servicio.<\/p>\r\n\r\n\r\n\r\n<div class=\"wp-block-buttons is-horizontal is-content-justification-center is-layout-flex wp-container-core-buttons-is-layout-499968f5 wp-block-buttons-is-layout-flex\">\r\n<div class=\"wp-block-button\"><a class=\"wp-block-button__link has-color-2-color has-color-3-background-color has-text-color has-background wp-element-button\" href=\"\/es\/ministerio-de-la-infancia\/\"><span style=\"color:#ffffff\" class=\"tadv-color\">M\u00e1s informaci\u00f3n sobre Grace Pointe Kids<\/span><\/a><\/div>\r\n<\/div>\r\n\r\n\r\n\r\n<p>&nbsp;<\/p>\r\n\r\n\r\n\r\n\r\n<h2 class=\"wp-block-heading\" id=\"when-and-where-are-the-worship-services\" style=\"margin-bottom:15px;\">\u00bfCu\u00e1ndo y d\u00f3nde se celebran los cultos?<\/h2>\r\n\r\n\r\n\r\n<p>Nos reunimos <b>Domingos a las 10:00 de la ma\u00f1ana<\/b> en <a href=\"https:\/\/www.google.com\/maps\/place\/Grace+Pointe+Church\/@28.2455052,-81.267432,15z\/data=!4m6!3m5!1s0x88dd8fdd57ff02a9:0x30d2b0736e43783c!8m2!3d28.2453851!4d-81.2674274!16s%2Fg%2F11fmf74wck?entry=ttu\">29 East 13th Street, Saint Cloud, Fl 34769<\/a>.<br>&nbsp;<\/p>\r\n\r\n\r\n\r\n\r\n<h2 class=\"wp-block-heading\" id=\"what-should-i-wear\" style=\"margin-bottom:15px;\">\u00bfQu\u00e9 me pongo?<\/h2>\r\n\r\n\r\n\r\n<p>En Florida, vamos informales. Los pantalones cortos y las chanclas son habituales. Ver\u00e1s a otros con vaqueros, pantalones de vestir, trajes y vestidos.<br>&nbsp;<\/p>\r\n\r\n\r\n\r\n\r\n<h2 class=\"wp-block-heading\" id=\"what-is-the-music-like\" style=\"margin-bottom:15px;\">\u00bfC\u00f3mo es la m\u00fasica?<\/h2>\r\n\r\n\r\n\r\n<p>Nuestra adoraci\u00f3n musical es t\u00edpicamente guitarra ac\u00fastica con otros vocalistas unirse a nuestro l\u00edder de adoraci\u00f3n. La selecci\u00f3n de m\u00fasica va desde himnos tradicionales a la m\u00fasica de adoraci\u00f3n m\u00e1s reciente que est\u00e1 centrada en Dios y que honra a Dios.<br>&nbsp;<\/p>\r\n\r\n\r\n\r\n\r\n<h2 class=\"wp-block-heading\" id=\"what-about-mid-week-gatherings\" style=\"margin-bottom:15px;\">\u00bfY las reuniones entre semana?<\/h2>\r\n\r\n\r\n\r\n<p>Tambi\u00e9n nos reunimos en encuentros m\u00e1s reducidos llamados <a href=\"https:\/\/gracepointestcloud.com\/es\/life-groups\/\">Grupos de Vida<\/a>. Estos grupos nos dan la oportunidad de aplicar lo que estamos aprendiendo de la Biblia mientras construimos relaciones aut\u00e9nticas y servimos juntos a los dem\u00e1s.<br>&nbsp;<\/p>","protected":false},"excerpt":{"rendered":"<p>Nuestras convicciones sobre el culto corporativo... El amor de Dios por la Iglesia es din\u00e1mico y personal, y nos transforma de personas preocupadas naturalmente por nosotros mismos en una comunidad de creyentes cristianos comprometidos a amar a los dem\u00e1s con el mismo amor que hemos recibido de Dios. Nos reunimos semanalmente para expresar una adoraci\u00f3n sincera a Dios....<\/p>","protected":false},"author":1,"featured_media":6265,"parent":0,"menu_order":0,"comment_status":"closed","ping_status":"closed","template":"","meta":{"footnotes":""},"class_list":["post-3390","page","type-page","status-publish","has-post-thumbnail","hentry"],"yoast_head":"<!-- This site is optimized with the Yoast SEO plugin v23.6 - https:\/\/yoast.com\/wordpress\/plugins\/seo\/ -->\n<title>What to Expect | Grace Pointe Church, Saint Cloud, Fl<\/title>\n<meta name=\"robots\" content=\"index, follow, max-snippet:-1, max-image-preview:large, max-video-preview:-1\" \/>\n<link rel=\"canonical\" href=\"https:\/\/gracepointestcloud.com\/es\/que-esperar\" \/>\n<meta property=\"og:locale\" content=\"es_ES\" \/>\n<meta property=\"og:type\" content=\"article\" \/>\n<meta property=\"og:title\" content=\"What to Expect | Grace Pointe Church, Saint Cloud, Fl\" \/>\n<meta property=\"og:description\" content=\"Our convictions about corporate worship&#8230; God&#8217;s love for the church is dynamic and personal, transforming us from people who are naturally preoccupied with ourselves into a community of Christian believers committed to loving others with the same love we have received from God. We gather on a weekly basis to express heartfelt worship to God....\" \/>\n<meta property=\"og:url\" content=\"https:\/\/gracepointestcloud.com\/es\/que-esperar\" \/>\n<meta property=\"og:site_name\" content=\"Grace Pointe Church, Saint Cloud, Fl\" \/>\n<meta property=\"article:publisher\" content=\"https:\/\/www.facebook.com\/gracepointechurchstcloud\" \/>\n<meta property=\"article:modified_time\" content=\"2026-01-21T15:13:02+00:00\" \/>\n<meta property=\"og:image\" content=\"https:\/\/gracepointestcloud.com\/wp-content\/uploads\/2022\/02\/Webheader_WhattoExpect-e1644426630364.jpeg\" \/>\n\t<meta property=\"og:image:width\" content=\"569\" \/>\n\t<meta property=\"og:image:height\" content=\"343\" \/>\n\t<meta property=\"og:image:type\" content=\"image\/jpeg\" \/>\n<meta name=\"twitter:card\" content=\"summary_large_image\" \/>\n<meta name=\"twitter:label1\" content=\"Tiempo de lectura\" \/>\n\t<meta name=\"twitter:data1\" content=\"3 minutos\" \/>\n<script type=\"application\/ld+json\" class=\"yoast-schema-graph\">{\"@context\":\"https:\/\/schema.org\",\"@graph\":[{\"@type\":\"WebPage\",\"@id\":\"https:\/\/gracepointestcloud.com\/what-to-expect\",\"url\":\"https:\/\/gracepointestcloud.com\/what-to-expect\",\"name\":\"What to Expect | Grace Pointe Church, Saint Cloud, Fl\",\"isPartOf\":{\"@id\":\"https:\/\/gracepointestcloud.com\/#website\"},\"primaryImageOfPage\":{\"@id\":\"https:\/\/gracepointestcloud.com\/what-to-expect#primaryimage\"},\"image\":{\"@id\":\"https:\/\/gracepointestcloud.com\/what-to-expect#primaryimage\"},\"thumbnailUrl\":\"https:\/\/gracepointestcloud.com\/wp-content\/uploads\/2022\/02\/Webheader_WhattoExpect-e1644426630364.jpeg\",\"datePublished\":\"2000-01-13T08:15:23+00:00\",\"dateModified\":\"2026-01-21T15:13:02+00:00\",\"breadcrumb\":{\"@id\":\"https:\/\/gracepointestcloud.com\/what-to-expect#breadcrumb\"},\"inLanguage\":\"es\",\"potentialAction\":[{\"@type\":\"ReadAction\",\"target\":[\"https:\/\/gracepointestcloud.com\/what-to-expect\"]}]},{\"@type\":\"ImageObject\",\"inLanguage\":\"es\",\"@id\":\"https:\/\/gracepointestcloud.com\/what-to-expect#primaryimage\",\"url\":\"https:\/\/gracepointestcloud.com\/wp-content\/uploads\/2022\/02\/Webheader_WhattoExpect-e1644426630364.jpeg\",\"contentUrl\":\"https:\/\/gracepointestcloud.com\/wp-content\/uploads\/2022\/02\/Webheader_WhattoExpect-e1644426630364.jpeg\",\"width\":569,\"height\":343},{\"@type\":\"BreadcrumbList\",\"@id\":\"https:\/\/gracepointestcloud.com\/what-to-expect#breadcrumb\",\"itemListElement\":[{\"@type\":\"ListItem\",\"position\":1,\"name\":\"Home\",\"item\":\"https:\/\/gracepointestcloud.com\/\"},{\"@type\":\"ListItem\",\"position\":2,\"name\":\"What to Expect\"}]},{\"@type\":\"WebSite\",\"@id\":\"https:\/\/gracepointestcloud.com\/#website\",\"url\":\"https:\/\/gracepointestcloud.com\/\",\"name\":\"Grace Pointe Church, Saint Cloud, Fl\",\"description\":\"Making more and better disciples of Jesus Christ, together.\",\"publisher\":{\"@id\":\"https:\/\/gracepointestcloud.com\/#organization\"},\"potentialAction\":[{\"@type\":\"SearchAction\",\"target\":{\"@type\":\"EntryPoint\",\"urlTemplate\":\"https:\/\/gracepointestcloud.com\/?s={search_term_string}\"},\"query-input\":{\"@type\":\"PropertyValueSpecification\",\"valueRequired\":true,\"valueName\":\"search_term_string\"}}],\"inLanguage\":\"es\"},{\"@type\":\"Organization\",\"@id\":\"https:\/\/gracepointestcloud.com\/#organization\",\"name\":\"Grace Pointe Church\",\"url\":\"https:\/\/gracepointestcloud.com\/\",\"logo\":{\"@type\":\"ImageObject\",\"inLanguage\":\"es\",\"@id\":\"https:\/\/gracepointestcloud.com\/#\/schema\/logo\/image\/\",\"url\":\"https:\/\/gracepointestcloud.com\/wp-content\/uploads\/2022\/02\/Logo_GracePointe_Square_WhiteOverBlue-e1643949139219.jpg\",\"contentUrl\":\"https:\/\/gracepointestcloud.com\/wp-content\/uploads\/2022\/02\/Logo_GracePointe_Square_WhiteOverBlue-e1643949139219.jpg\",\"width\":400,\"height\":400,\"caption\":\"Grace Pointe Church\"},\"image\":{\"@id\":\"https:\/\/gracepointestcloud.com\/#\/schema\/logo\/image\/\"},\"sameAs\":[\"https:\/\/www.facebook.com\/gracepointechurchstcloud\",\"https:\/\/www.linkedin.com\/company\/gracepointechurchstcloud\",\"https:\/\/www.youtube.com\/gracepointechurchstcloud\"]}]}<\/script>\n<!-- \/ Yoast SEO plugin. -->","yoast_head_json":{"title":"What to Expect | Grace Pointe Church, Saint Cloud, Fl","robots":{"index":"index","follow":"follow","max-snippet":"max-snippet:-1","max-image-preview":"max-image-preview:large","max-video-preview":"max-video-preview:-1"},"canonical":"https:\/\/gracepointestcloud.com\/es\/que-esperar","og_locale":"es_ES","og_type":"article","og_title":"What to Expect | Grace Pointe Church, Saint Cloud, Fl","og_description":"Our convictions about corporate worship&#8230; God&#8217;s love for the church is dynamic and personal, transforming us from people who are naturally preoccupied with ourselves into a community of Christian believers committed to loving others with the same love we have received from God. We gather on a weekly basis to express heartfelt worship to God....","og_url":"https:\/\/gracepointestcloud.com\/es\/que-esperar","og_site_name":"Grace Pointe Church, Saint Cloud, Fl","article_publisher":"https:\/\/www.facebook.com\/gracepointechurchstcloud","article_modified_time":"2026-01-21T15:13:02+00:00","og_image":[{"width":569,"height":343,"url":"https:\/\/gracepointestcloud.com\/wp-content\/uploads\/2022\/02\/Webheader_WhattoExpect-e1644426630364.jpeg","type":"image\/jpeg"}],"twitter_card":"summary_large_image","twitter_misc":{"Tiempo de lectura":"3 minutos"},"schema":{"@context":"https:\/\/schema.org","@graph":[{"@type":"WebPage","@id":"https:\/\/gracepointestcloud.com\/what-to-expect","url":"https:\/\/gracepointestcloud.com\/what-to-expect","name":"What to Expect | Grace Pointe Church, Saint Cloud, Fl","isPartOf":{"@id":"https:\/\/gracepointestcloud.com\/#website"},"primaryImageOfPage":{"@id":"https:\/\/gracepointestcloud.com\/what-to-expect#primaryimage"},"image":{"@id":"https:\/\/gracepointestcloud.com\/what-to-expect#primaryimage"},"thumbnailUrl":"https:\/\/gracepointestcloud.com\/wp-content\/uploads\/2022\/02\/Webheader_WhattoExpect-e1644426630364.jpeg","datePublished":"2000-01-13T08:15:23+00:00","dateModified":"2026-01-21T15:13:02+00:00","breadcrumb":{"@id":"https:\/\/gracepointestcloud.com\/what-to-expect#breadcrumb"},"inLanguage":"es","potentialAction":[{"@type":"ReadAction","target":["https:\/\/gracepointestcloud.com\/what-to-expect"]}]},{"@type":"ImageObject","inLanguage":"es","@id":"https:\/\/gracepointestcloud.com\/what-to-expect#primaryimage","url":"https:\/\/gracepointestcloud.com\/wp-content\/uploads\/2022\/02\/Webheader_WhattoExpect-e1644426630364.jpeg","contentUrl":"https:\/\/gracepointestcloud.com\/wp-content\/uploads\/2022\/02\/Webheader_WhattoExpect-e1644426630364.jpeg","width":569,"height":343},{"@type":"BreadcrumbList","@id":"https:\/\/gracepointestcloud.com\/what-to-expect#breadcrumb","itemListElement":[{"@type":"ListItem","position":1,"name":"Home","item":"https:\/\/gracepointestcloud.com\/"},{"@type":"ListItem","position":2,"name":"What to Expect"}]},{"@type":"WebSite","@id":"https:\/\/gracepointestcloud.com\/#website","url":"https:\/\/gracepointestcloud.com\/","name":"Grace Pointe Church, Saint Cloud, Fl","description":"Making more and better disciples of Jesus Christ, together.","publisher":{"@id":"https:\/\/gracepointestcloud.com\/#organization"},"potentialAction":[{"@type":"SearchAction","target":{"@type":"EntryPoint","urlTemplate":"https:\/\/gracepointestcloud.com\/?s={search_term_string}"},"query-input":{"@type":"PropertyValueSpecification","valueRequired":true,"valueName":"search_term_string"}}],"inLanguage":"es"},{"@type":"Organization","@id":"https:\/\/gracepointestcloud.com\/#organization","name":"Grace Pointe Church","url":"https:\/\/gracepointestcloud.com\/","logo":{"@type":"ImageObject","inLanguage":"es","@id":"https:\/\/gracepointestcloud.com\/#\/schema\/logo\/image\/","url":"https:\/\/gracepointestcloud.com\/wp-content\/uploads\/2022\/02\/Logo_GracePointe_Square_WhiteOverBlue-e1643949139219.jpg","contentUrl":"https:\/\/gracepointestcloud.com\/wp-content\/uploads\/2022\/02\/Logo_GracePointe_Square_WhiteOverBlue-e1643949139219.jpg","width":400,"height":400,"caption":"Grace Pointe Church"},"image":{"@id":"https:\/\/gracepointestcloud.com\/#\/schema\/logo\/image\/"},"sameAs":["https:\/\/www.facebook.com\/gracepointechurchstcloud","https:\/\/www.linkedin.com\/company\/gracepointechurchstcloud","https:\/\/www.youtube.com\/gracepointechurchstcloud"]}]}},"_links":{"self":[{"href":"https:\/\/gracepointestcloud.com\/es\/wp-json\/wp\/v2\/pages\/3390","targetHints":{"allow":["GET"]}}],"collection":[{"href":"https:\/\/gracepointestcloud.com\/es\/wp-json\/wp\/v2\/pages"}],"about":[{"href":"https:\/\/gracepointestcloud.com\/es\/wp-json\/wp\/v2\/types\/page"}],"author":[{"embeddable":true,"href":"https:\/\/gracepointestcloud.com\/es\/wp-json\/wp\/v2\/users\/1"}],"replies":[{"embeddable":true,"href":"https:\/\/gracepointestcloud.com\/es\/wp-json\/wp\/v2\/comments?post=3390"}],"version-history":[{"count":66,"href":"https:\/\/gracepointestcloud.com\/es\/wp-json\/wp\/v2\/pages\/3390\/revisions"}],"predecessor-version":[{"id":11406,"href":"https:\/\/gracepointestcloud.com\/es\/wp-json\/wp\/v2\/pages\/3390\/revisions\/11406"}],"wp:featuredmedia":[{"embeddable":true,"href":"https:\/\/gracepointestcloud.com\/es\/wp-json\/wp\/v2\/media\/6265"}],"wp:attachment":[{"href":"https:\/\/gracepointestcloud.com\/es\/wp-json\/wp\/v2\/media?parent=3390"}],"curies":[{"name":"wp","href":"https:\/\/api.w.org\/{rel}","templated":true}]}}