{"id":10203,"date":"2024-02-01T15:09:07","date_gmt":"2024-02-01T20:09:07","guid":{"rendered":"https:\/\/gracepointestcloud.com\/?page_id=10203"},"modified":"2024-08-27T10:11:29","modified_gmt":"2024-08-27T15:11:29","slug":"serve-at-grace-pointe","status":"publish","type":"page","link":"https:\/\/gracepointestcloud.com\/es\/servir-en-grace-pointe","title":{"rendered":"Servir en Grace Pointe"},"content":{"rendered":"<style type=\"text\/css\">.entry-title {word-break: normal !important;} \n#cmsmasters_row_69d0e591f376c7_47288440 .cmsmasters_row_outer_parent { \n\tpadding-top: 0px; \n} \n\n#cmsmasters_row_69d0e591f376c7_47288440 .cmsmasters_row_outer_parent { \n\tpadding-bottom: 0px; \n} \n\n#cmsmasters_row_69d0e591f376c7_47288440 .cmsmasters_row_inner.cmsmasters_row_fullwidth { \n\tpadding-left:0%; \n} \n#cmsmasters_row_69d0e591f376c7_47288440 .cmsmasters_row_inner.cmsmasters_row_fullwidth { \n\tpadding-right:0%; \n} \n \n\n#cmsmasters_fb_69d0e591f3b1c2_63148459 { \n\tpadding-top:40px; \n\tpadding-bottom:40px; \n\tbackground-color:#ffffff;\n} \n\n#cmsmasters_fb_69d0e591f3b1c2_63148459 .featured_block_inner { \n\twidth: 100%; \n\tpadding: ; \n\ttext-align: left; \n\tmargin:0 auto; \n} \n\n#cmsmasters_fb_69d0e591f3b1c2_63148459 .featured_block_text { \n\ttext-align: left; \n} \n\n \n#cmsmasters_heading_69d0e591f3c5a1_57183237 { \n\ttext-align:center; \n\tmargin-top:0px; \n\tmargin-bottom:20px; \n} \n\n#cmsmasters_heading_69d0e591f3c5a1_57183237 .cmsmasters_heading { \n\ttext-align:center; \n} \n\n#cmsmasters_heading_69d0e591f3c5a1_57183237 .cmsmasters_heading, #cmsmasters_heading_69d0e591f3c5a1_57183237 .cmsmasters_heading a { \n\tfont-family:'Montserrat'; \n\tfont-weight:normal; \n\tfont-style:italic; \n\tcolor:#000000;\n} \n\n#cmsmasters_heading_69d0e591f3c5a1_57183237 .cmsmasters_heading_divider { \n} \n\n \n#cmsmasters_heading_69d0e591f3cb43_50979986 { \n\ttext-align:center; \n\tmargin-top:0px; \n\tmargin-bottom:20px; \n} \n\n#cmsmasters_heading_69d0e591f3cb43_50979986 .cmsmasters_heading { \n\ttext-align:center; \n} \n\n#cmsmasters_heading_69d0e591f3cb43_50979986 .cmsmasters_heading, #cmsmasters_heading_69d0e591f3cb43_50979986 .cmsmasters_heading a { \n\tfont-family:'Montserrat'; \n\tfont-weight:bold; \n\tfont-style:normal; \n\tcolor:#000000;\n} \n\n#cmsmasters_heading_69d0e591f3cb43_50979986 .cmsmasters_heading_divider { \n} \n\n \n#cmsmasters_heading_69d0e591f3cf99_72887939 { \n\ttext-align:center; \n\tmargin-top:0px; \n\tmargin-bottom:20px; \n} \n\n#cmsmasters_heading_69d0e591f3cf99_72887939 .cmsmasters_heading { \n\ttext-align:center; \n} \n\n#cmsmasters_heading_69d0e591f3cf99_72887939 .cmsmasters_heading, #cmsmasters_heading_69d0e591f3cf99_72887939 .cmsmasters_heading a { \n\tfont-family:'Montserrat'; \n\tfont-weight:normal; \n\tfont-style:normal; \n\tcolor:#000000;\n} \n\n#cmsmasters_heading_69d0e591f3cf99_72887939 .cmsmasters_heading_divider { \n} \n\n \n\n#cmsmasters_fb_69d0e591f3f0a6_29384934 { \n\tpadding-top:40px; \n\tpadding-bottom:40px; \n\tbackground-color:#ffffff;\n} \n\n#cmsmasters_fb_69d0e591f3f0a6_29384934 .featured_block_inner { \n\twidth: 100%; \n\tpadding: ; \n\ttext-align: left; \n\tmargin:0 auto; \n} \n\n#cmsmasters_fb_69d0e591f3f0a6_29384934 .featured_block_text { \n\ttext-align: left; \n} \n\n \n#cmsmasters_heading_69d0e591f3fa01_43053040 { \n\ttext-align:center; \n\tmargin-top:0px; \n\tmargin-bottom:20px; \n} \n\n#cmsmasters_heading_69d0e591f3fa01_43053040 .cmsmasters_heading { \n\ttext-align:center; \n} \n\n#cmsmasters_heading_69d0e591f3fa01_43053040 .cmsmasters_heading, #cmsmasters_heading_69d0e591f3fa01_43053040 .cmsmasters_heading a { \n\tfont-family:'Montserrat'; \n\tfont-weight:normal; \n\tfont-style:italic; \n\tcolor:#000000;\n} \n\n#cmsmasters_heading_69d0e591f3fa01_43053040 .cmsmasters_heading_divider { \n} \n\n \n#cmsmasters_heading_69d0e591f3feb3_92984757 { \n\ttext-align:center; \n\tmargin-top:0px; \n\tmargin-bottom:20px; \n} \n\n#cmsmasters_heading_69d0e591f3feb3_92984757 .cmsmasters_heading { \n\ttext-align:center; \n} \n\n#cmsmasters_heading_69d0e591f3feb3_92984757 .cmsmasters_heading, #cmsmasters_heading_69d0e591f3feb3_92984757 .cmsmasters_heading a { \n\tfont-family:'Montserrat'; \n\tfont-weight:bold; \n\tfont-style:normal; \n\tcolor:#000000;\n} \n\n#cmsmasters_heading_69d0e591f3feb3_92984757 .cmsmasters_heading_divider { \n} \n\n \n#cmsmasters_heading_69d0e591f40308_03668307 { \n\ttext-align:center; \n\tmargin-top:0px; \n\tmargin-bottom:20px; \n} \n\n#cmsmasters_heading_69d0e591f40308_03668307 .cmsmasters_heading { \n\ttext-align:center; \n} \n\n#cmsmasters_heading_69d0e591f40308_03668307 .cmsmasters_heading, #cmsmasters_heading_69d0e591f40308_03668307 .cmsmasters_heading a { \n\tfont-family:'Montserrat'; \n\tfont-weight:normal; \n\tfont-style:normal; \n\tcolor:#000000;\n} \n\n#cmsmasters_heading_69d0e591f40308_03668307 .cmsmasters_heading_divider { \n} \n\n<\/style>\r\n<p><\/p>\r\n<div id=\"cmsmasters_row_69d0e591f376c7_47288440\" class=\"cmsmasters_row cmsmasters_color_scheme_default cmsmasters_row_top_default cmsmasters_row_bot_default cmsmasters_row_fullwidth\">\n<div class=\"cmsmasters_row_outer_parent\">\n<div class=\"cmsmasters_row_outer\">\n<div class=\"cmsmasters_row_inner cmsmasters_row_fullwidth cmsmasters_row_no_margin\">\n<div class=\"cmsmasters_row_margin cmsmasters_row_columns_behavior\">\n<div class=\"cmsmasters_column one_half\">\n<div id=\"cmsmasters_fb_69d0e591f3b1c2_63148459\" class=\"cmsmasters_featured_block\" data-animation=\"fadeIn\" data-delay=\"600\">\n<div class=\"featured_block_inner\">\n<div class=\"featured_block_text\">\n<div style=\"margin: 10px;\">\n\n<div id=\"cmsmasters_heading_69d0e591f3c5a1_57183237\" class=\"cmsmasters_heading_wrap cmsmasters_heading_align_center\">\n\t<h2 class=\"cmsmasters_heading\">\u00bfNo sabe c\u00f3mo servir?<\/h2>\n<\/div>\n<div id=\"cmsmasters_heading_69d0e591f3cb43_50979986\" class=\"cmsmasters_heading_wrap cmsmasters_heading_align_center\">\n\t<h2 class=\"cmsmasters_heading\">Podemos ayudarle.<\/h2>\n<\/div>\n<div id=\"cmsmasters_heading_69d0e591f3cf99_72887939\" class=\"cmsmasters_heading_wrap cmsmasters_heading_align_center\">\n\t<h4 class=\"cmsmasters_heading\">Si eres creyente y nunca has tomado una <strong>evaluaci\u00f3n de los dones espirituales<\/strong>Esta es la mejor manera de empezar. Una breve evaluaci\u00f3n puede ayudarle a darse cuenta de las maneras \u00fanicas en que Dios le ha dotado para servirle.<\/p>\n<div class=\"wp-block-button\" style=\"margin-top: 30px; text-align: center;\"><a class=\"wp-block-button__link has-text-align-center wp-element-button\" href=\"https:\/\/gifts.gracepointestcloud.com\/\" style=\"color: #ffffff; font-size: 20px; font-weight: bold;\">REALICE LA EVALUACI\u00d3N<\/a><\/div>\n<p><\/h4>\n<\/div>\n<\/div>\n<\/div>\n<\/div>\n<\/div>\n<\/div>\n<div class=\"cmsmasters_column one_half\">\n<div id=\"cmsmasters_fb_69d0e591f3f0a6_29384934\" class=\"cmsmasters_featured_block\" data-animation=\"fadeIn\" data-delay=\"900\">\n<div class=\"featured_block_inner\">\n<div class=\"featured_block_text\">\n<div style=\"margin: 10px;\">\n\n<div id=\"cmsmasters_heading_69d0e591f3fa01_43053040\" class=\"cmsmasters_heading_wrap cmsmasters_heading_align_center\">\n\t<h2 class=\"cmsmasters_heading\">\u00bfSabe ya d\u00f3nde le gustar\u00eda servir?<\/h2>\n<\/div>\n<div id=\"cmsmasters_heading_69d0e591f3feb3_92984757\" class=\"cmsmasters_heading_wrap cmsmasters_heading_align_center\">\n\t<h2 class=\"cmsmasters_heading\">Podemos enchufarte.<\/h2>\n<\/div>\n<div id=\"cmsmasters_heading_69d0e591f40308_03668307\" class=\"cmsmasters_heading_wrap cmsmasters_heading_align_center\">\n\t<h3 class=\"cmsmasters_heading\">Si ya tiene una idea de d\u00f3nde le gustar\u00eda prestar servicio, puede rellenar un sencillo formulario para inscribirse en el ministerio de su inter\u00e9s.<\/h3>\n<\/div>\n<div class=\"wp-block-button\" style=\"margin-top: 30px; text-align: center;\"><a class=\"wp-block-button__link has-text-align-center wp-element-button\" href=\"https:\/\/gracepointestcloud.churchcenter.com\/people\/forms\/337135?open-in-church-center-modal=true\" style=\"color: #ffffff; font-size: 20px; font-weight: bold;\">INSCR\u00cdBETE PARA SERVIR<\/a><\/div>\n<\/div>\n<\/div>\n<\/div>\n<\/div>\n<\/div>\n<\/div>\n<\/div>\n<\/div>\n<\/div>\n<\/div>","protected":false},"excerpt":{"rendered":"","protected":false},"author":1,"featured_media":0,"parent":0,"menu_order":0,"comment_status":"closed","ping_status":"closed","template":"","meta":{"footnotes":""},"class_list":["post-10203","page","type-page","status-publish","hentry"],"yoast_head":"<!-- This site is optimized with the Yoast SEO plugin v23.6 - https:\/\/yoast.com\/wordpress\/plugins\/seo\/ -->\n<title>Serve at Grace Pointe | Grace Pointe Church, Saint Cloud, Fl<\/title>\n<meta name=\"robots\" content=\"index, follow, max-snippet:-1, max-image-preview:large, max-video-preview:-1\" \/>\n<link rel=\"canonical\" href=\"https:\/\/gracepointestcloud.com\/es\/servir-en-grace-pointe\" \/>\n<meta property=\"og:locale\" content=\"es_ES\" \/>\n<meta property=\"og:type\" content=\"article\" \/>\n<meta property=\"og:title\" content=\"Serve at Grace Pointe | Grace Pointe Church, Saint Cloud, Fl\" \/>\n<meta property=\"og:url\" content=\"https:\/\/gracepointestcloud.com\/es\/servir-en-grace-pointe\" \/>\n<meta property=\"og:site_name\" content=\"Grace Pointe Church, Saint Cloud, Fl\" \/>\n<meta property=\"article:publisher\" content=\"https:\/\/www.facebook.com\/gracepointechurchstcloud\" \/>\n<meta property=\"article:modified_time\" content=\"2024-08-27T15:11:29+00:00\" \/>\n<meta property=\"og:image\" content=\"https:\/\/gracepointestcloud.com\/wp-content\/uploads\/2022\/02\/Logo_GracePointe_Square_WhiteOverBlue-e1643949139219.jpg\" \/>\n\t<meta property=\"og:image:width\" content=\"400\" \/>\n\t<meta property=\"og:image:height\" content=\"400\" \/>\n\t<meta property=\"og:image:type\" content=\"image\/jpeg\" \/>\n<meta name=\"twitter:card\" content=\"summary_large_image\" \/>\n<meta name=\"twitter:label1\" content=\"Tiempo de lectura\" \/>\n\t<meta name=\"twitter:data1\" content=\"2 minutos\" \/>\n<script type=\"application\/ld+json\" class=\"yoast-schema-graph\">{\"@context\":\"https:\/\/schema.org\",\"@graph\":[{\"@type\":\"WebPage\",\"@id\":\"https:\/\/gracepointestcloud.com\/serve-at-grace-pointe\",\"url\":\"https:\/\/gracepointestcloud.com\/serve-at-grace-pointe\",\"name\":\"Serve at Grace Pointe | Grace Pointe Church, Saint Cloud, Fl\",\"isPartOf\":{\"@id\":\"https:\/\/gracepointestcloud.com\/#website\"},\"datePublished\":\"2024-02-01T20:09:07+00:00\",\"dateModified\":\"2024-08-27T15:11:29+00:00\",\"breadcrumb\":{\"@id\":\"https:\/\/gracepointestcloud.com\/serve-at-grace-pointe#breadcrumb\"},\"inLanguage\":\"es\",\"potentialAction\":[{\"@type\":\"ReadAction\",\"target\":[\"https:\/\/gracepointestcloud.com\/serve-at-grace-pointe\"]}]},{\"@type\":\"BreadcrumbList\",\"@id\":\"https:\/\/gracepointestcloud.com\/serve-at-grace-pointe#breadcrumb\",\"itemListElement\":[{\"@type\":\"ListItem\",\"position\":1,\"name\":\"Home\",\"item\":\"https:\/\/gracepointestcloud.com\/\"},{\"@type\":\"ListItem\",\"position\":2,\"name\":\"Serve at Grace Pointe\"}]},{\"@type\":\"WebSite\",\"@id\":\"https:\/\/gracepointestcloud.com\/#website\",\"url\":\"https:\/\/gracepointestcloud.com\/\",\"name\":\"Grace Pointe Church, Saint Cloud, Fl\",\"description\":\"Making more and better disciples of Jesus Christ, together.\",\"publisher\":{\"@id\":\"https:\/\/gracepointestcloud.com\/#organization\"},\"potentialAction\":[{\"@type\":\"SearchAction\",\"target\":{\"@type\":\"EntryPoint\",\"urlTemplate\":\"https:\/\/gracepointestcloud.com\/?s={search_term_string}\"},\"query-input\":{\"@type\":\"PropertyValueSpecification\",\"valueRequired\":true,\"valueName\":\"search_term_string\"}}],\"inLanguage\":\"es\"},{\"@type\":\"Organization\",\"@id\":\"https:\/\/gracepointestcloud.com\/#organization\",\"name\":\"Grace Pointe Church\",\"url\":\"https:\/\/gracepointestcloud.com\/\",\"logo\":{\"@type\":\"ImageObject\",\"inLanguage\":\"es\",\"@id\":\"https:\/\/gracepointestcloud.com\/#\/schema\/logo\/image\/\",\"url\":\"https:\/\/gracepointestcloud.com\/wp-content\/uploads\/2022\/02\/Logo_GracePointe_Square_WhiteOverBlue-e1643949139219.jpg\",\"contentUrl\":\"https:\/\/gracepointestcloud.com\/wp-content\/uploads\/2022\/02\/Logo_GracePointe_Square_WhiteOverBlue-e1643949139219.jpg\",\"width\":400,\"height\":400,\"caption\":\"Grace Pointe Church\"},\"image\":{\"@id\":\"https:\/\/gracepointestcloud.com\/#\/schema\/logo\/image\/\"},\"sameAs\":[\"https:\/\/www.facebook.com\/gracepointechurchstcloud\",\"https:\/\/www.linkedin.com\/company\/gracepointechurchstcloud\",\"https:\/\/www.youtube.com\/gracepointechurchstcloud\"]}]}<\/script>\n<!-- \/ Yoast SEO plugin. -->","yoast_head_json":{"title":"Serve at Grace Pointe | Grace Pointe Church, Saint Cloud, Fl","robots":{"index":"index","follow":"follow","max-snippet":"max-snippet:-1","max-image-preview":"max-image-preview:large","max-video-preview":"max-video-preview:-1"},"canonical":"https:\/\/gracepointestcloud.com\/es\/servir-en-grace-pointe","og_locale":"es_ES","og_type":"article","og_title":"Serve at Grace Pointe | Grace Pointe Church, Saint Cloud, Fl","og_url":"https:\/\/gracepointestcloud.com\/es\/servir-en-grace-pointe","og_site_name":"Grace Pointe Church, Saint Cloud, Fl","article_publisher":"https:\/\/www.facebook.com\/gracepointechurchstcloud","article_modified_time":"2024-08-27T15:11:29+00:00","og_image":[{"width":400,"height":400,"url":"https:\/\/gracepointestcloud.com\/wp-content\/uploads\/2022\/02\/Logo_GracePointe_Square_WhiteOverBlue-e1643949139219.jpg","type":"image\/jpeg"}],"twitter_card":"summary_large_image","twitter_misc":{"Tiempo de lectura":"2 minutos"},"schema":{"@context":"https:\/\/schema.org","@graph":[{"@type":"WebPage","@id":"https:\/\/gracepointestcloud.com\/serve-at-grace-pointe","url":"https:\/\/gracepointestcloud.com\/serve-at-grace-pointe","name":"Serve at Grace Pointe | Grace Pointe Church, Saint Cloud, Fl","isPartOf":{"@id":"https:\/\/gracepointestcloud.com\/#website"},"datePublished":"2024-02-01T20:09:07+00:00","dateModified":"2024-08-27T15:11:29+00:00","breadcrumb":{"@id":"https:\/\/gracepointestcloud.com\/serve-at-grace-pointe#breadcrumb"},"inLanguage":"es","potentialAction":[{"@type":"ReadAction","target":["https:\/\/gracepointestcloud.com\/serve-at-grace-pointe"]}]},{"@type":"BreadcrumbList","@id":"https:\/\/gracepointestcloud.com\/serve-at-grace-pointe#breadcrumb","itemListElement":[{"@type":"ListItem","position":1,"name":"Home","item":"https:\/\/gracepointestcloud.com\/"},{"@type":"ListItem","position":2,"name":"Serve at Grace Pointe"}]},{"@type":"WebSite","@id":"https:\/\/gracepointestcloud.com\/#website","url":"https:\/\/gracepointestcloud.com\/","name":"Grace Pointe Church, Saint Cloud, Fl","description":"Making more and better disciples of Jesus Christ, together.","publisher":{"@id":"https:\/\/gracepointestcloud.com\/#organization"},"potentialAction":[{"@type":"SearchAction","target":{"@type":"EntryPoint","urlTemplate":"https:\/\/gracepointestcloud.com\/?s={search_term_string}"},"query-input":{"@type":"PropertyValueSpecification","valueRequired":true,"valueName":"search_term_string"}}],"inLanguage":"es"},{"@type":"Organization","@id":"https:\/\/gracepointestcloud.com\/#organization","name":"Grace Pointe Church","url":"https:\/\/gracepointestcloud.com\/","logo":{"@type":"ImageObject","inLanguage":"es","@id":"https:\/\/gracepointestcloud.com\/#\/schema\/logo\/image\/","url":"https:\/\/gracepointestcloud.com\/wp-content\/uploads\/2022\/02\/Logo_GracePointe_Square_WhiteOverBlue-e1643949139219.jpg","contentUrl":"https:\/\/gracepointestcloud.com\/wp-content\/uploads\/2022\/02\/Logo_GracePointe_Square_WhiteOverBlue-e1643949139219.jpg","width":400,"height":400,"caption":"Grace Pointe Church"},"image":{"@id":"https:\/\/gracepointestcloud.com\/#\/schema\/logo\/image\/"},"sameAs":["https:\/\/www.facebook.com\/gracepointechurchstcloud","https:\/\/www.linkedin.com\/company\/gracepointechurchstcloud","https:\/\/www.youtube.com\/gracepointechurchstcloud"]}]}},"_links":{"self":[{"href":"https:\/\/gracepointestcloud.com\/es\/wp-json\/wp\/v2\/pages\/10203","targetHints":{"allow":["GET"]}}],"collection":[{"href":"https:\/\/gracepointestcloud.com\/es\/wp-json\/wp\/v2\/pages"}],"about":[{"href":"https:\/\/gracepointestcloud.com\/es\/wp-json\/wp\/v2\/types\/page"}],"author":[{"embeddable":true,"href":"https:\/\/gracepointestcloud.com\/es\/wp-json\/wp\/v2\/users\/1"}],"replies":[{"embeddable":true,"href":"https:\/\/gracepointestcloud.com\/es\/wp-json\/wp\/v2\/comments?post=10203"}],"version-history":[{"count":77,"href":"https:\/\/gracepointestcloud.com\/es\/wp-json\/wp\/v2\/pages\/10203\/revisions"}],"predecessor-version":[{"id":10432,"href":"https:\/\/gracepointestcloud.com\/es\/wp-json\/wp\/v2\/pages\/10203\/revisions\/10432"}],"wp:attachment":[{"href":"https:\/\/gracepointestcloud.com\/es\/wp-json\/wp\/v2\/media?parent=10203"}],"curies":[{"name":"wp","href":"https:\/\/api.w.org\/{rel}","templated":true}]}}